{"id":2968,"date":"2020-06-21T08:37:51","date_gmt":"2020-06-21T06:37:51","guid":{"rendered":"https:\/\/www.batz.com\/?page_id=2968"},"modified":"2023-01-02T09:46:29","modified_gmt":"2023-01-02T08:46:29","slug":"mondragon-corporation","status":"publish","type":"page","link":"https:\/\/www.batz.com\/cs\/batz-group\/mondragon-corporation\/","title":{"rendered":"Mondragon Corporation"},"content":{"rendered":"<p>[et_pb_section fb_built=&#8220;1&#8243; module_class=&#8220;cabeceras&#8220; _builder_version=&#8220;3.22&#8243; background_image=&#8220;https:\/\/www.batz.com\/wp-content\/uploads\/2019\/01\/mondragon-header-bck.jpg&#8220; custom_margin=&#8220;0px|||&#8220; custom_padding=&#8220;0px|||&#8220;][et_pb_row _builder_version=&#8220;3.25&#8243; background_size=&#8220;initial&#8220; background_position=&#8220;top_left&#8220; background_repeat=&#8220;repeat&#8220;][et_pb_column type=&#8220;4_4&#8243; _builder_version=&#8220;3.25&#8243; custom_padding=&#8220;|||&#8220; custom_padding__hover=&#8220;|||&#8220;][et_pb_text admin_label=&#8220;Mondragon Corporation&#8220; _builder_version=&#8220;3.27.4&#8243;]<\/p>\n<h1>Mondragon<br \/>\nCorporation<\/h1>\n<p>[\/et_pb_text][\/et_pb_column][\/et_pb_row][\/et_pb_section][et_pb_section fb_built=&#8220;1&#8243; _builder_version=&#8220;3.22&#8243; custom_margin=&#8220;0px|||&#8220; custom_padding=&#8220;0px|||&#8220;][et_pb_row _builder_version=&#8220;3.25&#8243; custom_padding=&#8220;40px||40px|&#8220;][et_pb_column type=&#8220;4_4&#8243; _builder_version=&#8220;3.25&#8243; custom_padding=&#8220;|||&#8220; custom_padding__hover=&#8220;|||&#8220;][et_pb_text module_class=&#8220;page-intro&#8220; _builder_version=&#8220;3.27.4&#8243;]<\/p>\n<p>Jsme jedinou spole\u010dnost\u00ed  korporace MONDRAGON s \u010dinnost\u00ed v obou diviz\u00edch Automotive.<\/p>\n<p>[\/et_pb_text][\/et_pb_column][\/et_pb_row][et_pb_row column_structure=&#8220;1_2,1_2&#8243; use_custom_gutter=&#8220;on&#8220; gutter_width=&#8220;1&#8243; make_equal=&#8220;on&#8220; module_class=&#8220;mondragon-list&#8220; _builder_version=&#8220;3.25&#8243; background_color=&#8220;#7f7f7f&#8220; background_image=&#8220;https:\/\/www.batz.com\/wp-content\/uploads\/2019\/01\/mondragon-bck.jpg&#8220; custom_padding=&#8220;20px||150px|&#8220;][et_pb_column type=&#8220;1_2&#8243; _builder_version=&#8220;3.25&#8243; custom_padding=&#8220;|||&#8220; custom_padding__hover=&#8220;|||&#8220;][et_pb_text admin_label=&#8220;MASS PRODUCTION&#8220; module_class=&#8220;mass-production&#8220; _builder_version=&#8220;4.4.8&#8243; background_layout=&#8220;dark&#8220;]<\/p>\n<h2>S\u00c9RIOV\u00c1 V\u00ddROBA<\/h2>\n<ul>\n<li class=\"cuarenta izquierda\">Automobilov\u00e9 syst\u00e9my<\/li>\n<li class=\"izquierda\">Veden\u00ed tekutin a antivibrace<\/li>\n<li class=\"cuarenta izquierda\">Podvozky a hnac\u00ed stroje<\/li>\n<li class=\"izquierda\">Elektronica<\/li>\n<li class=\"clearfix\">Exteri\u00e9r a interi\u00e9r Barva a \u010daloun\u011bn\u00ed<\/li>\n<\/ul>\n<p>[\/et_pb_text][\/et_pb_column][et_pb_column type=&#8220;1_2&#8243; _builder_version=&#8220;3.25&#8243; custom_padding=&#8220;|||&#8220; custom_padding__hover=&#8220;|||&#8220;][et_pb_text admin_label=&#8220;MASS PRODUCTION&#8220; module_class=&#8220;tooling-equipment&#8220; _builder_version=&#8220;3.27.4&#8243; background_layout=&#8220;dark&#8220;]<\/p>\n<h2>TOOLING a VYBAVEN\u00cd<\/h2>\n<ul>\n<li>Raz\u00edc\u00ed formy<\/li>\n<li>Raz\u00edci stroje<\/li>\n<li>Sl\u00e9v\u00e1rensk\u00e9 stroje a n\u00e1\u0159ad\u00ed<\/li>\n<\/ul>\n<p>[\/et_pb_text][\/et_pb_column][\/et_pb_row][\/et_pb_section][et_pb_section fb_built=&#8220;1&#8243; module_class=&#8220;titulo&#8220; _builder_version=&#8220;3.22&#8243; background_color=&#8220;#d0d0d0&#8243; custom_margin=&#8220;||20px|&#8220;][et_pb_row _builder_version=&#8220;3.25&#8243;][et_pb_column type=&#8220;4_4&#8243; _builder_version=&#8220;3.25&#8243; custom_padding=&#8220;|||&#8220; custom_padding__hover=&#8220;|||&#8220;][et_pb_text admin_label=&#8220;MONDRAGON main figures&#8220; module_class=&#8220;titulo&#8220; _builder_version=&#8220;4.9.1&#8243; hover_enabled=&#8220;0&#8243; sticky_enabled=&#8220;0&#8243;]<\/p>\n<h2>MONDRAGON hlavn\u00ed \u00fadaje 2021<\/h2>\n<p>[\/et_pb_text][\/et_pb_column][\/et_pb_row][\/et_pb_section][et_pb_section fb_built=&#8220;1&#8243; _builder_version=&#8220;3.22&#8243; custom_margin=&#8220;0px|||&#8220; custom_padding=&#8220;0px|||&#8220;][et_pb_row column_structure=&#8220;1_2,1_2&#8243; _builder_version=&#8220;3.25&#8243; background_size=&#8220;initial&#8220; background_position=&#8220;top_left&#8220; background_repeat=&#8220;repeat&#8220;][et_pb_column type=&#8220;1_2&#8243; _builder_version=&#8220;3.25&#8243; custom_padding=&#8220;|||&#8220; custom_padding__hover=&#8220;|||&#8220;][et_pb_image src=&#8220;https:\/\/www.batz.com\/wp-content\/uploads\/2018\/09\/modragon-figures.jpg&#8220; align=&#8220;center&#8220; align_tablet=&#8220;center&#8220; align_phone=&#8220;&#8220; align_last_edited=&#8220;on|desktop&#8220; _builder_version=&#8220;3.23&#8243;][\/et_pb_image][\/et_pb_column][et_pb_column type=&#8220;1_2&#8243; _builder_version=&#8220;3.25&#8243; custom_padding=&#8220;|||&#8220; custom_padding__hover=&#8220;|||&#8220;][et_pb_text admin_label=&#8220;Figures&#8220; module_class=&#8220;figures&#8220; _builder_version=&#8220;4.9.1&#8243;]<\/p>\n<ul>\n<li>10. nejv\u011bt\u0161\u00ed \u0161pan\u011blsk\u00e1 spole\u010dnost.<\/li>\n<li>Oblasti p\u016fsoben\u00ed: finan\u010dn\u00ed, pr\u016fmyslov\u00e1, maloobchod a vzd\u011bl\u00e1n\u00ed.<\/li>\n<li>Celkov\u00fd po\u010det spole\u010dnost\u00ed: 264<\/li>\n<li>Celkov\u00e9 p\u0159\u00edjmy: 11.404 M\u20ac<\/li>\n<li>Celkov\u00e1 po\u010det zam\u011bstnanc\u016f: 80.821<\/li>\n<\/ul>\n<p>[\/et_pb_text][\/et_pb_column][\/et_pb_row][et_pb_row _builder_version=&#8220;3.25&#8243; background_size=&#8220;initial&#8220; background_position=&#8220;top_left&#8220; background_repeat=&#8220;repeat&#8220;][et_pb_column type=&#8220;4_4&#8243; _builder_version=&#8220;3.25&#8243; custom_padding=&#8220;|||&#8220; custom_padding__hover=&#8220;|||&#8220;][et_pb_code _builder_version=&#8220;3.19.3&#8243;]<iframe loading=\"lazy\" src=\"https:\/\/player.vimeo.com\/video\/187802604?title=0&#038;byline=0&#038;portrait=0\" width=\"1200\" height=\"450\" frameborder=\"0\" webkitallowfullscreen mozallowfullscreen allowfullscreen><\/iframe>[\/et_pb_code][\/et_pb_column][\/et_pb_row][\/et_pb_section]<\/p>\n","protected":false},"excerpt":{"rendered":"<p>[et_pb_section fb_built=&#8220;1&#8243; module_class=&#8220;cabeceras&#8220; _builder_version=&#8220;3.22&#8243; background_image=&#8220;https:\/\/www.batz.com\/wp-content\/uploads\/2019\/01\/mondragon-header-bck.jpg&#8220; custom_margin=&#8220;0px|||&#8220; custom_padding=&#8220;0px|||&#8220;][et_pb_row _builder_version=&#8220;3.25&#8243; background_size=&#8220;initial&#8220; background_position=&#8220;top_left&#8220; background_repeat=&#8220;repeat&#8220;][et_pb_column type=&#8220;4_4&#8243; _builder_version=&#8220;3.25&#8243; custom_padding=&#8220;|||&#8220; custom_padding__hover=&#8220;|||&#8220;][et_pb_text admin_label=&#8220;Mondragon Corporation&#8220; _builder_version=&#8220;3.27.4&#8243;] Mondragon Corporation [\/et_pb_text][\/et_pb_column][\/et_pb_row][\/et_pb_section][et_pb_section fb_built=&#8220;1&#8243; _builder_version=&#8220;3.22&#8243; custom_margin=&#8220;0px|||&#8220; custom_padding=&#8220;0px|||&#8220;][et_pb_row _builder_version=&#8220;3.25&#8243; custom_padding=&#8220;40px||40px|&#8220;][et_pb_column type=&#8220;4_4&#8243; _builder_version=&#8220;3.25&#8243; custom_padding=&#8220;|||&#8220; custom_padding__hover=&#8220;|||&#8220;][et_pb_text module_class=&#8220;page-intro&#8220; _builder_version=&#8220;3.27.4&#8243;] Jsme jedinou spole\u010dnost\u00ed korporace MONDRAGON s \u010dinnost\u00ed v obou diviz\u00edch Automotive. [\/et_pb_text][\/et_pb_column][\/et_pb_row][et_pb_row column_structure=&#8220;1_2,1_2&#8243; use_custom_gutter=&#8220;on&#8220; gutter_width=&#8220;1&#8243; make_equal=&#8220;on&#8220; module_class=&#8220;mondragon-list&#8220; _builder_version=&#8220;3.25&#8243; background_color=&#8220;#7f7f7f&#8220; background_image=&#8220;https:\/\/www.batz.com\/wp-content\/uploads\/2019\/01\/mondragon-bck.jpg&#8220; custom_padding=&#8220;20px||150px|&#8220;][et_pb_column type=&#8220;1_2&#8243; [&hellip;]<\/p>\n","protected":false},"author":1,"featured_media":0,"parent":3129,"menu_order":70,"comment_status":"closed","ping_status":"closed","template":"","meta":{"_et_pb_use_builder":"on","_et_pb_old_content":"[et_pb_section bb_built=\"1\" specialty=\"off\" next_background_color=\"#ffffff\" _builder_version=\"3.19.3\" background_image=\"https:\/\/www.batz.com\/wp-content\/uploads\/2019\/01\/mondragon-header-bck.jpg\" custom_margin=\"0px|||\" custom_padding=\"0px|||\" module_class=\"cabeceras\"][et_pb_row][et_pb_column type=\"4_4\"][et_pb_text admin_label=\"Mondragon Corporation\" _builder_version=\"3.19.3\"]\r\n\r\n<h1>Mondragon\r\nCorporation<\/h1>\r\n\r\n[\/et_pb_text][\/et_pb_column][\/et_pb_row][\/et_pb_section][et_pb_section bb_built=\"1\" next_background_color=\"#d0d0d0\" _builder_version=\"3.12.2\" custom_margin=\"0px|||\" custom_padding=\"0px|||\" prev_background_color=\"#000000\"][et_pb_row _builder_version=\"3.12.2\" custom_padding=\"40px||40px|\"][et_pb_column type=\"4_4\"][et_pb_text _builder_version=\"3.12.2\" module_class=\"page-intro\"]\r\n\r\n<p>\r\nWe are the only company within the industrial area of MONDRAGON with presence in both activity lines of its Automotive division.<\/p>\r\n\r\n[\/et_pb_text][\/et_pb_column][\/et_pb_row][et_pb_row _builder_version=\"3.19.3\" background_color=\"#7f7f7f\" background_image=\"https:\/\/www.batz.com\/wp-content\/uploads\/2019\/01\/mondragon-bck.jpg\" use_custom_gutter=\"on\" gutter_width=\"1\" make_equal=\"on\" custom_padding=\"20px||150px|\" module_class=\"mondragon-list\"][et_pb_column type=\"1_2\"][et_pb_text admin_label=\"MASS PRODUCTION\" _builder_version=\"3.19.3\" background_layout=\"dark\" module_class=\"mass-production\"]\r\n\r\n<h2>MASS PRODUCTION<\/h2>\r\n<ul>\r\n<li class=\"cuarenta izquierda\">Automotive Systems<\/li>\r\n<li class=\"izquierda\">Fluid conduction & Antivibration<\/li>\r\n<li class=\"cuarenta izquierda\">Chassis & Powertrain<\/li>\r\n<li class=\"izquierda\">Electronics<\/li>\r\n<li class=\"clearfix\">Exterior & interior Colour & trim<\/li>\r\n\r\n\r\n<\/ul>\r\n\r\n[\/et_pb_text][\/et_pb_column][et_pb_column type=\"1_2\"][et_pb_text admin_label=\"MASS PRODUCTION\" _builder_version=\"3.19.3\" background_layout=\"dark\" module_class=\"tooling-equipment\"]\r\n\r\n<h2>TOOLING AND EQUIPMENT<\/h2>\r\n<ul>\r\n<li>Stamping Dies<\/li>\r\n<li>Stamping Machinery<\/li>\r\n<li>Foundry machinery and Tooling<\/li>\r\n<\/ul>\r\n\r\n[\/et_pb_text][\/et_pb_column][\/et_pb_row][\/et_pb_section][et_pb_section bb_built=\"1\" prev_background_color=\"#ffffff\" next_background_color=\"#ffffff\" _builder_version=\"3.12.2\" background_color=\"#d0d0d0\" module_class=\"titulo\" custom_margin=\"||20px|\"][et_pb_row _builder_version=\"3.12.2\" gutter_width=\"1\"][et_pb_column type=\"4_4\"][et_pb_text admin_label=\"MONDRAGON main figures\" _builder_version=\"3.19.3\" module_class=\"titulo\"]\r\n\r\n<h2>MONDRAGON main figures 2018<\/h2>\r\n\r\n[\/et_pb_text][\/et_pb_column][\/et_pb_row][\/et_pb_section][et_pb_section bb_built=\"1\" _builder_version=\"3.12.2\" custom_margin=\"0px|||\" custom_padding=\"0px|||\" prev_background_color=\"#d0d0d0\"][et_pb_row][et_pb_column type=\"1_2\"][et_pb_image _builder_version=\"3.12.2\" src=\"https:\/\/www.batz.com\/wp-content\/uploads\/2018\/09\/modragon-figures.jpg\" align=\"center\" \/][\/et_pb_column][et_pb_column type=\"1_2\"][et_pb_text admin_label=\"Figures\" _builder_version=\"3.19.3\" module_class=\"figures\"]\r\n\r\n<ul>\r\n<li>10th in the ranking of Spanish companies.<\/li>\r\n<li>Operating areas: Financial, industrial, retail and knowledge.<\/li>\r\n<li>Companies: 264<\/li>\r\n<li>Total revenue: 12.215 M\u20ac<\/li>\r\n<li>Total workforce: 81.837<\/li>\r\n<\/ul>\r\n\r\n[\/et_pb_text][\/et_pb_column][\/et_pb_row][et_pb_row][et_pb_column type=\"4_4\"][et_pb_code _builder_version=\"3.19.3\"]<iframe src=\"https:\/\/player.vimeo.com\/video\/187802604?title=0&byline=0&portrait=0\" width=\"1200\" height=\"450\" frameborder=\"0\" webkitallowfullscreen mozallowfullscreen allowfullscreen><\/iframe>[\/et_pb_code][\/et_pb_column][\/et_pb_row][\/et_pb_section]","_et_gb_content_width":"","inline_featured_image":false,"cybocfi_hide_featured_image":"","footnotes":""},"class_list":["post-2968","page","type-page","status-publish","hentry"],"yoast_head":"<!-- This site is optimized with the Yoast SEO plugin v27.3 - https:\/\/yoast.com\/product\/yoast-seo-wordpress\/ -->\n<title>Mondragon Corporation - Batz<\/title>\n<meta name=\"robots\" content=\"index, follow, max-snippet:-1, max-image-preview:large, max-video-preview:-1\" \/>\n<link rel=\"canonical\" href=\"https:\/\/www.batz.com\/cs\/batz-group\/mondragon-corporation\/\" \/>\n<meta property=\"og:locale\" content=\"cs_CZ\" \/>\n<meta property=\"og:type\" content=\"article\" \/>\n<meta property=\"og:title\" content=\"Mondragon Corporation - Batz\" \/>\n<meta property=\"og:description\" content=\"[et_pb_section fb_built=&#8220;1&#8243; module_class=&#8220;cabeceras&#8220; _builder_version=&#8220;3.22&#8243; background_image=&#8220;https:\/\/www.batz.com\/wp-content\/uploads\/2019\/01\/mondragon-header-bck.jpg&#8220; custom_margin=&#8220;0px|||&#8220; custom_padding=&#8220;0px|||&#8220;][et_pb_row _builder_version=&#8220;3.25&#8243; background_size=&#8220;initial&#8220; background_position=&#8220;top_left&#8220; background_repeat=&#8220;repeat&#8220;][et_pb_column type=&#8220;4_4&#8243; _builder_version=&#8220;3.25&#8243; custom_padding=&#8220;|||&#8220; custom_padding__hover=&#8220;|||&#8220;][et_pb_text admin_label=&#8220;Mondragon Corporation&#8220; _builder_version=&#8220;3.27.4&#8243;] Mondragon Corporation [\/et_pb_text][\/et_pb_column][\/et_pb_row][\/et_pb_section][et_pb_section fb_built=&#8220;1&#8243; _builder_version=&#8220;3.22&#8243; custom_margin=&#8220;0px|||&#8220; custom_padding=&#8220;0px|||&#8220;][et_pb_row _builder_version=&#8220;3.25&#8243; custom_padding=&#8220;40px||40px|&#8220;][et_pb_column type=&#8220;4_4&#8243; _builder_version=&#8220;3.25&#8243; custom_padding=&#8220;|||&#8220; custom_padding__hover=&#8220;|||&#8220;][et_pb_text module_class=&#8220;page-intro&#8220; _builder_version=&#8220;3.27.4&#8243;] Jsme jedinou spole\u010dnost\u00ed korporace MONDRAGON s \u010dinnost\u00ed v obou diviz\u00edch Automotive. [\/et_pb_text][\/et_pb_column][\/et_pb_row][et_pb_row column_structure=&#8220;1_2,1_2&#8243; use_custom_gutter=&#8220;on&#8220; gutter_width=&#8220;1&#8243; make_equal=&#8220;on&#8220; module_class=&#8220;mondragon-list&#8220; _builder_version=&#8220;3.25&#8243; background_color=&#8220;#7f7f7f&#8220; background_image=&#8220;https:\/\/www.batz.com\/wp-content\/uploads\/2019\/01\/mondragon-bck.jpg&#8220; custom_padding=&#8220;20px||150px|&#8220;][et_pb_column type=&#8220;1_2&#8243; [&hellip;]\" \/>\n<meta property=\"og:url\" content=\"https:\/\/www.batz.com\/cs\/batz-group\/mondragon-corporation\/\" \/>\n<meta property=\"og:site_name\" content=\"Batz\" \/>\n<meta property=\"article:modified_time\" content=\"2023-01-02T08:46:29+00:00\" \/>\n<meta name=\"twitter:card\" content=\"summary_large_image\" \/>\n<meta name=\"twitter:label1\" content=\"Odhadovan\u00e1 doba \u010dten\u00ed\" \/>\n\t<meta name=\"twitter:data1\" content=\"3 minuty\" \/>\n<script type=\"application\/ld+json\" class=\"yoast-schema-graph\">{\"@context\":\"https:\\\/\\\/schema.org\",\"@graph\":[{\"@type\":\"WebPage\",\"@id\":\"https:\\\/\\\/www.batz.com\\\/cs\\\/batz-group\\\/mondragon-corporation\\\/\",\"url\":\"https:\\\/\\\/www.batz.com\\\/cs\\\/batz-group\\\/mondragon-corporation\\\/\",\"name\":\"Mondragon Corporation - Batz\",\"isPartOf\":{\"@id\":\"https:\\\/\\\/www.batz.com\\\/cs\\\/#website\"},\"datePublished\":\"2020-06-21T06:37:51+00:00\",\"dateModified\":\"2023-01-02T08:46:29+00:00\",\"breadcrumb\":{\"@id\":\"https:\\\/\\\/www.batz.com\\\/cs\\\/batz-group\\\/mondragon-corporation\\\/#breadcrumb\"},\"inLanguage\":\"cs\",\"potentialAction\":[{\"@type\":\"ReadAction\",\"target\":[\"https:\\\/\\\/www.batz.com\\\/cs\\\/batz-group\\\/mondragon-corporation\\\/\"]}]},{\"@type\":\"BreadcrumbList\",\"@id\":\"https:\\\/\\\/www.batz.com\\\/cs\\\/batz-group\\\/mondragon-corporation\\\/#breadcrumb\",\"itemListElement\":[{\"@type\":\"ListItem\",\"position\":1,\"name\":\"Portada\",\"item\":\"https:\\\/\\\/www.batz.com\\\/cs\\\/\"},{\"@type\":\"ListItem\",\"position\":2,\"name\":\"Batz Group\",\"item\":\"https:\\\/\\\/www.batz.com\\\/cs\\\/batz-group\\\/\"},{\"@type\":\"ListItem\",\"position\":3,\"name\":\"Mondragon Corporation\"}]},{\"@type\":\"WebSite\",\"@id\":\"https:\\\/\\\/www.batz.com\\\/cs\\\/#website\",\"url\":\"https:\\\/\\\/www.batz.com\\\/cs\\\/\",\"name\":\"Batz\",\"description\":\"Meeting your challenges\",\"publisher\":{\"@id\":\"https:\\\/\\\/www.batz.com\\\/cs\\\/#organization\"},\"potentialAction\":[{\"@type\":\"SearchAction\",\"target\":{\"@type\":\"EntryPoint\",\"urlTemplate\":\"https:\\\/\\\/www.batz.com\\\/cs\\\/?s={search_term_string}\"},\"query-input\":{\"@type\":\"PropertyValueSpecification\",\"valueRequired\":true,\"valueName\":\"search_term_string\"}}],\"inLanguage\":\"cs\"},{\"@type\":\"Organization\",\"@id\":\"https:\\\/\\\/www.batz.com\\\/cs\\\/#organization\",\"name\":\"Batz\",\"url\":\"https:\\\/\\\/www.batz.com\\\/cs\\\/\",\"logo\":{\"@type\":\"ImageObject\",\"inLanguage\":\"cs\",\"@id\":\"https:\\\/\\\/www.batz.com\\\/cs\\\/#\\\/schema\\\/logo\\\/image\\\/\",\"url\":\"https:\\\/\\\/www.batz.com\\\/wp-content\\\/uploads\\\/2018\\\/08\\\/batz.png\",\"contentUrl\":\"https:\\\/\\\/www.batz.com\\\/wp-content\\\/uploads\\\/2018\\\/08\\\/batz.png\",\"width\":160,\"height\":44,\"caption\":\"Batz\"},\"image\":{\"@id\":\"https:\\\/\\\/www.batz.com\\\/cs\\\/#\\\/schema\\\/logo\\\/image\\\/\"},\"sameAs\":[\"https:\\\/\\\/www.linkedin.com\\\/company\\\/646339\\\/\"]}]}<\/script>\n<!-- \/ Yoast SEO plugin. -->","yoast_head_json":{"title":"Mondragon Corporation - Batz","robots":{"index":"index","follow":"follow","max-snippet":"max-snippet:-1","max-image-preview":"max-image-preview:large","max-video-preview":"max-video-preview:-1"},"canonical":"https:\/\/www.batz.com\/cs\/batz-group\/mondragon-corporation\/","og_locale":"cs_CZ","og_type":"article","og_title":"Mondragon Corporation - Batz","og_description":"[et_pb_section fb_built=&#8220;1&#8243; module_class=&#8220;cabeceras&#8220; _builder_version=&#8220;3.22&#8243; background_image=&#8220;https:\/\/www.batz.com\/wp-content\/uploads\/2019\/01\/mondragon-header-bck.jpg&#8220; custom_margin=&#8220;0px|||&#8220; custom_padding=&#8220;0px|||&#8220;][et_pb_row _builder_version=&#8220;3.25&#8243; background_size=&#8220;initial&#8220; background_position=&#8220;top_left&#8220; background_repeat=&#8220;repeat&#8220;][et_pb_column type=&#8220;4_4&#8243; _builder_version=&#8220;3.25&#8243; custom_padding=&#8220;|||&#8220; custom_padding__hover=&#8220;|||&#8220;][et_pb_text admin_label=&#8220;Mondragon Corporation&#8220; _builder_version=&#8220;3.27.4&#8243;] Mondragon Corporation [\/et_pb_text][\/et_pb_column][\/et_pb_row][\/et_pb_section][et_pb_section fb_built=&#8220;1&#8243; _builder_version=&#8220;3.22&#8243; custom_margin=&#8220;0px|||&#8220; custom_padding=&#8220;0px|||&#8220;][et_pb_row _builder_version=&#8220;3.25&#8243; custom_padding=&#8220;40px||40px|&#8220;][et_pb_column type=&#8220;4_4&#8243; _builder_version=&#8220;3.25&#8243; custom_padding=&#8220;|||&#8220; custom_padding__hover=&#8220;|||&#8220;][et_pb_text module_class=&#8220;page-intro&#8220; _builder_version=&#8220;3.27.4&#8243;] Jsme jedinou spole\u010dnost\u00ed korporace MONDRAGON s \u010dinnost\u00ed v obou diviz\u00edch Automotive. [\/et_pb_text][\/et_pb_column][\/et_pb_row][et_pb_row column_structure=&#8220;1_2,1_2&#8243; use_custom_gutter=&#8220;on&#8220; gutter_width=&#8220;1&#8243; make_equal=&#8220;on&#8220; module_class=&#8220;mondragon-list&#8220; _builder_version=&#8220;3.25&#8243; background_color=&#8220;#7f7f7f&#8220; background_image=&#8220;https:\/\/www.batz.com\/wp-content\/uploads\/2019\/01\/mondragon-bck.jpg&#8220; custom_padding=&#8220;20px||150px|&#8220;][et_pb_column type=&#8220;1_2&#8243; [&hellip;]","og_url":"https:\/\/www.batz.com\/cs\/batz-group\/mondragon-corporation\/","og_site_name":"Batz","article_modified_time":"2023-01-02T08:46:29+00:00","twitter_card":"summary_large_image","twitter_misc":{"Odhadovan\u00e1 doba \u010dten\u00ed":"3 minuty"},"schema":{"@context":"https:\/\/schema.org","@graph":[{"@type":"WebPage","@id":"https:\/\/www.batz.com\/cs\/batz-group\/mondragon-corporation\/","url":"https:\/\/www.batz.com\/cs\/batz-group\/mondragon-corporation\/","name":"Mondragon Corporation - Batz","isPartOf":{"@id":"https:\/\/www.batz.com\/cs\/#website"},"datePublished":"2020-06-21T06:37:51+00:00","dateModified":"2023-01-02T08:46:29+00:00","breadcrumb":{"@id":"https:\/\/www.batz.com\/cs\/batz-group\/mondragon-corporation\/#breadcrumb"},"inLanguage":"cs","potentialAction":[{"@type":"ReadAction","target":["https:\/\/www.batz.com\/cs\/batz-group\/mondragon-corporation\/"]}]},{"@type":"BreadcrumbList","@id":"https:\/\/www.batz.com\/cs\/batz-group\/mondragon-corporation\/#breadcrumb","itemListElement":[{"@type":"ListItem","position":1,"name":"Portada","item":"https:\/\/www.batz.com\/cs\/"},{"@type":"ListItem","position":2,"name":"Batz Group","item":"https:\/\/www.batz.com\/cs\/batz-group\/"},{"@type":"ListItem","position":3,"name":"Mondragon Corporation"}]},{"@type":"WebSite","@id":"https:\/\/www.batz.com\/cs\/#website","url":"https:\/\/www.batz.com\/cs\/","name":"Batz","description":"Meeting your challenges","publisher":{"@id":"https:\/\/www.batz.com\/cs\/#organization"},"potentialAction":[{"@type":"SearchAction","target":{"@type":"EntryPoint","urlTemplate":"https:\/\/www.batz.com\/cs\/?s={search_term_string}"},"query-input":{"@type":"PropertyValueSpecification","valueRequired":true,"valueName":"search_term_string"}}],"inLanguage":"cs"},{"@type":"Organization","@id":"https:\/\/www.batz.com\/cs\/#organization","name":"Batz","url":"https:\/\/www.batz.com\/cs\/","logo":{"@type":"ImageObject","inLanguage":"cs","@id":"https:\/\/www.batz.com\/cs\/#\/schema\/logo\/image\/","url":"https:\/\/www.batz.com\/wp-content\/uploads\/2018\/08\/batz.png","contentUrl":"https:\/\/www.batz.com\/wp-content\/uploads\/2018\/08\/batz.png","width":160,"height":44,"caption":"Batz"},"image":{"@id":"https:\/\/www.batz.com\/cs\/#\/schema\/logo\/image\/"},"sameAs":["https:\/\/www.linkedin.com\/company\/646339\/"]}]}},"_links":{"self":[{"href":"https:\/\/www.batz.com\/cs\/wp-json\/wp\/v2\/pages\/2968","targetHints":{"allow":["GET"]}}],"collection":[{"href":"https:\/\/www.batz.com\/cs\/wp-json\/wp\/v2\/pages"}],"about":[{"href":"https:\/\/www.batz.com\/cs\/wp-json\/wp\/v2\/types\/page"}],"author":[{"embeddable":true,"href":"https:\/\/www.batz.com\/cs\/wp-json\/wp\/v2\/users\/1"}],"replies":[{"embeddable":true,"href":"https:\/\/www.batz.com\/cs\/wp-json\/wp\/v2\/comments?post=2968"}],"version-history":[{"count":0,"href":"https:\/\/www.batz.com\/cs\/wp-json\/wp\/v2\/pages\/2968\/revisions"}],"up":[{"embeddable":true,"href":"https:\/\/www.batz.com\/cs\/wp-json\/wp\/v2\/pages\/3129"}],"wp:attachment":[{"href":"https:\/\/www.batz.com\/cs\/wp-json\/wp\/v2\/media?parent=2968"}],"curies":[{"name":"wp","href":"https:\/\/api.w.org\/{rel}","templated":true}]}}