{"id":3089,"date":"2020-06-22T11:00:18","date_gmt":"2020-06-22T09:00:18","guid":{"rendered":"https:\/\/www.batz.com\/?page_id=3089"},"modified":"2020-06-22T11:00:46","modified_gmt":"2020-06-22T09:00:46","slug":"other-activity","status":"publish","type":"page","link":"https:\/\/www.batz.com\/cs\/batz-expertise\/other-activity\/","title":{"rendered":"Other activity"},"content":{"rendered":"<p>[et_pb_section fb_built=&#8220;1&#8243; module_class=&#8220;cabeceras&#8220; _builder_version=&#8220;3.22&#8243; background_image=&#8220;https:\/\/www.batz.com\/wp-content\/uploads\/2019\/05\/other-activity-header.jpg&#8220; custom_margin=&#8220;0px|||&#8220; custom_padding=&#8220;0px|||&#8220; bb_built=&#8220;1&#8243; _i=&#8220;0&#8243; _address=&#8220;0&#8243;][et_pb_row _builder_version=&#8220;3.25&#8243; _i=&#8220;0&#8243; _address=&#8220;0.0&#8243;][et_pb_column type=&#8220;4_4&#8243; _builder_version=&#8220;3.25&#8243; custom_padding=&#8220;|||&#8220; _i=&#8220;0&#8243; _address=&#8220;0.0.0&#8243; custom_padding__hover=&#8220;|||&#8220;][et_pb_text admin_label=&#8220;Other activity&#8220; _builder_version=&#8220;3.27.4&#8243; _i=&#8220;0&#8243; _address=&#8220;0.0.0.0&#8243;]<\/p>\n<h1>Other activity<\/h1>\n<p>[\/et_pb_text][\/et_pb_column][\/et_pb_row][\/et_pb_section][et_pb_section fb_built=&#8220;1&#8243; _builder_version=&#8220;3.22&#8243; custom_margin=&#8220;0px|||&#8220; custom_padding=&#8220;0px|||&#8220; bb_built=&#8220;1&#8243; _i=&#8220;1&#8243; _address=&#8220;1&#8243;][et_pb_row module_class=&#8220;destacados&#8220; _builder_version=&#8220;3.25&#8243; _i=&#8220;0&#8243; _address=&#8220;1.0&#8243; column_structure=&#8220;1_2,1_2&#8243;][et_pb_column type=&#8220;1_2&#8243; _builder_version=&#8220;3.25&#8243; custom_padding=&#8220;|||&#8220; _i=&#8220;0&#8243; _address=&#8220;1.0.0&#8243; custom_padding__hover=&#8220;|||&#8220;][et_pb_image src=&#8220;https:\/\/www.batz.com\/wp-content\/uploads\/2018\/09\/other-aerospace.jpg&#8220; url=&#8220;https:\/\/www.batz.com\/batz-expertise\/other-activity\/aerospace\/&#8220; align_tablet=&#8220;center&#8220; align_last_edited=&#8220;on|desktop&#8220; _builder_version=&#8220;3.23&#8243; _i=&#8220;0&#8243; _address=&#8220;1.0.0.0&#8243;][\/et_pb_image][et_pb_text admin_label=&#8220;Aerospace&#8220; _builder_version=&#8220;3.27.4&#8243; _i=&#8220;1&#8243; _address=&#8220;1.0.0.1&#8243;]<a href=\"https:\/\/www.batz.com\/batz-expertise\/other-activity\/aerospace\/\"><strong>Aerospace<\/strong><\/a><br \/>\n[\/et_pb_text][\/et_pb_column][et_pb_column type=&#8220;1_2&#8243; _builder_version=&#8220;3.25&#8243; custom_padding=&#8220;|||&#8220; _i=&#8220;1&#8243; _address=&#8220;1.0.1&#8243; custom_padding__hover=&#8220;|||&#8220;][et_pb_image src=&#8220;https:\/\/www.batz.com\/wp-content\/uploads\/2018\/09\/renewable-energy.jpg&#8220; url=&#8220;https:\/\/www.batz.com\/batz-expertise\/other-activity\/renewable-energy\/&#8220; align_tablet=&#8220;center&#8220; align_last_edited=&#8220;on|desktop&#8220; disabled_on=&#8220;on|on|on&#8220; _builder_version=&#8220;3.23&#8243; disabled=&#8220;on&#8220; _i=&#8220;0&#8243; _address=&#8220;1.0.1.0&#8243;][\/et_pb_image][et_pb_text disabled_on=&#8220;on|on|on&#8220; admin_label=&#8220;Renewable energy&#8220; _builder_version=&#8220;3.27.4&#8243; disabled=&#8220;on&#8220; _i=&#8220;1&#8243; _address=&#8220;1.0.1.1&#8243;]<a href=\"https:\/\/www.batz.com\/batz-expertise\/other-activity\/renewable-energy\/\"><strong>Renewable energy<\/strong><\/a><br \/>\n[\/et_pb_text][\/et_pb_column][\/et_pb_row][\/et_pb_section]<\/p>\n","protected":false},"excerpt":{"rendered":"<p>[et_pb_section fb_built=&#8220;1&#8243; module_class=&#8220;cabeceras&#8220; _builder_version=&#8220;3.22&#8243; background_image=&#8220;https:\/\/www.batz.com\/wp-content\/uploads\/2019\/05\/other-activity-header.jpg&#8220; custom_margin=&#8220;0px|||&#8220; custom_padding=&#8220;0px|||&#8220; bb_built=&#8220;1&#8243; _i=&#8220;0&#8243; _address=&#8220;0&#8243;][et_pb_row _builder_version=&#8220;3.25&#8243; _i=&#8220;0&#8243; _address=&#8220;0.0&#8243;][et_pb_column type=&#8220;4_4&#8243; _builder_version=&#8220;3.25&#8243; custom_padding=&#8220;|||&#8220; _i=&#8220;0&#8243; _address=&#8220;0.0.0&#8243; custom_padding__hover=&#8220;|||&#8220;][et_pb_text admin_label=&#8220;Other activity&#8220; _builder_version=&#8220;3.27.4&#8243; _i=&#8220;0&#8243; _address=&#8220;0.0.0.0&#8243;] Other activity [\/et_pb_text][\/et_pb_column][\/et_pb_row][\/et_pb_section][et_pb_section fb_built=&#8220;1&#8243; _builder_version=&#8220;3.22&#8243; custom_margin=&#8220;0px|||&#8220; custom_padding=&#8220;0px|||&#8220; bb_built=&#8220;1&#8243; _i=&#8220;1&#8243; _address=&#8220;1&#8243;][et_pb_row module_class=&#8220;destacados&#8220; _builder_version=&#8220;3.25&#8243; _i=&#8220;0&#8243; _address=&#8220;1.0&#8243; column_structure=&#8220;1_2,1_2&#8243;][et_pb_column type=&#8220;1_2&#8243; _builder_version=&#8220;3.25&#8243; custom_padding=&#8220;|||&#8220; _i=&#8220;0&#8243; _address=&#8220;1.0.0&#8243; custom_padding__hover=&#8220;|||&#8220;][et_pb_image src=&#8220;https:\/\/www.batz.com\/wp-content\/uploads\/2018\/09\/other-aerospace.jpg&#8220; url=&#8220;https:\/\/www.batz.com\/batz-expertise\/other-activity\/aerospace\/&#8220; align_tablet=&#8220;center&#8220; align_last_edited=&#8220;on|desktop&#8220; _builder_version=&#8220;3.23&#8243; _i=&#8220;0&#8243; _address=&#8220;1.0.0.0&#8243;][\/et_pb_image][et_pb_text admin_label=&#8220;Aerospace&#8220; _builder_version=&#8220;3.27.4&#8243; _i=&#8220;1&#8243; [&hellip;]<\/p>\n","protected":false},"author":1,"featured_media":0,"parent":3082,"menu_order":20,"comment_status":"closed","ping_status":"closed","template":"","meta":{"_et_pb_use_builder":"on","_et_pb_old_content":"[et_pb_section bb_built=\"1\" specialty=\"off\" next_background_color=\"#ffffff\" _builder_version=\"3.19.3\" background_image=\"https:\/\/www.batz.com\/wp-content\/uploads\/2019\/05\/other-activity-header.jpg\" custom_margin=\"0px|||\" custom_padding=\"0px|||\" module_class=\"cabeceras\"][et_pb_row _builder_version=\"3.12.2\"][et_pb_column type=\"4_4\"][et_pb_text admin_label=\"Other activity\" _builder_version=\"3.12.2\"]\r\n\r\n<h1>Other activity<\/h1>\r\n\r\n[\/et_pb_text][\/et_pb_column][\/et_pb_row][\/et_pb_section][et_pb_section bb_built=\"1\" _builder_version=\"3.12.2\" custom_margin=\"0px|||\" custom_padding=\"0px|||\" prev_background_color=\"#000000\"][et_pb_row _builder_version=\"3.12.2\" module_class=\"destacados\"][et_pb_column type=\"1_2\"][et_pb_image _builder_version=\"3.12.2\" src=\"https:\/\/www.batz.com\/wp-content\/uploads\/2018\/09\/other-aerospace.jpg\" url=\"https:\/\/www.batz.com\/batz-expertise\/other-activity\/aerospace\/\" \/][et_pb_text admin_label=\"Aerospace\" _builder_version=\"3.12.2\"]\r\n\r\n<a href=\"https:\/\/www.batz.com\/batz-expertise\/other-activity\/aerospace\/\"><strong>Aerospace<\/strong><\/a>\r\n\r\n[\/et_pb_text][\/et_pb_column][et_pb_column type=\"1_2\"][et_pb_image _builder_version=\"3.12.2\" src=\"https:\/\/www.batz.com\/wp-content\/uploads\/2018\/09\/renewable-energy.jpg\" url=\"https:\/\/www.batz.com\/batz-expertise\/other-activity\/renewable-energy\/\" disabled_on=\"on|on|on\" disabled=\"on\" \/][et_pb_text admin_label=\"Renewable energy\" _builder_version=\"3.12.2\" disabled_on=\"on|on|on\" disabled=\"on\"]\r\n\r\n<a href=\"https:\/\/www.batz.com\/batz-expertise\/other-activity\/renewable-energy\/\"><strong>Renewable energy<\/strong><\/a>\r\n\r\n[\/et_pb_text][\/et_pb_column][\/et_pb_row][\/et_pb_section]","_et_gb_content_width":"","inline_featured_image":false,"cybocfi_hide_featured_image":"","footnotes":""},"class_list":["post-3089","page","type-page","status-publish","hentry"],"yoast_head":"<!-- This site is optimized with the Yoast SEO plugin v27.3 - https:\/\/yoast.com\/product\/yoast-seo-wordpress\/ -->\n<title>Other activity - Batz<\/title>\n<meta name=\"robots\" content=\"index, follow, max-snippet:-1, max-image-preview:large, max-video-preview:-1\" \/>\n<link rel=\"canonical\" href=\"https:\/\/www.batz.com\/cs\/batz-expertise\/other-activity\/\" \/>\n<meta property=\"og:locale\" content=\"cs_CZ\" \/>\n<meta property=\"og:type\" content=\"article\" \/>\n<meta property=\"og:title\" content=\"Other activity - Batz\" \/>\n<meta property=\"og:description\" content=\"[et_pb_section fb_built=&#8220;1&#8243; module_class=&#8220;cabeceras&#8220; _builder_version=&#8220;3.22&#8243; background_image=&#8220;https:\/\/www.batz.com\/wp-content\/uploads\/2019\/05\/other-activity-header.jpg&#8220; custom_margin=&#8220;0px|||&#8220; custom_padding=&#8220;0px|||&#8220; bb_built=&#8220;1&#8243; _i=&#8220;0&#8243; _address=&#8220;0&#8243;][et_pb_row _builder_version=&#8220;3.25&#8243; _i=&#8220;0&#8243; _address=&#8220;0.0&#8243;][et_pb_column type=&#8220;4_4&#8243; _builder_version=&#8220;3.25&#8243; custom_padding=&#8220;|||&#8220; _i=&#8220;0&#8243; _address=&#8220;0.0.0&#8243; custom_padding__hover=&#8220;|||&#8220;][et_pb_text admin_label=&#8220;Other activity&#8220; _builder_version=&#8220;3.27.4&#8243; _i=&#8220;0&#8243; _address=&#8220;0.0.0.0&#8243;] Other activity [\/et_pb_text][\/et_pb_column][\/et_pb_row][\/et_pb_section][et_pb_section fb_built=&#8220;1&#8243; _builder_version=&#8220;3.22&#8243; custom_margin=&#8220;0px|||&#8220; custom_padding=&#8220;0px|||&#8220; bb_built=&#8220;1&#8243; _i=&#8220;1&#8243; _address=&#8220;1&#8243;][et_pb_row module_class=&#8220;destacados&#8220; _builder_version=&#8220;3.25&#8243; _i=&#8220;0&#8243; _address=&#8220;1.0&#8243; column_structure=&#8220;1_2,1_2&#8243;][et_pb_column type=&#8220;1_2&#8243; _builder_version=&#8220;3.25&#8243; custom_padding=&#8220;|||&#8220; _i=&#8220;0&#8243; _address=&#8220;1.0.0&#8243; custom_padding__hover=&#8220;|||&#8220;][et_pb_image src=&#8220;https:\/\/www.batz.com\/wp-content\/uploads\/2018\/09\/other-aerospace.jpg&#8220; url=&#8220;https:\/\/www.batz.com\/batz-expertise\/other-activity\/aerospace\/&#8220; align_tablet=&#8220;center&#8220; align_last_edited=&#8220;on|desktop&#8220; _builder_version=&#8220;3.23&#8243; _i=&#8220;0&#8243; _address=&#8220;1.0.0.0&#8243;][\/et_pb_image][et_pb_text admin_label=&#8220;Aerospace&#8220; _builder_version=&#8220;3.27.4&#8243; _i=&#8220;1&#8243; [&hellip;]\" \/>\n<meta property=\"og:url\" content=\"https:\/\/www.batz.com\/cs\/batz-expertise\/other-activity\/\" \/>\n<meta property=\"og:site_name\" content=\"Batz\" \/>\n<meta property=\"article:modified_time\" content=\"2020-06-22T09:00:46+00:00\" \/>\n<meta name=\"twitter:card\" content=\"summary_large_image\" \/>\n<meta name=\"twitter:label1\" content=\"Odhadovan\u00e1 doba \u010dten\u00ed\" \/>\n\t<meta name=\"twitter:data1\" content=\"1 minuta\" \/>\n<script type=\"application\/ld+json\" class=\"yoast-schema-graph\">{\"@context\":\"https:\\\/\\\/schema.org\",\"@graph\":[{\"@type\":\"WebPage\",\"@id\":\"https:\\\/\\\/www.batz.com\\\/cs\\\/batz-expertise\\\/other-activity\\\/\",\"url\":\"https:\\\/\\\/www.batz.com\\\/cs\\\/batz-expertise\\\/other-activity\\\/\",\"name\":\"Other activity - Batz\",\"isPartOf\":{\"@id\":\"https:\\\/\\\/www.batz.com\\\/cs\\\/#website\"},\"datePublished\":\"2020-06-22T09:00:18+00:00\",\"dateModified\":\"2020-06-22T09:00:46+00:00\",\"breadcrumb\":{\"@id\":\"https:\\\/\\\/www.batz.com\\\/cs\\\/batz-expertise\\\/other-activity\\\/#breadcrumb\"},\"inLanguage\":\"cs\",\"potentialAction\":[{\"@type\":\"ReadAction\",\"target\":[\"https:\\\/\\\/www.batz.com\\\/cs\\\/batz-expertise\\\/other-activity\\\/\"]}]},{\"@type\":\"BreadcrumbList\",\"@id\":\"https:\\\/\\\/www.batz.com\\\/cs\\\/batz-expertise\\\/other-activity\\\/#breadcrumb\",\"itemListElement\":[{\"@type\":\"ListItem\",\"position\":1,\"name\":\"Portada\",\"item\":\"https:\\\/\\\/www.batz.com\\\/cs\\\/\"},{\"@type\":\"ListItem\",\"position\":2,\"name\":\"Batz Expertise\",\"item\":\"https:\\\/\\\/www.batz.com\\\/cs\\\/batz-expertise\\\/\"},{\"@type\":\"ListItem\",\"position\":3,\"name\":\"Other activity\"}]},{\"@type\":\"WebSite\",\"@id\":\"https:\\\/\\\/www.batz.com\\\/cs\\\/#website\",\"url\":\"https:\\\/\\\/www.batz.com\\\/cs\\\/\",\"name\":\"Batz\",\"description\":\"Meeting your challenges\",\"publisher\":{\"@id\":\"https:\\\/\\\/www.batz.com\\\/cs\\\/#organization\"},\"potentialAction\":[{\"@type\":\"SearchAction\",\"target\":{\"@type\":\"EntryPoint\",\"urlTemplate\":\"https:\\\/\\\/www.batz.com\\\/cs\\\/?s={search_term_string}\"},\"query-input\":{\"@type\":\"PropertyValueSpecification\",\"valueRequired\":true,\"valueName\":\"search_term_string\"}}],\"inLanguage\":\"cs\"},{\"@type\":\"Organization\",\"@id\":\"https:\\\/\\\/www.batz.com\\\/cs\\\/#organization\",\"name\":\"Batz\",\"url\":\"https:\\\/\\\/www.batz.com\\\/cs\\\/\",\"logo\":{\"@type\":\"ImageObject\",\"inLanguage\":\"cs\",\"@id\":\"https:\\\/\\\/www.batz.com\\\/cs\\\/#\\\/schema\\\/logo\\\/image\\\/\",\"url\":\"https:\\\/\\\/www.batz.com\\\/wp-content\\\/uploads\\\/2018\\\/08\\\/batz.png\",\"contentUrl\":\"https:\\\/\\\/www.batz.com\\\/wp-content\\\/uploads\\\/2018\\\/08\\\/batz.png\",\"width\":160,\"height\":44,\"caption\":\"Batz\"},\"image\":{\"@id\":\"https:\\\/\\\/www.batz.com\\\/cs\\\/#\\\/schema\\\/logo\\\/image\\\/\"},\"sameAs\":[\"https:\\\/\\\/www.linkedin.com\\\/company\\\/646339\\\/\"]}]}<\/script>\n<!-- \/ Yoast SEO plugin. -->","yoast_head_json":{"title":"Other activity - Batz","robots":{"index":"index","follow":"follow","max-snippet":"max-snippet:-1","max-image-preview":"max-image-preview:large","max-video-preview":"max-video-preview:-1"},"canonical":"https:\/\/www.batz.com\/cs\/batz-expertise\/other-activity\/","og_locale":"cs_CZ","og_type":"article","og_title":"Other activity - Batz","og_description":"[et_pb_section fb_built=&#8220;1&#8243; module_class=&#8220;cabeceras&#8220; _builder_version=&#8220;3.22&#8243; background_image=&#8220;https:\/\/www.batz.com\/wp-content\/uploads\/2019\/05\/other-activity-header.jpg&#8220; custom_margin=&#8220;0px|||&#8220; custom_padding=&#8220;0px|||&#8220; bb_built=&#8220;1&#8243; _i=&#8220;0&#8243; _address=&#8220;0&#8243;][et_pb_row _builder_version=&#8220;3.25&#8243; _i=&#8220;0&#8243; _address=&#8220;0.0&#8243;][et_pb_column type=&#8220;4_4&#8243; _builder_version=&#8220;3.25&#8243; custom_padding=&#8220;|||&#8220; _i=&#8220;0&#8243; _address=&#8220;0.0.0&#8243; custom_padding__hover=&#8220;|||&#8220;][et_pb_text admin_label=&#8220;Other activity&#8220; _builder_version=&#8220;3.27.4&#8243; _i=&#8220;0&#8243; _address=&#8220;0.0.0.0&#8243;] Other activity [\/et_pb_text][\/et_pb_column][\/et_pb_row][\/et_pb_section][et_pb_section fb_built=&#8220;1&#8243; _builder_version=&#8220;3.22&#8243; custom_margin=&#8220;0px|||&#8220; custom_padding=&#8220;0px|||&#8220; bb_built=&#8220;1&#8243; _i=&#8220;1&#8243; _address=&#8220;1&#8243;][et_pb_row module_class=&#8220;destacados&#8220; _builder_version=&#8220;3.25&#8243; _i=&#8220;0&#8243; _address=&#8220;1.0&#8243; column_structure=&#8220;1_2,1_2&#8243;][et_pb_column type=&#8220;1_2&#8243; _builder_version=&#8220;3.25&#8243; custom_padding=&#8220;|||&#8220; _i=&#8220;0&#8243; _address=&#8220;1.0.0&#8243; custom_padding__hover=&#8220;|||&#8220;][et_pb_image src=&#8220;https:\/\/www.batz.com\/wp-content\/uploads\/2018\/09\/other-aerospace.jpg&#8220; url=&#8220;https:\/\/www.batz.com\/batz-expertise\/other-activity\/aerospace\/&#8220; align_tablet=&#8220;center&#8220; align_last_edited=&#8220;on|desktop&#8220; _builder_version=&#8220;3.23&#8243; _i=&#8220;0&#8243; _address=&#8220;1.0.0.0&#8243;][\/et_pb_image][et_pb_text admin_label=&#8220;Aerospace&#8220; _builder_version=&#8220;3.27.4&#8243; _i=&#8220;1&#8243; [&hellip;]","og_url":"https:\/\/www.batz.com\/cs\/batz-expertise\/other-activity\/","og_site_name":"Batz","article_modified_time":"2020-06-22T09:00:46+00:00","twitter_card":"summary_large_image","twitter_misc":{"Odhadovan\u00e1 doba \u010dten\u00ed":"1 minuta"},"schema":{"@context":"https:\/\/schema.org","@graph":[{"@type":"WebPage","@id":"https:\/\/www.batz.com\/cs\/batz-expertise\/other-activity\/","url":"https:\/\/www.batz.com\/cs\/batz-expertise\/other-activity\/","name":"Other activity - Batz","isPartOf":{"@id":"https:\/\/www.batz.com\/cs\/#website"},"datePublished":"2020-06-22T09:00:18+00:00","dateModified":"2020-06-22T09:00:46+00:00","breadcrumb":{"@id":"https:\/\/www.batz.com\/cs\/batz-expertise\/other-activity\/#breadcrumb"},"inLanguage":"cs","potentialAction":[{"@type":"ReadAction","target":["https:\/\/www.batz.com\/cs\/batz-expertise\/other-activity\/"]}]},{"@type":"BreadcrumbList","@id":"https:\/\/www.batz.com\/cs\/batz-expertise\/other-activity\/#breadcrumb","itemListElement":[{"@type":"ListItem","position":1,"name":"Portada","item":"https:\/\/www.batz.com\/cs\/"},{"@type":"ListItem","position":2,"name":"Batz Expertise","item":"https:\/\/www.batz.com\/cs\/batz-expertise\/"},{"@type":"ListItem","position":3,"name":"Other activity"}]},{"@type":"WebSite","@id":"https:\/\/www.batz.com\/cs\/#website","url":"https:\/\/www.batz.com\/cs\/","name":"Batz","description":"Meeting your challenges","publisher":{"@id":"https:\/\/www.batz.com\/cs\/#organization"},"potentialAction":[{"@type":"SearchAction","target":{"@type":"EntryPoint","urlTemplate":"https:\/\/www.batz.com\/cs\/?s={search_term_string}"},"query-input":{"@type":"PropertyValueSpecification","valueRequired":true,"valueName":"search_term_string"}}],"inLanguage":"cs"},{"@type":"Organization","@id":"https:\/\/www.batz.com\/cs\/#organization","name":"Batz","url":"https:\/\/www.batz.com\/cs\/","logo":{"@type":"ImageObject","inLanguage":"cs","@id":"https:\/\/www.batz.com\/cs\/#\/schema\/logo\/image\/","url":"https:\/\/www.batz.com\/wp-content\/uploads\/2018\/08\/batz.png","contentUrl":"https:\/\/www.batz.com\/wp-content\/uploads\/2018\/08\/batz.png","width":160,"height":44,"caption":"Batz"},"image":{"@id":"https:\/\/www.batz.com\/cs\/#\/schema\/logo\/image\/"},"sameAs":["https:\/\/www.linkedin.com\/company\/646339\/"]}]}},"_links":{"self":[{"href":"https:\/\/www.batz.com\/cs\/wp-json\/wp\/v2\/pages\/3089","targetHints":{"allow":["GET"]}}],"collection":[{"href":"https:\/\/www.batz.com\/cs\/wp-json\/wp\/v2\/pages"}],"about":[{"href":"https:\/\/www.batz.com\/cs\/wp-json\/wp\/v2\/types\/page"}],"author":[{"embeddable":true,"href":"https:\/\/www.batz.com\/cs\/wp-json\/wp\/v2\/users\/1"}],"replies":[{"embeddable":true,"href":"https:\/\/www.batz.com\/cs\/wp-json\/wp\/v2\/comments?post=3089"}],"version-history":[{"count":0,"href":"https:\/\/www.batz.com\/cs\/wp-json\/wp\/v2\/pages\/3089\/revisions"}],"up":[{"embeddable":true,"href":"https:\/\/www.batz.com\/cs\/wp-json\/wp\/v2\/pages\/3082"}],"wp:attachment":[{"href":"https:\/\/www.batz.com\/cs\/wp-json\/wp\/v2\/media?parent=3089"}],"curies":[{"name":"wp","href":"https:\/\/api.w.org\/{rel}","templated":true}]}}