{"id":3129,"date":"2020-06-22T11:19:48","date_gmt":"2020-06-22T09:19:48","guid":{"rendered":"https:\/\/www.batz.com\/?page_id=3129"},"modified":"2020-06-22T13:16:09","modified_gmt":"2020-06-22T11:16:09","slug":"batz-group","status":"publish","type":"page","link":"https:\/\/www.batz.com\/cs\/batz-group\/","title":{"rendered":"Batz Group"},"content":{"rendered":"<p>[et_pb_section fb_built=&#8220;1&#8243; _builder_version=&#8220;3.22&#8243; custom_margin=&#8220;0px|||&#8220; custom_padding=&#8220;0px|||&#8220;][et_pb_row _builder_version=&#8220;3.25&#8243; custom_margin=&#8220;0px|||&#8220; custom_padding=&#8220;0px|||&#8220;][et_pb_column type=&#8220;4_4&#8243; _builder_version=&#8220;3.25&#8243; custom_padding=&#8220;|||&#8220; custom_padding__hover=&#8220;|||&#8220;][et_pb_code]\n\t\t\t<!-- START Group REVOLUTION SLIDER 6.4.3 --><p class=\"rs-p-wp-fix\"><\/p>\n\t\t\t<rs-module-wrap id=\"rev_slider_2_1_wrapper\" data-source=\"gallery\" style=\"background:transparent;padding:0;margin:0px auto;margin-top:0;margin-bottom:0;\">\n\t\t\t\t<rs-module id=\"rev_slider_2_1\" style=\"\" data-version=\"6.4.3\">\n\t\t\t\t\t<rs-slides>\n\t\t\t\t\t\t<rs-slide data-key=\"rs-2\" data-title=\"Slide\" data-anim=\"ms:600;\" data-in=\"o:0;\" data-out=\"a:false;\">\n\t\t\t\t\t\t\t<img decoding=\"async\" src=\"\/\/www.batz.com\/wp-content\/uploads\/2018\/08\/batz-group-header.jpg\" title=\"Batz Group\" class=\"rev-slidebg\" data-no-retina>\n<!--\n\t\t\t\t\t\t\t--><rs-layer\n\t\t\t\t\t\t\t\tid=\"slider-2-slide-2-layer-1\" \n\t\t\t\t\t\t\t\tdata-type=\"text\"\n\t\t\t\t\t\t\t\tdata-color=\"#002c5a\"\n\t\t\t\t\t\t\t\tdata-rsp_ch=\"on\"\n\t\t\t\t\t\t\t\tdata-xy=\"x:23px;y:75px;\"\n\t\t\t\t\t\t\t\tdata-text=\"s:24;l:32;fw:600;a:inherit;\"\n\t\t\t\t\t\t\t\tdata-frame_0=\"tp:600;\"\n\t\t\t\t\t\t\t\tdata-frame_1=\"tp:600;st:0;\"\n\t\t\t\t\t\t\t\tdata-frame_999=\"o:0;tp:600;st:w;sR:8700;\"\n\t\t\t\t\t\t\t\tstyle=\"z-index:5;font-family:Open Sans;\"\n\t\t\t\t\t\t\t>Meeting your challenges \n\t\t\t\t\t\t\t<\/rs-layer><!--\n\n\t\t\t\t\t\t\t--><rs-layer\n\t\t\t\t\t\t\t\tid=\"slider-2-slide-2-layer-2\" \n\t\t\t\t\t\t\t\tdata-type=\"text\"\n\t\t\t\t\t\t\t\tdata-color=\"#002c5a\"\n\t\t\t\t\t\t\t\tdata-rsp_ch=\"on\"\n\t\t\t\t\t\t\t\tdata-xy=\"x:21px;y:26px;\"\n\t\t\t\t\t\t\t\tdata-text=\"s:42;l:42;fw:700;a:inherit;\"\n\t\t\t\t\t\t\t\tdata-frame_0=\"tp:600;\"\n\t\t\t\t\t\t\t\tdata-frame_1=\"tp:600;st:0;\"\n\t\t\t\t\t\t\t\tdata-frame_999=\"o:0;tp:600;st:w;sR:8700;\"\n\t\t\t\t\t\t\t\tstyle=\"z-index:6;font-family:Source Sans Pro;\"\n\t\t\t\t\t\t\t>BATZ GROUP \n\t\t\t\t\t\t\t<\/rs-layer><!--\n-->\t\t\t\t\t\t<\/rs-slide>\n\t\t\t\t\t<\/rs-slides>\n\t\t\t\t<\/rs-module>\n\t\t\t\t<script type=\"text\/javascript\">\n\t\t\t\t\tsetREVStartSize({c: 'rev_slider_2_1',rl:[1240,1024,778,480],el:[],gw:[1240],gh:[550],type:'standard',justify:'',layout:'fullwidth',mh:\"0\"});\n\t\t\t\t\tvar\trevapi2,\n\t\t\t\t\t\ttpj;\n\t\t\t\t\tfunction revinit_revslider21() {\n\t\t\t\t\tjQuery(function() {\n\t\t\t\t\t\ttpj = jQuery;\n\t\t\t\t\t\trevapi2 = tpj(\"#rev_slider_2_1\");\n\t\t\t\t\t\tif(revapi2==undefined || revapi2.revolution == undefined){\n\t\t\t\t\t\t\trevslider_showDoubleJqueryError(\"rev_slider_2_1\");\n\t\t\t\t\t\t}else{\n\t\t\t\t\t\t\trevapi2.revolution({\n\t\t\t\t\t\t\t\tsliderLayout:\"fullwidth\",\n\t\t\t\t\t\t\t\tvisibilityLevels:\"1240,1024,778,480\",\n\t\t\t\t\t\t\t\tgridwidth:1240,\n\t\t\t\t\t\t\t\tgridheight:550,\n\t\t\t\t\t\t\t\tspinner:\"spinner0\",\n\t\t\t\t\t\t\t\tperspectiveType:\"local\",\n\t\t\t\t\t\t\t\tresponsiveLevels:\"1240,1024,778,480\",\n\t\t\t\t\t\t\t\tprogressBar:{disableProgressBar:true},\n\t\t\t\t\t\t\t\tnavigation: {\n\t\t\t\t\t\t\t\t\tonHoverStop:false\n\t\t\t\t\t\t\t\t},\n\t\t\t\t\t\t\t\tfallbacks: {\n\t\t\t\t\t\t\t\t\tallowHTML5AutoPlayOnAndroid:true\n\t\t\t\t\t\t\t\t},\n\t\t\t\t\t\t\t});\n\t\t\t\t\t\t}\n\t\t\t\t\t\t\n\t\t\t\t\t});\n\t\t\t\t\t} \/\/ End of RevInitScript\n\t\t\t\tvar once_revslider21 = false;\n\t\t\t\tif (document.readyState === \"loading\") {document.addEventListener('readystatechange',function() { if((document.readyState === \"interactive\" || document.readyState === \"complete\") && !once_revslider21 ) { once_revslider21 = true; revinit_revslider21();}});} else {once_revslider21 = true; revinit_revslider21();}\n\t\t\t\t<\/script>\n\t\t\t<\/rs-module-wrap>\n\t\t\t<!-- END REVOLUTION SLIDER -->\n[\/et_pb_code][\/et_pb_column][\/et_pb_row][et_pb_row module_class=&#8220;destacados batz-group&#8220; _builder_version=&#8220;3.25&#8243;][et_pb_column type=&#8220;4_4&#8243; _builder_version=&#8220;3.25&#8243; custom_padding=&#8220;|||&#8220; custom_padding__hover=&#8220;|||&#8220;][et_pb_text admin_label=&#8220;BATZ at a glance&#8220; _builder_version=&#8220;4.4.8&#8243; hover_enabled=&#8220;0&#8243;]<a href=\"https:\/\/www.batz.com\/cs\/batz-group\/batz-v-kostce\/\"><img decoding=\"async\" src=\"https:\/\/www.batz.com\/wp-content\/uploads\/2018\/09\/batz-glance-group.jpg\"><\/a><br \/>\n<a href=\"https:\/\/www.batz.com\/cs\/batz-group\/batz-v-kostce\/\"><strong>Kdo jsme<\/strong><\/a><br \/>\n[\/et_pb_text][et_pb_text admin_label=&#8220;Naturally global&#8220; _builder_version=&#8220;4.4.8&#8243; hover_enabled=&#8220;0&#8243;]<a href=\"https:\/\/www.batz.com\/cs\/batz-group\/prirozene-globalni\/\"><img decoding=\"async\" src=\"https:\/\/www.batz.com\/wp-content\/uploads\/2018\/08\/batz-group-naturally.jpg\" \/><\/a><br \/>\n<a href=\"https:\/\/www.batz.com\/cs\/batz-group\/prirozene-globalni\/\"><strong>Kde jsme<\/strong><\/a><br \/>\n[\/et_pb_text][et_pb_text admin_label=&#8220;Customers&#8220; _builder_version=&#8220;4.4.8&#8243; hover_enabled=&#8220;0&#8243;]<a href=\"https:\/\/www.batz.com\/cs\/batz-group\/zakaznici\/\"><img decoding=\"async\" src=\"https:\/\/www.batz.com\/wp-content\/uploads\/2018\/08\/batz-group-customers.jpg\" \/><\/a><br \/>\n<a href=\"https:\/\/www.batz.com\/cs\/batz-group\/zakaznici\/\"><strong>Klienti<\/strong><\/a><br \/>\n[\/et_pb_text][et_pb_text admin_label=&#8220;Innovation&#8220; _builder_version=&#8220;4.4.8&#8243; hover_enabled=&#8220;0&#8243;]<a href=\"https:\/\/www.batz.com\/cs\/batz-group\/inovace\/\"><img decoding=\"async\" src=\"https:\/\/www.batz.com\/wp-content\/uploads\/2018\/08\/batz-innovation-1.jpg\"><\/a><br \/>\n<a href=\"https:\/\/www.batz.com\/cs\/batz-group\/inovace\/\"><strong>Inovace<\/strong><\/a><br \/>\n[\/et_pb_text][et_pb_text admin_label=&#8220;Sustainable management&#8220; _builder_version=&#8220;4.4.8&#8243; hover_enabled=&#8220;0&#8243;]<a href=\"https:\/\/www.batz.com\/cs\/batz-group\/management-udrzitelnosti\/\"><img decoding=\"async\" src=\"https:\/\/www.batz.com\/wp-content\/uploads\/2018\/08\/sustainable.jpg\"><\/a><br \/>\n<a href=\"https:\/\/www.batz.com\/cs\/batz-group\/management-udrzitelnosti\/\"><strong>Udr\u017eitelnost<\/strong><\/a><br \/>\n[\/et_pb_text][\/et_pb_column][\/et_pb_row][\/et_pb_section]<\/p>\n","protected":false},"excerpt":{"rendered":"<p>[et_pb_section fb_built=&#8220;1&#8243; _builder_version=&#8220;3.22&#8243; custom_margin=&#8220;0px|||&#8220; custom_padding=&#8220;0px|||&#8220;][et_pb_row _builder_version=&#8220;3.25&#8243; custom_margin=&#8220;0px|||&#8220; custom_padding=&#8220;0px|||&#8220;][et_pb_column type=&#8220;4_4&#8243; _builder_version=&#8220;3.25&#8243; custom_padding=&#8220;|||&#8220; custom_padding__hover=&#8220;|||&#8220;][et_pb_code][\/et_pb_code][\/et_pb_column][\/et_pb_row][et_pb_row module_class=&#8220;destacados batz-group&#8220; _builder_version=&#8220;3.25&#8243;][et_pb_column type=&#8220;4_4&#8243; _builder_version=&#8220;3.25&#8243; custom_padding=&#8220;|||&#8220; custom_padding__hover=&#8220;|||&#8220;][et_pb_text admin_label=&#8220;BATZ at a glance&#8220; _builder_version=&#8220;4.4.8&#8243; hover_enabled=&#8220;0&#8243;] Kdo jsme [\/et_pb_text][et_pb_text admin_label=&#8220;Naturally global&#8220; _builder_version=&#8220;4.4.8&#8243; hover_enabled=&#8220;0&#8243;] Kde jsme [\/et_pb_text][et_pb_text admin_label=&#8220;Customers&#8220; _builder_version=&#8220;4.4.8&#8243; hover_enabled=&#8220;0&#8243;] Klienti [\/et_pb_text][et_pb_text admin_label=&#8220;Innovation&#8220; _builder_version=&#8220;4.4.8&#8243; hover_enabled=&#8220;0&#8243;] Inovace [\/et_pb_text][et_pb_text admin_label=&#8220;Sustainable management&#8220; _builder_version=&#8220;4.4.8&#8243; hover_enabled=&#8220;0&#8243;] Udr\u017eitelnost [\/et_pb_text][\/et_pb_column][\/et_pb_row][\/et_pb_section]<\/p>\n","protected":false},"author":1,"featured_media":0,"parent":0,"menu_order":10,"comment_status":"closed","ping_status":"closed","template":"","meta":{"_et_pb_use_builder":"on","_et_pb_old_content":"[et_pb_section bb_built=\"1\" _builder_version=\"3.12.2\" custom_margin=\"0px|||\" custom_padding=\"0px|||\"][et_pb_row _builder_version=\"3.12.2\" custom_margin=\"0px|||\" custom_padding=\"0px|||\"][et_pb_column type=\"4_4\"][et_pb_code _builder_version=\"3.12.2\"][rev_slider alias=\"group_es\"][\/et_pb_code][\/et_pb_column][\/et_pb_row][et_pb_row _builder_version=\"3.12.2\" module_class=\"destacados batz-group\"][et_pb_column type=\"4_4\"][et_pb_text admin_label=\"BATZ at a glance\" _builder_version=\"3.12.2\"]\r\n\r\n<a href=\"https:\/\/www.batz.com\/batz-group\/batz-at-a-glance\/\"><img src=\"https:\/\/www.batz.com\/wp-content\/uploads\/2018\/09\/batz-glance-group.jpg\"><\/a>\r\n<a href=\"https:\/\/www.batz.com\/batz-group\/batz-at-a-glance\/\"><strong>BATZ at a glance<\/strong><\/a>\r\n\r\n[\/et_pb_text][et_pb_text admin_label=\"Naturally global\" _builder_version=\"3.12.2\"]\r\n\r\n<a href=\"https:\/\/www.batz.com\/batz-group\/naturally-global\/\"><img src=\"https:\/\/www.batz.com\/wp-content\/uploads\/2018\/08\/batz-group-naturally.jpg\" \/><\/a>\r\n<a href=\"https:\/\/www.batz.com\/batz-group\/naturally-global\/\"><strong>Naturally global<\/strong><\/a>\r\n\r\n[\/et_pb_text][et_pb_text admin_label=\"Customers\" _builder_version=\"3.12.2\"]\r\n\r\n<a href=\"https:\/\/www.batz.com\/batz-group\/customers\/\"><img src=\"https:\/\/www.batz.com\/wp-content\/uploads\/2018\/08\/batz-group-customers.jpg\" \/><\/a>\r\n<a href=\"https:\/\/www.batz.com\/batz-group\/customers\/\"><strong>Customers<\/strong><\/a>\r\n\r\n[\/et_pb_text][et_pb_text admin_label=\"Innovation\" _builder_version=\"3.12.2\"]\r\n\r\n<a href=\"https:\/\/www.batz.com\/batz-group\/innovation\/\"><img src=\"https:\/\/www.batz.com\/wp-content\/uploads\/2018\/08\/batz-innovation-1.jpg\"><\/a>\r\n<a href=\"https:\/\/www.batz.com\/batz-group\/innovation\/\"><strong>Innovation<\/strong><\/a>\r\n\r\n[\/et_pb_text][et_pb_text admin_label=\"Sustainable management\" _builder_version=\"3.12.2\"]\r\n\r\n<a href=\"https:\/\/www.batz.com\/batz-group\/sustainable-management\/\"><img src=\"https:\/\/www.batz.com\/wp-content\/uploads\/2018\/08\/sustainable.jpg\"><\/a>\r\n<a href=\"https:\/\/www.batz.com\/batz-group\/sustainable-management\/\"><strong>Sustainable management<\/strong><\/a>\r\n\r\n[\/et_pb_text][\/et_pb_column][\/et_pb_row][\/et_pb_section]","_et_gb_content_width":"","inline_featured_image":false,"cybocfi_hide_featured_image":"","footnotes":""},"class_list":["post-3129","page","type-page","status-publish","hentry"],"yoast_head":"<!-- This site is optimized with the Yoast SEO plugin v26.6 - https:\/\/yoast.com\/wordpress\/plugins\/seo\/ -->\n<title>Batz Group - Batz<\/title>\n<meta name=\"robots\" content=\"index, follow, max-snippet:-1, max-image-preview:large, max-video-preview:-1\" \/>\n<link rel=\"canonical\" href=\"https:\/\/www.batz.com\/cs\/batz-group\/\" \/>\n<meta property=\"og:locale\" content=\"cs_CZ\" \/>\n<meta property=\"og:type\" content=\"article\" \/>\n<meta property=\"og:title\" content=\"Batz Group - Batz\" \/>\n<meta property=\"og:description\" content=\"[et_pb_section fb_built=&#8220;1&#8243; _builder_version=&#8220;3.22&#8243; custom_margin=&#8220;0px|||&#8220; custom_padding=&#8220;0px|||&#8220;][et_pb_row _builder_version=&#8220;3.25&#8243; custom_margin=&#8220;0px|||&#8220; custom_padding=&#8220;0px|||&#8220;][et_pb_column type=&#8220;4_4&#8243; _builder_version=&#8220;3.25&#8243; custom_padding=&#8220;|||&#8220; custom_padding__hover=&#8220;|||&#8220;][et_pb_code][\/et_pb_code][\/et_pb_column][\/et_pb_row][et_pb_row module_class=&#8220;destacados batz-group&#8220; _builder_version=&#8220;3.25&#8243;][et_pb_column type=&#8220;4_4&#8243; _builder_version=&#8220;3.25&#8243; custom_padding=&#8220;|||&#8220; custom_padding__hover=&#8220;|||&#8220;][et_pb_text admin_label=&#8220;BATZ at a glance&#8220; _builder_version=&#8220;4.4.8&#8243; hover_enabled=&#8220;0&#8243;] Kdo jsme [\/et_pb_text][et_pb_text admin_label=&#8220;Naturally global&#8220; _builder_version=&#8220;4.4.8&#8243; hover_enabled=&#8220;0&#8243;] Kde jsme [\/et_pb_text][et_pb_text admin_label=&#8220;Customers&#8220; _builder_version=&#8220;4.4.8&#8243; hover_enabled=&#8220;0&#8243;] Klienti [\/et_pb_text][et_pb_text admin_label=&#8220;Innovation&#8220; _builder_version=&#8220;4.4.8&#8243; hover_enabled=&#8220;0&#8243;] Inovace [\/et_pb_text][et_pb_text admin_label=&#8220;Sustainable management&#8220; _builder_version=&#8220;4.4.8&#8243; hover_enabled=&#8220;0&#8243;] Udr\u017eitelnost [\/et_pb_text][\/et_pb_column][\/et_pb_row][\/et_pb_section]\" \/>\n<meta property=\"og:url\" content=\"https:\/\/www.batz.com\/cs\/batz-group\/\" \/>\n<meta property=\"og:site_name\" content=\"Batz\" \/>\n<meta property=\"article:modified_time\" content=\"2020-06-22T11:16:09+00:00\" \/>\n<meta property=\"og:image\" content=\"https:\/\/www.batz.com\/wp-content\/uploads\/2018\/09\/batz-glance-group.jpg\" \/>\n<meta name=\"twitter:card\" content=\"summary_large_image\" \/>\n<meta name=\"twitter:label1\" content=\"Odhadovan\u00e1 doba \u010dten\u00ed\" \/>\n\t<meta name=\"twitter:data1\" content=\"1 minuta\" \/>\n<script type=\"application\/ld+json\" class=\"yoast-schema-graph\">{\"@context\":\"https:\/\/schema.org\",\"@graph\":[{\"@type\":\"WebPage\",\"@id\":\"https:\/\/www.batz.com\/cs\/batz-group\/\",\"url\":\"https:\/\/www.batz.com\/cs\/batz-group\/\",\"name\":\"Batz Group - Batz\",\"isPartOf\":{\"@id\":\"https:\/\/www.batz.com\/cs\/#website\"},\"primaryImageOfPage\":{\"@id\":\"https:\/\/www.batz.com\/cs\/batz-group\/#primaryimage\"},\"image\":{\"@id\":\"https:\/\/www.batz.com\/cs\/batz-group\/#primaryimage\"},\"thumbnailUrl\":\"https:\/\/www.batz.com\/wp-content\/uploads\/2018\/09\/batz-glance-group.jpg\",\"datePublished\":\"2020-06-22T09:19:48+00:00\",\"dateModified\":\"2020-06-22T11:16:09+00:00\",\"breadcrumb\":{\"@id\":\"https:\/\/www.batz.com\/cs\/batz-group\/#breadcrumb\"},\"inLanguage\":\"cs\",\"potentialAction\":[{\"@type\":\"ReadAction\",\"target\":[\"https:\/\/www.batz.com\/cs\/batz-group\/\"]}]},{\"@type\":\"ImageObject\",\"inLanguage\":\"cs\",\"@id\":\"https:\/\/www.batz.com\/cs\/batz-group\/#primaryimage\",\"url\":\"https:\/\/www.batz.com\/wp-content\/uploads\/2018\/09\/batz-glance-group.jpg\",\"contentUrl\":\"https:\/\/www.batz.com\/wp-content\/uploads\/2018\/09\/batz-glance-group.jpg\"},{\"@type\":\"BreadcrumbList\",\"@id\":\"https:\/\/www.batz.com\/cs\/batz-group\/#breadcrumb\",\"itemListElement\":[{\"@type\":\"ListItem\",\"position\":1,\"name\":\"Portada\",\"item\":\"https:\/\/www.batz.com\/cs\/\"},{\"@type\":\"ListItem\",\"position\":2,\"name\":\"Batz Group\"}]},{\"@type\":\"WebSite\",\"@id\":\"https:\/\/www.batz.com\/cs\/#website\",\"url\":\"https:\/\/www.batz.com\/cs\/\",\"name\":\"Batz\",\"description\":\"Meeting your challenges\",\"publisher\":{\"@id\":\"https:\/\/www.batz.com\/cs\/#organization\"},\"potentialAction\":[{\"@type\":\"SearchAction\",\"target\":{\"@type\":\"EntryPoint\",\"urlTemplate\":\"https:\/\/www.batz.com\/cs\/?s={search_term_string}\"},\"query-input\":{\"@type\":\"PropertyValueSpecification\",\"valueRequired\":true,\"valueName\":\"search_term_string\"}}],\"inLanguage\":\"cs\"},{\"@type\":\"Organization\",\"@id\":\"https:\/\/www.batz.com\/cs\/#organization\",\"name\":\"Batz\",\"url\":\"https:\/\/www.batz.com\/cs\/\",\"logo\":{\"@type\":\"ImageObject\",\"inLanguage\":\"cs\",\"@id\":\"https:\/\/www.batz.com\/cs\/#\/schema\/logo\/image\/\",\"url\":\"https:\/\/www.batz.com\/wp-content\/uploads\/2018\/08\/batz.png\",\"contentUrl\":\"https:\/\/www.batz.com\/wp-content\/uploads\/2018\/08\/batz.png\",\"width\":160,\"height\":44,\"caption\":\"Batz\"},\"image\":{\"@id\":\"https:\/\/www.batz.com\/cs\/#\/schema\/logo\/image\/\"},\"sameAs\":[\"https:\/\/www.linkedin.com\/company\/646339\/\"]}]}<\/script>\n<!-- \/ Yoast SEO plugin. -->","yoast_head_json":{"title":"Batz Group - Batz","robots":{"index":"index","follow":"follow","max-snippet":"max-snippet:-1","max-image-preview":"max-image-preview:large","max-video-preview":"max-video-preview:-1"},"canonical":"https:\/\/www.batz.com\/cs\/batz-group\/","og_locale":"cs_CZ","og_type":"article","og_title":"Batz Group - Batz","og_description":"[et_pb_section fb_built=&#8220;1&#8243; _builder_version=&#8220;3.22&#8243; custom_margin=&#8220;0px|||&#8220; custom_padding=&#8220;0px|||&#8220;][et_pb_row _builder_version=&#8220;3.25&#8243; custom_margin=&#8220;0px|||&#8220; custom_padding=&#8220;0px|||&#8220;][et_pb_column type=&#8220;4_4&#8243; _builder_version=&#8220;3.25&#8243; custom_padding=&#8220;|||&#8220; custom_padding__hover=&#8220;|||&#8220;][et_pb_code][\/et_pb_code][\/et_pb_column][\/et_pb_row][et_pb_row module_class=&#8220;destacados batz-group&#8220; _builder_version=&#8220;3.25&#8243;][et_pb_column type=&#8220;4_4&#8243; _builder_version=&#8220;3.25&#8243; custom_padding=&#8220;|||&#8220; custom_padding__hover=&#8220;|||&#8220;][et_pb_text admin_label=&#8220;BATZ at a glance&#8220; _builder_version=&#8220;4.4.8&#8243; hover_enabled=&#8220;0&#8243;] Kdo jsme [\/et_pb_text][et_pb_text admin_label=&#8220;Naturally global&#8220; _builder_version=&#8220;4.4.8&#8243; hover_enabled=&#8220;0&#8243;] Kde jsme [\/et_pb_text][et_pb_text admin_label=&#8220;Customers&#8220; _builder_version=&#8220;4.4.8&#8243; hover_enabled=&#8220;0&#8243;] Klienti [\/et_pb_text][et_pb_text admin_label=&#8220;Innovation&#8220; _builder_version=&#8220;4.4.8&#8243; hover_enabled=&#8220;0&#8243;] Inovace [\/et_pb_text][et_pb_text admin_label=&#8220;Sustainable management&#8220; _builder_version=&#8220;4.4.8&#8243; hover_enabled=&#8220;0&#8243;] Udr\u017eitelnost [\/et_pb_text][\/et_pb_column][\/et_pb_row][\/et_pb_section]","og_url":"https:\/\/www.batz.com\/cs\/batz-group\/","og_site_name":"Batz","article_modified_time":"2020-06-22T11:16:09+00:00","og_image":[{"url":"https:\/\/www.batz.com\/wp-content\/uploads\/2018\/09\/batz-glance-group.jpg","type":"","width":"","height":""}],"twitter_card":"summary_large_image","twitter_misc":{"Odhadovan\u00e1 doba \u010dten\u00ed":"1 minuta"},"schema":{"@context":"https:\/\/schema.org","@graph":[{"@type":"WebPage","@id":"https:\/\/www.batz.com\/cs\/batz-group\/","url":"https:\/\/www.batz.com\/cs\/batz-group\/","name":"Batz Group - Batz","isPartOf":{"@id":"https:\/\/www.batz.com\/cs\/#website"},"primaryImageOfPage":{"@id":"https:\/\/www.batz.com\/cs\/batz-group\/#primaryimage"},"image":{"@id":"https:\/\/www.batz.com\/cs\/batz-group\/#primaryimage"},"thumbnailUrl":"https:\/\/www.batz.com\/wp-content\/uploads\/2018\/09\/batz-glance-group.jpg","datePublished":"2020-06-22T09:19:48+00:00","dateModified":"2020-06-22T11:16:09+00:00","breadcrumb":{"@id":"https:\/\/www.batz.com\/cs\/batz-group\/#breadcrumb"},"inLanguage":"cs","potentialAction":[{"@type":"ReadAction","target":["https:\/\/www.batz.com\/cs\/batz-group\/"]}]},{"@type":"ImageObject","inLanguage":"cs","@id":"https:\/\/www.batz.com\/cs\/batz-group\/#primaryimage","url":"https:\/\/www.batz.com\/wp-content\/uploads\/2018\/09\/batz-glance-group.jpg","contentUrl":"https:\/\/www.batz.com\/wp-content\/uploads\/2018\/09\/batz-glance-group.jpg"},{"@type":"BreadcrumbList","@id":"https:\/\/www.batz.com\/cs\/batz-group\/#breadcrumb","itemListElement":[{"@type":"ListItem","position":1,"name":"Portada","item":"https:\/\/www.batz.com\/cs\/"},{"@type":"ListItem","position":2,"name":"Batz Group"}]},{"@type":"WebSite","@id":"https:\/\/www.batz.com\/cs\/#website","url":"https:\/\/www.batz.com\/cs\/","name":"Batz","description":"Meeting your challenges","publisher":{"@id":"https:\/\/www.batz.com\/cs\/#organization"},"potentialAction":[{"@type":"SearchAction","target":{"@type":"EntryPoint","urlTemplate":"https:\/\/www.batz.com\/cs\/?s={search_term_string}"},"query-input":{"@type":"PropertyValueSpecification","valueRequired":true,"valueName":"search_term_string"}}],"inLanguage":"cs"},{"@type":"Organization","@id":"https:\/\/www.batz.com\/cs\/#organization","name":"Batz","url":"https:\/\/www.batz.com\/cs\/","logo":{"@type":"ImageObject","inLanguage":"cs","@id":"https:\/\/www.batz.com\/cs\/#\/schema\/logo\/image\/","url":"https:\/\/www.batz.com\/wp-content\/uploads\/2018\/08\/batz.png","contentUrl":"https:\/\/www.batz.com\/wp-content\/uploads\/2018\/08\/batz.png","width":160,"height":44,"caption":"Batz"},"image":{"@id":"https:\/\/www.batz.com\/cs\/#\/schema\/logo\/image\/"},"sameAs":["https:\/\/www.linkedin.com\/company\/646339\/"]}]}},"_links":{"self":[{"href":"https:\/\/www.batz.com\/cs\/wp-json\/wp\/v2\/pages\/3129","targetHints":{"allow":["GET"]}}],"collection":[{"href":"https:\/\/www.batz.com\/cs\/wp-json\/wp\/v2\/pages"}],"about":[{"href":"https:\/\/www.batz.com\/cs\/wp-json\/wp\/v2\/types\/page"}],"author":[{"embeddable":true,"href":"https:\/\/www.batz.com\/cs\/wp-json\/wp\/v2\/users\/1"}],"replies":[{"embeddable":true,"href":"https:\/\/www.batz.com\/cs\/wp-json\/wp\/v2\/comments?post=3129"}],"version-history":[{"count":0,"href":"https:\/\/www.batz.com\/cs\/wp-json\/wp\/v2\/pages\/3129\/revisions"}],"wp:attachment":[{"href":"https:\/\/www.batz.com\/cs\/wp-json\/wp\/v2\/media?parent=3129"}],"curies":[{"name":"wp","href":"https:\/\/api.w.org\/{rel}","templated":true}]}}