{"id":3783,"date":"2021-02-10T19:15:53","date_gmt":"2021-02-10T17:15:53","guid":{"rendered":"https:\/\/www.batz.com\/?page_id=3783"},"modified":"2025-06-12T12:37:56","modified_gmt":"2025-06-12T10:37:56","slug":"zasady-ochrany-osobnich-udaju","status":"publish","type":"page","link":"https:\/\/www.batz.com\/cs\/zasady-ochrany-osobnich-udaju\/","title":{"rendered":"Z\u00e1sady ochrany osobn\u00edch \u00fadaj\u016f"},"content":{"rendered":"<p>[et_pb_section fb_built=&#8220;1&#8243; _builder_version=&#8220;3.22&#8243;][et_pb_row _builder_version=&#8220;3.25&#8243; background_size=&#8220;initial&#8220; background_position=&#8220;top_left&#8220; background_repeat=&#8220;repeat&#8220;][et_pb_column type=&#8220;4_4&#8243; _builder_version=&#8220;3.25&#8243; custom_padding=&#8220;|||&#8220; custom_padding__hover=&#8220;|||&#8220;][et_pb_text module_class=&#8220;legal&#8220; _builder_version=&#8220;4.9.1&#8243; hover_enabled=&#8220;0&#8243; sticky_enabled=&#8220;0&#8243;]<\/p>\n<h1>Z\u00e1sady ochrany osobn\u00edch \u00fadaj\u016f<\/h1>\n<p>Prost\u0159ednictv\u00edm t\u011bchto z\u00e1sad spole\u010dnost BATZ S. Coop. informuje u\u017eivatele o sv\u00fdch zdroj\u00edch a slu\u017eb\u00e1ch o sv\u00fdch z\u00e1sad\u00e1ch ochrany osobn\u00edch \u00fadaj\u016f, aby mohli svobodn\u011b a dobrovoln\u011b ur\u010dit, zda si p\u0159ej\u00ed poskytnout osobn\u00ed \u00fadaje, kter\u00e9 mohou b\u00fdt po\u017eadov\u00e1ny nebo kter\u00e9 lze z\u00edskat p\u0159\u00edstupem nebo pou\u017e\u00edv\u00e1n\u00edm webov\u00fdch str\u00e1nek a poskytovan\u00fdch slu\u017eeb.<\/p>\n<p>Spole\u010dnost BATZ S. Coop. si vyhrazuje pr\u00e1vo upravit tyto z\u00e1sady tak, aby se p\u0159izp\u016fsobily nov\u00e9 legislativ\u011b nebo judikatu\u0159e. V takov\u00e9m p\u0159\u00edpad\u011b budou zm\u011bny na t\u00e9to str\u00e1nce ozn\u00e1meny s p\u0159im\u011b\u0159en\u00fdm odstupem p\u0159ed jejich aplikac\u00ed.<\/p>\n<p>Subjektem odpov\u011bdn\u00fdm za zpracov\u00e1n\u00ed va\u0161ich \u00fadaj\u016f je spole\u010dnost BATZ S. Coop., se s\u00eddlem Barrio Torrea 2, 48140, Igorre-Vizcaya (\u0160pan\u011blsko) a CIF F48037600.<\/p>\n<p>Spole\u010dnost BATZ S. Coop. zaru\u010duje bezpe\u010dnost a d\u016fv\u011brnost osobn\u00edch \u00fadaj\u016f, kter\u00e9 shroma\u017e\u010fuje nebo kter\u00e9 j\u00ed mohou b\u00fdt poskytnuty. Za t\u00edmto \u00fa\u010delem spole\u010dnost BATZ S. Coop. zavedla technick\u00e1 a organiza\u010dn\u00ed bezpe\u010dnostn\u00ed opat\u0159en\u00ed, kter\u00e1 jsou nezbytn\u00e1 k zabr\u00e1n\u011bn\u00ed zm\u011bn\u00e1m, ztr\u00e1t\u00e1m, zpracov\u00e1n\u00ed nebo neopr\u00e1vn\u011bn\u00e9mu p\u0159\u00edstupu, v souladu s platnou legislativou.<\/p>\n<p>Za p\u0159esnost poskytnut\u00fdch informac\u00ed odpov\u00edd\u00e1 u\u017eivatel.\u00a0 V p\u0159\u00edpad\u011b, \u017ee jsou poskytnuta data t\u0159et\u00edch stran, je u\u017eivatel odpov\u011bdn\u00fd za to, \u017ee p\u0159edt\u00edm informoval t\u0159et\u00ed stranu o v\u0161ech ustanoven\u00edch tohoto dokumentu a aby z\u00edskal jeho souhlas.\u00a0 Za t\u00edmto \u00fa\u010delem je u\u017eivatel odpov\u011bdn\u00fd za pravdivost v\u0161ech \u00fadaj\u016f, kter\u00e9 sd\u011bluje, a bude poskytovan\u00e9 informace uv\u00e1d\u011bt podle pot\u0159eby tak, aby z\u016fstaly p\u0159esn\u00e9.<\/p>\n<h2><strong>\u00da\u010dely <\/strong><\/h2>\n<p>Spole\u010dnost BATZ S. Coop. v\u00e1s informuje, \u017ee zpracov\u00e1v\u00e1me v\u00e1mi poskytnut\u00e9 osobn\u00ed \u00fadaje za \u00fa\u010delem:<\/p>\n<ul>\n<li>Poskytnout v\u00e1m informace<\/li>\n<li>Spravovat smluvn\u00ed vztah mezi n\u00e1mi<\/li>\n<li>Spravoat v\u00fdb\u011bru person\u00e1lu<\/li>\n<li>Spravovat zabezpe\u010den\u00ed a p\u0159\u00edstup k na\u0161im za\u0159\u00edzen\u00edm<\/li>\n<\/ul>\n<p>Nep\u0159ijet\u00ed \u00fa\u010del\u016f bude m\u00edt za n\u00e1sledek, \u017ee nebudeme moci tuto akci prov\u00e9st, a proto nebudeme poskytovat slu\u017ebu podle va\u0161ich pot\u0159eb.<\/p>\n<p>P\u0159\u00edslu\u0161n\u00e9 \u00fadaje \u00dadaje, kter\u00e9 m\u00e1 zpracovat spole\u010dnost BATZ S. Coop. v r\u00e1mci vztahu se subjektem \u00fadaj\u016f a na z\u00e1klad\u011b schv\u00e1len\u00fdch \u00fa\u010del\u016f jsou za\u0159azeny do n\u00e1sleduj\u00edc\u00edch kategori\u00ed:<\/p>\n<ul>\n<li>Tento seznam je pouze orienta\u010dn\u00ed<\/li>\n<li>Kontaktn\u00ed \u00fadaje<\/li>\n<li>Ekonomick\u00e9 \u00fadaje<\/li>\n<li>Osobn\u00ed charakteristiky a soci\u00e1ln\u00ed okolnosti<\/li>\n<li>Akademick\u00e9 a odborn\u00e9 \u00fadaje<\/li>\n<li>Obrazov\u00e9 a hlasov\u00e9 soubory<\/li>\n<li>\u00dadaje o va\u0161\u00ed n\u00e1v\u0161t\u011bv\u011b na\u0161ich webov\u00fdch str\u00e1nek a soci\u00e1ln\u00edch s\u00edt\u00ed, jak je pops\u00e1no v \u010d\u00e1sti \u201ePou\u017e\u00edv\u00e1n\u00ed soubor\u016f cookie\u201c.<\/li>\n<\/ul>\n<p>Kdykoli po\u017eadujeme va\u0161e osobn\u00ed \u00fadaje, jasn\u011b v\u00e1s informujeme, jak\u00e9 osobn\u00ed \u00fadaje shroma\u017e\u010fujeme a za jak\u00fdm \u00fa\u010delem, a v p\u0159\u00edpad\u011b pot\u0159eby v\u00e1s po\u017e\u00e1d\u00e1me o v\u00fdslovn\u00fd souhlas za\u0161krtnut\u00edm p\u0159\u00edslu\u0161n\u00fdch pol\u00ed\u010dek ve formul\u00e1\u0159\u00edch \u017e\u00e1dosti o \u00fadaje. Je d\u016fle\u017eit\u00e9, abyste sv\u00e9 \u00fadaje udr\u017eovali aktu\u00e1ln\u00ed a informovali n\u00e1s, pokud se zm\u011bn\u00ed.<\/p>\n<p>V p\u0159\u00edpad\u011b, \u017ee n\u00e1m poskytnete osobn\u00ed \u00fadaje, kter\u00e9 jsme nevy\u017eadovali, vezm\u011bte pros\u00edm na v\u011bdom\u00ed, \u017ee va\u0161e \u00fadaje budou zpracov\u00e1ny za \u00fa\u010delem poskytov\u00e1n\u00ed po\u017eadovan\u00fdch slu\u017eeb za podm\u00ednek uveden\u00fdch v t\u011bchto z\u00e1sad\u00e1ch ochrany osobn\u00edch \u00fadaj\u016f.<\/p>\n<p>Uchov\u00e1v\u00e1n\u00ed \u00fadaj\u016f Poskytnut\u00e9 osobn\u00ed \u00fadaje budou uchov\u00e1v\u00e1ny po minim\u00e1ln\u00ed dobu nezbytnou k proveden\u00ed zam\u00fd\u0161len\u00e9ho \u00fa\u010delu, tj.:<\/p>\n<ul>\n<li>Osobn\u00ed: 5 let po ukon\u010den\u00ed smluvn\u00edho vztahu.<\/li>\n<li>Video dohled: 30 dn\u00ed<\/li>\n<li>Dal\u0161\u00ed \u00fadaje: 2 roky<\/li>\n<\/ul>\n<p>\u00dadaje budeme tak\u00e9 uchov\u00e1vat po dobu nezbytnou ke spln\u011bn\u00ed povinnost\u00ed, kter\u00e9 mohou vypl\u00fdvat z \u00fa\u010delu a jak\u00fdchkoli pr\u00e1vn\u00edch po\u017eadavk\u016f, nebo dokud nepo\u017e\u00e1d\u00e1te o jejich odstran\u011bn\u00ed.<\/p>\n<h2><strong>P\u0159\u00edjemci, kter\u00fdm budou \u00fadaje sd\u011bleny <\/strong><\/h2>\n<p>\u00dadaje nebudou sd\u011bleny t\u0159et\u00edm stran\u00e1m, s v\u00fdjimkou provozn\u00edch pot\u0159eb nebo z\u00e1konn\u00fdch po\u017eadavk\u016f, a pouze d\u016fv\u011bryhodn\u00fdm zpracovatel\u016fm \u00fadaj\u016f.<\/p>\n<h2><strong>Opr\u00e1vn\u011bnost pro zpracov\u00e1n\u00ed va\u0161ich \u00fadaj\u016f <\/strong><\/h2>\n<p>Pr\u00e1vn\u00ed z\u00e1klad pro \u0159\u00edzen\u00ed vztah\u016f se subjekty \u00fadaj\u016f a poskytov\u00e1n\u00ed informac\u00ed o BATZ S. Coop. \u010cinnosti, produkty a slu\u017eby plynou z v\u00fdslovn\u00e9ho souhlasu subjektu \u00fadaj\u016f nebo ze smluvn\u00edho vztahu, kter\u00fd jsme nav\u00e1zali.<\/p>\n<h2><strong>Pr\u00e1va subjektu \u00fadaj\u016f <\/strong><\/h2>\n<p>Kdokoli m\u00e1 pr\u00e1vo na potvrzen\u00ed, zda spole\u010dnost BATZ S. Coop. zpracov\u00e1v\u00e1 jejich osobn\u00ed \u00fadaje, a pokud tak \u010din\u00edme, m\u016f\u017eete n\u00e1s kdykoli kontaktovat za \u00fa\u010delem:<\/p>\n<ul>\n<li>Z\u00edsk\u00e1n\u00ed p\u0159\u00edstupu k osobn\u00edm \u00fadaj\u016fm a dal\u0161\u00edm informac\u00edm uveden\u00fdm v \u010dl\u00e1nku 15.1 GDPR.<\/li>\n<li>Oprav\u011b jak\u00fdchkoli osobn\u00edch \u00fadaj\u016f, kter\u00e9 jsou nep\u0159esn\u00e9 nebo ne\u00fapln\u00e9 v souladu s \u010dl\u00e1nkem 16 GDPR.<\/li>\n<li>Smaz\u00e1n\u00ed osobn\u00edch \u00fadaj\u016f v souladu s \u010dl\u00e1nkem 17 GDPR.<\/li>\n<li>Omezen\u00ed zpracov\u00e1n\u00ed osobn\u00edch \u00fadaj\u016f v souladu s \u010dl\u00e1nkem 18 GDPR.<\/li>\n<li>Po\u017e\u00e1dat o p\u0159enositelnost sv\u00fdch \u00fadaj\u016f v souladu s \u010dl\u00e1nkem 20 GDPR.<\/li>\n<li>Vzn\u00e9st n\u00e1mitku proti zpracov\u00e1n\u00ed osobn\u00edch \u00fadaj\u016f v souladu s \u010dl\u00e1nkem 21 GDPR.<\/li>\n<\/ul>\n<p>Pokud jste ud\u011blili souhlas k ur\u010dit\u00e9mu konkr\u00e9tn\u00edmu \u00fa\u010delu, m\u00e1te pr\u00e1vo tento souhlas kdykoli odvolat, ani\u017e by byla ovlivn\u011bna z\u00e1konnost zpracov\u00e1n\u00ed zalo\u017een\u00e9ho na souhlasu p\u0159ed jeho odvol\u00e1n\u00edm.<\/p>\n<p>Tato pr\u00e1va m\u016f\u017eete uplatnit zasl\u00e1n\u00edm e-mailu na adresu <a href=\"mailto:dataprotection@batz.com\">dataprotection@batz.com<\/a><\/p>\n<p>Nakonec jsou subjekty \u00fadaj\u016f informov\u00e1ny, \u017ee mohou podat st\u00ed\u017enost t\u00fdkaj\u00edc\u00ed se zpracov\u00e1n\u00ed sv\u00fdch osobn\u00edch \u00fadaj\u016f u dozorov\u00e9ho \u00fa\u0159adu (<a href=\"http:\/\/www.aepd.es\">www.aepd.es<\/a>).<\/p>\n<p>Podrobn\u00e9 informace o po\u017eadavc\u00edch na ochranu \u00fadaj\u016f, pr\u00e1vech a p\u0159\u00edslu\u0161n\u00fdch pr\u00e1vn\u00edch p\u0159edpisech najdete na <a href=\"http:\/\/www.agpd.es\">http:\/\/www.agpd.es<\/a><\/p>\n<p>\u010casto kladen\u00e9 ot\u00e1zky najdete na <a href=\"https:\/\/sedeagpd.gob.es\/sede-electronica-web\/\">https:\/\/sedeagpd.gob.es\/sede-electronica-web\/<\/a><\/p>\n<p>[\/et_pb_text][\/et_pb_column][\/et_pb_row][\/et_pb_section]<\/p>\n","protected":false},"excerpt":{"rendered":"<p>[et_pb_section fb_built=&#8220;1&#8243; _builder_version=&#8220;3.22&#8243;][et_pb_row _builder_version=&#8220;3.25&#8243; background_size=&#8220;initial&#8220; background_position=&#8220;top_left&#8220; background_repeat=&#8220;repeat&#8220;][et_pb_column type=&#8220;4_4&#8243; _builder_version=&#8220;3.25&#8243; custom_padding=&#8220;|||&#8220; custom_padding__hover=&#8220;|||&#8220;][et_pb_text module_class=&#8220;legal&#8220; _builder_version=&#8220;4.9.1&#8243; hover_enabled=&#8220;0&#8243; sticky_enabled=&#8220;0&#8243;] Z\u00e1sady ochrany osobn\u00edch \u00fadaj\u016f Prost\u0159ednictv\u00edm t\u011bchto z\u00e1sad spole\u010dnost BATZ S. Coop. informuje u\u017eivatele o sv\u00fdch zdroj\u00edch a slu\u017eb\u00e1ch o sv\u00fdch z\u00e1sad\u00e1ch ochrany osobn\u00edch \u00fadaj\u016f, aby mohli svobodn\u011b a dobrovoln\u011b ur\u010dit, zda si p\u0159ej\u00ed poskytnout osobn\u00ed \u00fadaje, kter\u00e9 mohou b\u00fdt po\u017eadov\u00e1ny [&hellip;]<\/p>\n","protected":false},"author":1,"featured_media":0,"parent":0,"menu_order":110,"comment_status":"closed","ping_status":"closed","template":"","meta":{"_et_pb_use_builder":"on","_et_pb_old_content":"","_et_gb_content_width":"","inline_featured_image":false,"cybocfi_hide_featured_image":"","footnotes":""},"class_list":["post-3783","page","type-page","status-publish","hentry"],"yoast_head":"<!-- This site is optimized with the Yoast SEO plugin v26.6 - https:\/\/yoast.com\/wordpress\/plugins\/seo\/ -->\n<title>Z\u00e1sady ochrany osobn\u00edch \u00fadaj\u016f - Batz<\/title>\n<meta name=\"robots\" content=\"noindex, follow\" \/>\n<meta property=\"og:locale\" content=\"cs_CZ\" \/>\n<meta property=\"og:type\" content=\"article\" \/>\n<meta property=\"og:title\" content=\"Z\u00e1sady ochrany osobn\u00edch \u00fadaj\u016f - Batz\" \/>\n<meta property=\"og:description\" content=\"[et_pb_section fb_built=&#8220;1&#8243; _builder_version=&#8220;3.22&#8243;][et_pb_row _builder_version=&#8220;3.25&#8243; background_size=&#8220;initial&#8220; background_position=&#8220;top_left&#8220; background_repeat=&#8220;repeat&#8220;][et_pb_column type=&#8220;4_4&#8243; _builder_version=&#8220;3.25&#8243; custom_padding=&#8220;|||&#8220; custom_padding__hover=&#8220;|||&#8220;][et_pb_text module_class=&#8220;legal&#8220; _builder_version=&#8220;4.9.1&#8243; hover_enabled=&#8220;0&#8243; sticky_enabled=&#8220;0&#8243;] Z\u00e1sady ochrany osobn\u00edch \u00fadaj\u016f Prost\u0159ednictv\u00edm t\u011bchto z\u00e1sad spole\u010dnost BATZ S. Coop. informuje u\u017eivatele o sv\u00fdch zdroj\u00edch a slu\u017eb\u00e1ch o sv\u00fdch z\u00e1sad\u00e1ch ochrany osobn\u00edch \u00fadaj\u016f, aby mohli svobodn\u011b a dobrovoln\u011b ur\u010dit, zda si p\u0159ej\u00ed poskytnout osobn\u00ed \u00fadaje, kter\u00e9 mohou b\u00fdt po\u017eadov\u00e1ny [&hellip;]\" \/>\n<meta property=\"og:url\" content=\"https:\/\/www.batz.com\/cs\/zasady-ochrany-osobnich-udaju\/\" \/>\n<meta property=\"og:site_name\" content=\"Batz\" \/>\n<meta property=\"article:modified_time\" content=\"2025-06-12T10:37:56+00:00\" \/>\n<meta name=\"twitter:card\" content=\"summary_large_image\" \/>\n<meta name=\"twitter:label1\" content=\"Odhadovan\u00e1 doba \u010dten\u00ed\" \/>\n\t<meta name=\"twitter:data1\" content=\"4 minuty\" \/>\n<script type=\"application\/ld+json\" class=\"yoast-schema-graph\">{\"@context\":\"https:\/\/schema.org\",\"@graph\":[{\"@type\":\"WebPage\",\"@id\":\"https:\/\/www.batz.com\/cs\/zasady-ochrany-osobnich-udaju\/\",\"url\":\"https:\/\/www.batz.com\/cs\/zasady-ochrany-osobnich-udaju\/\",\"name\":\"Z\u00e1sady ochrany osobn\u00edch \u00fadaj\u016f - Batz\",\"isPartOf\":{\"@id\":\"https:\/\/www.batz.com\/cs\/#website\"},\"datePublished\":\"2021-02-10T17:15:53+00:00\",\"dateModified\":\"2025-06-12T10:37:56+00:00\",\"breadcrumb\":{\"@id\":\"https:\/\/www.batz.com\/cs\/zasady-ochrany-osobnich-udaju\/#breadcrumb\"},\"inLanguage\":\"cs\",\"potentialAction\":[{\"@type\":\"ReadAction\",\"target\":[\"https:\/\/www.batz.com\/cs\/zasady-ochrany-osobnich-udaju\/\"]}]},{\"@type\":\"BreadcrumbList\",\"@id\":\"https:\/\/www.batz.com\/cs\/zasady-ochrany-osobnich-udaju\/#breadcrumb\",\"itemListElement\":[{\"@type\":\"ListItem\",\"position\":1,\"name\":\"Portada\",\"item\":\"https:\/\/www.batz.com\/cs\/\"},{\"@type\":\"ListItem\",\"position\":2,\"name\":\"Z\u00e1sady ochrany osobn\u00edch \u00fadaj\u016f\"}]},{\"@type\":\"WebSite\",\"@id\":\"https:\/\/www.batz.com\/cs\/#website\",\"url\":\"https:\/\/www.batz.com\/cs\/\",\"name\":\"Batz\",\"description\":\"Meeting your challenges\",\"publisher\":{\"@id\":\"https:\/\/www.batz.com\/cs\/#organization\"},\"potentialAction\":[{\"@type\":\"SearchAction\",\"target\":{\"@type\":\"EntryPoint\",\"urlTemplate\":\"https:\/\/www.batz.com\/cs\/?s={search_term_string}\"},\"query-input\":{\"@type\":\"PropertyValueSpecification\",\"valueRequired\":true,\"valueName\":\"search_term_string\"}}],\"inLanguage\":\"cs\"},{\"@type\":\"Organization\",\"@id\":\"https:\/\/www.batz.com\/cs\/#organization\",\"name\":\"Batz\",\"url\":\"https:\/\/www.batz.com\/cs\/\",\"logo\":{\"@type\":\"ImageObject\",\"inLanguage\":\"cs\",\"@id\":\"https:\/\/www.batz.com\/cs\/#\/schema\/logo\/image\/\",\"url\":\"https:\/\/www.batz.com\/wp-content\/uploads\/2018\/08\/batz.png\",\"contentUrl\":\"https:\/\/www.batz.com\/wp-content\/uploads\/2018\/08\/batz.png\",\"width\":160,\"height\":44,\"caption\":\"Batz\"},\"image\":{\"@id\":\"https:\/\/www.batz.com\/cs\/#\/schema\/logo\/image\/\"},\"sameAs\":[\"https:\/\/www.linkedin.com\/company\/646339\/\"]}]}<\/script>\n<!-- \/ Yoast SEO plugin. -->","yoast_head_json":{"title":"Z\u00e1sady ochrany osobn\u00edch \u00fadaj\u016f - Batz","robots":{"index":"noindex","follow":"follow"},"og_locale":"cs_CZ","og_type":"article","og_title":"Z\u00e1sady ochrany osobn\u00edch \u00fadaj\u016f - Batz","og_description":"[et_pb_section fb_built=&#8220;1&#8243; _builder_version=&#8220;3.22&#8243;][et_pb_row _builder_version=&#8220;3.25&#8243; background_size=&#8220;initial&#8220; background_position=&#8220;top_left&#8220; background_repeat=&#8220;repeat&#8220;][et_pb_column type=&#8220;4_4&#8243; _builder_version=&#8220;3.25&#8243; custom_padding=&#8220;|||&#8220; custom_padding__hover=&#8220;|||&#8220;][et_pb_text module_class=&#8220;legal&#8220; _builder_version=&#8220;4.9.1&#8243; hover_enabled=&#8220;0&#8243; sticky_enabled=&#8220;0&#8243;] Z\u00e1sady ochrany osobn\u00edch \u00fadaj\u016f Prost\u0159ednictv\u00edm t\u011bchto z\u00e1sad spole\u010dnost BATZ S. Coop. informuje u\u017eivatele o sv\u00fdch zdroj\u00edch a slu\u017eb\u00e1ch o sv\u00fdch z\u00e1sad\u00e1ch ochrany osobn\u00edch \u00fadaj\u016f, aby mohli svobodn\u011b a dobrovoln\u011b ur\u010dit, zda si p\u0159ej\u00ed poskytnout osobn\u00ed \u00fadaje, kter\u00e9 mohou b\u00fdt po\u017eadov\u00e1ny [&hellip;]","og_url":"https:\/\/www.batz.com\/cs\/zasady-ochrany-osobnich-udaju\/","og_site_name":"Batz","article_modified_time":"2025-06-12T10:37:56+00:00","twitter_card":"summary_large_image","twitter_misc":{"Odhadovan\u00e1 doba \u010dten\u00ed":"4 minuty"},"schema":{"@context":"https:\/\/schema.org","@graph":[{"@type":"WebPage","@id":"https:\/\/www.batz.com\/cs\/zasady-ochrany-osobnich-udaju\/","url":"https:\/\/www.batz.com\/cs\/zasady-ochrany-osobnich-udaju\/","name":"Z\u00e1sady ochrany osobn\u00edch \u00fadaj\u016f - Batz","isPartOf":{"@id":"https:\/\/www.batz.com\/cs\/#website"},"datePublished":"2021-02-10T17:15:53+00:00","dateModified":"2025-06-12T10:37:56+00:00","breadcrumb":{"@id":"https:\/\/www.batz.com\/cs\/zasady-ochrany-osobnich-udaju\/#breadcrumb"},"inLanguage":"cs","potentialAction":[{"@type":"ReadAction","target":["https:\/\/www.batz.com\/cs\/zasady-ochrany-osobnich-udaju\/"]}]},{"@type":"BreadcrumbList","@id":"https:\/\/www.batz.com\/cs\/zasady-ochrany-osobnich-udaju\/#breadcrumb","itemListElement":[{"@type":"ListItem","position":1,"name":"Portada","item":"https:\/\/www.batz.com\/cs\/"},{"@type":"ListItem","position":2,"name":"Z\u00e1sady ochrany osobn\u00edch \u00fadaj\u016f"}]},{"@type":"WebSite","@id":"https:\/\/www.batz.com\/cs\/#website","url":"https:\/\/www.batz.com\/cs\/","name":"Batz","description":"Meeting your challenges","publisher":{"@id":"https:\/\/www.batz.com\/cs\/#organization"},"potentialAction":[{"@type":"SearchAction","target":{"@type":"EntryPoint","urlTemplate":"https:\/\/www.batz.com\/cs\/?s={search_term_string}"},"query-input":{"@type":"PropertyValueSpecification","valueRequired":true,"valueName":"search_term_string"}}],"inLanguage":"cs"},{"@type":"Organization","@id":"https:\/\/www.batz.com\/cs\/#organization","name":"Batz","url":"https:\/\/www.batz.com\/cs\/","logo":{"@type":"ImageObject","inLanguage":"cs","@id":"https:\/\/www.batz.com\/cs\/#\/schema\/logo\/image\/","url":"https:\/\/www.batz.com\/wp-content\/uploads\/2018\/08\/batz.png","contentUrl":"https:\/\/www.batz.com\/wp-content\/uploads\/2018\/08\/batz.png","width":160,"height":44,"caption":"Batz"},"image":{"@id":"https:\/\/www.batz.com\/cs\/#\/schema\/logo\/image\/"},"sameAs":["https:\/\/www.linkedin.com\/company\/646339\/"]}]}},"_links":{"self":[{"href":"https:\/\/www.batz.com\/cs\/wp-json\/wp\/v2\/pages\/3783","targetHints":{"allow":["GET"]}}],"collection":[{"href":"https:\/\/www.batz.com\/cs\/wp-json\/wp\/v2\/pages"}],"about":[{"href":"https:\/\/www.batz.com\/cs\/wp-json\/wp\/v2\/types\/page"}],"author":[{"embeddable":true,"href":"https:\/\/www.batz.com\/cs\/wp-json\/wp\/v2\/users\/1"}],"replies":[{"embeddable":true,"href":"https:\/\/www.batz.com\/cs\/wp-json\/wp\/v2\/comments?post=3783"}],"version-history":[{"count":0,"href":"https:\/\/www.batz.com\/cs\/wp-json\/wp\/v2\/pages\/3783\/revisions"}],"wp:attachment":[{"href":"https:\/\/www.batz.com\/cs\/wp-json\/wp\/v2\/media?parent=3783"}],"curies":[{"name":"wp","href":"https:\/\/api.w.org\/{rel}","templated":true}]}}