{"id":3788,"date":"2021-02-10T19:23:40","date_gmt":"2021-02-10T17:23:40","guid":{"rendered":"https:\/\/www.batz.com\/?page_id=3788"},"modified":"2021-02-10T19:31:10","modified_gmt":"2021-02-10T17:31:10","slug":"zasady-cookies","status":"publish","type":"page","link":"https:\/\/www.batz.com\/cs\/zasady-cookies\/","title":{"rendered":"Z\u00e1sady cookies"},"content":{"rendered":"<p>[et_pb_section fb_built=&#8220;1&#8243; _builder_version=&#8220;3.22&#8243;][et_pb_row _builder_version=&#8220;3.25&#8243; background_size=&#8220;initial&#8220; background_position=&#8220;top_left&#8220; background_repeat=&#8220;repeat&#8220;][et_pb_column type=&#8220;4_4&#8243; _builder_version=&#8220;3.25&#8243; custom_padding=&#8220;|||&#8220; custom_padding__hover=&#8220;|||&#8220;][et_pb_text module_class=&#8220;legal&#8220; _builder_version=&#8220;4.4.8&#8243; hover_enabled=&#8220;0&#8243;]<\/p>\n<h1>Z\u00e1sady cookies<\/h1>\n<p>Cookie je soubor, kter\u00fd se st\u00e1hne do va\u0161eho po\u010d\u00edta\u010de pro p\u0159\u00edstup ke konkr\u00e9tn\u00edm webov\u00fdm str\u00e1nk\u00e1m. Soubory cookie umo\u017e\u0148uj\u00ed webov\u00e9 str\u00e1nce, mimo jin\u00e9, ukl\u00e1dat a obnovovat informace o zvyc\u00edch prohled\u00e1v\u00e1n\u00ed u\u017eivatel\u016f nebo po\u010d\u00edta\u010d\u016f, v z\u00e1vislosti na obsa\u017een\u00fdch informac\u00edch a zp\u016fsobu, jak\u00fdm je za\u0159\u00edzen\u00ed pou\u017e\u00edv\u00e1no, mohou b\u00fdt pou\u017eity k rozpozn\u00e1n\u00ed u\u017eivatele. Prohl\u00ed\u017ee\u010d u\u017eivatele ukl\u00e1d\u00e1 soubory cookie na pevn\u00fd disk pouze b\u011bhem aktu\u00e1ln\u00ed relace, zab\u00edr\u00e1 minim\u00e1ln\u00ed pam\u011b\u0165 a nepo\u0161kozuje po\u010d\u00edta\u010d. Soubory cookie neobsahuj\u00ed \u017e\u00e1dn\u00fd konkr\u00e9tn\u00ed typ osobn\u00edch \u00fadaj\u016f a v\u011bt\u0161ina z nich se po dokon\u010den\u00ed relace prohl\u00ed\u017ee\u010de (rela\u010dn\u00ed soubory cookie) z pevn\u00e9ho disku odstran\u00ed.<\/p>\n<p>V\u011bt\u0161ina prohl\u00ed\u017ee\u010d\u016f p\u0159ij\u00edm\u00e1 cookies a v kter\u00e9mkoli p\u0159\u00edpad\u011b m\u016f\u017eete povolit nebo omezit do\u010dasn\u00e9 nebo ulo\u017een\u00e9 cookies v nastaven\u00ed zabezpe\u010den\u00ed.<\/p>\n<p>Bez va\u0161eho v\u00fdslovn\u00e9ho souhlasu &#8211; aktivac\u00ed cookies ve va\u0161em prohl\u00ed\u017ee\u010di &#8211; OWNER nebude propojovat v cookies ulo\u017een\u00e9 \u00fadaje s va\u0161imi osobn\u00edmi \u00fadaji poskytnut\u00fdmi v dob\u011b registrace.<\/p>\n<p><strong>Jak\u00fd typ cookies pou\u017e\u00edv\u00e1 tento web?<\/strong><\/p>\n<p><strong>Technick\u00e9 soubory cookie:<\/strong> Soubory cookie, kter\u00e9 umo\u017e\u0148uj\u00ed u\u017eivateli proch\u00e1zet webovou str\u00e1nku, platformu nebo aplikaci a pou\u017e\u00edvat r\u016fzn\u00e9 mo\u017enosti nebo slu\u017eby, kter\u00e9 na n\u011bm existuj\u00ed, jako je nap\u0159\u00edklad kontrola provozu a datov\u00e9 komunikace, identifikace relace, p\u0159\u00edstup do vyhrazen\u00fdch oblast\u00ed, zapamatov\u00e1n\u00ed si prvky objedn\u00e1vky, prov\u00e1d\u011bn\u00ed procesu objedn\u00e1vky, \u017e\u00e1dosti o registraci nebo registraci ud\u00e1losti, pou\u017eit\u00ed bezpe\u010dnostn\u00edch prvk\u016f b\u011bhem navigace, ukl\u00e1d\u00e1n\u00ed obsahu pro vys\u00edl\u00e1n\u00ed videa nebo zvuku nebo sd\u00edlen\u00ed obsahu prost\u0159ednictv\u00edm soci\u00e1ln\u00edch s\u00edt\u00ed.<\/p>\n<p><strong>Soubory cookie anal\u00fdzy:<\/strong> Soubory cookie zpracov\u00e1van\u00e9 n\u00e1mi nebo t\u0159et\u00edmi stranami, kter\u00e9 n\u00e1m umo\u017e\u0148uj\u00ed kvantifikovat po\u010det u\u017eivatel\u016f a prov\u00e1d\u011bt statistick\u00e1 m\u011b\u0159en\u00ed a anal\u00fdzu vyu\u017eit\u00ed nab\u00edzen\u00e9 slu\u017eby. Za t\u00edmto \u00fa\u010delem analyzujeme va\u0161e prohl\u00ed\u017een\u00ed na na\u0161em webu, abychom zlep\u0161ili, jak\u00e9 produkty nebo slu\u017eby nab\u00edz\u00edme.<\/p>\n<p><strong>Soubory cookie t\u0159et\u00edch stran:<\/strong> Tento web m\u016f\u017ee pou\u017e\u00edvat slu\u017eby t\u0159et\u00edch stran, kter\u00e9 jm\u00e9nem OWNER shroma\u017e\u010fuj\u00ed informace pro statistick\u00e9 \u00fa\u010dely, o vyu\u017eit\u00ed str\u00e1nky u\u017eivatelem USER a pro poskytov\u00e1n\u00ed dal\u0161\u00edch slu\u017eeb souvisej\u00edc\u00edch s \u010dinnost\u00ed webov\u00e9 str\u00e1nky.<\/p>\n<p>Tento web pou\u017e\u00edv\u00e1 zejm\u00e9na Google Analytics, analytickou webovou slu\u017ebu nab\u00edzenou spole\u010dnost\u00ed Google, Inc., se s\u00eddlem v USA 1600 Amphitheatre Parkway, Mountain View, Kalifornie 94043. K poskytov\u00e1n\u00ed t\u011bchto slu\u017eeb pou\u017e\u00edvaj\u00ed soubory cookie, kter\u00e9 shroma\u017e\u010fuj\u00ed informace, v\u010detn\u011b IP adresa u\u017eivatel\u016f, kter\u00e1 je p\u0159en\u00e1\u0161ena, zpracov\u00e1v\u00e1na a ukl\u00e1d\u00e1na spole\u010dnost\u00ed Google za podm\u00ednek stanoven\u00fdch na Google.com V\u010detn\u011b mo\u017en\u00e9ho p\u0159enosu t\u011bchto informac\u00ed t\u0159et\u00edm stran\u00e1m z d\u016fvod\u016f vy\u017eadovan\u00fdch z\u00e1konem nebo v p\u0159\u00edpad\u011b, \u017ee t\u0159et\u00ed strany zpracov\u00e1vaj\u00ed informace pro Google.<\/p>\n<p>U\u017eivatel v\u00fdslovn\u011b souhlas\u00ed s pou\u017eit\u00edm t\u00e9to webov\u00e9 str\u00e1nky se zpracov\u00e1n\u00edm sv\u00fdch informac\u00ed shrom\u00e1\u017ed\u011bn\u00fdch ve v\u00fd\u0161e uveden\u00fdch form\u00e1ch a \u00fa\u010delech. A tak\u00e9 ch\u00e1pe, \u017ee mohou odm\u00edtnout zpracov\u00e1n\u00ed t\u011bchto \u00fadaj\u016f nebo informac\u00ed odm\u00edtaj\u00edc\u00edch pou\u017eit\u00ed cookies v\u00fdb\u011brem vhodn\u00e9 konfigurace v jejich prohl\u00ed\u017ee\u010di. I kdy\u017e tato mo\u017enost blokov\u00e1n\u00ed cookies ve va\u0161em prohl\u00ed\u017ee\u010di nemus\u00ed umo\u017enit pln\u00e9 vyu\u017eit\u00ed v\u0161ech funkc\u00ed webu.<\/p>\n<p>U\u017dIVATEL m\u016f\u017ee povolit, blokovat nebo smazat soubory cookie nainstalovan\u00e9 v jejich po\u010d\u00edta\u010di prost\u0159ednictv\u00edm konfigurace mo\u017enost\u00ed v prohl\u00ed\u017ee\u010di.<\/p>\n<p>[\/et_pb_text][\/et_pb_column][\/et_pb_row][\/et_pb_section]<\/p>\n","protected":false},"excerpt":{"rendered":"<p>[et_pb_section fb_built=&#8220;1&#8243; _builder_version=&#8220;3.22&#8243;][et_pb_row _builder_version=&#8220;3.25&#8243; background_size=&#8220;initial&#8220; background_position=&#8220;top_left&#8220; background_repeat=&#8220;repeat&#8220;][et_pb_column type=&#8220;4_4&#8243; _builder_version=&#8220;3.25&#8243; custom_padding=&#8220;|||&#8220; custom_padding__hover=&#8220;|||&#8220;][et_pb_text module_class=&#8220;legal&#8220; _builder_version=&#8220;4.4.8&#8243; hover_enabled=&#8220;0&#8243;] Z\u00e1sady cookies Cookie je soubor, kter\u00fd se st\u00e1hne do va\u0161eho po\u010d\u00edta\u010de pro p\u0159\u00edstup ke konkr\u00e9tn\u00edm webov\u00fdm str\u00e1nk\u00e1m. Soubory cookie umo\u017e\u0148uj\u00ed webov\u00e9 str\u00e1nce, mimo jin\u00e9, ukl\u00e1dat a obnovovat informace o zvyc\u00edch prohled\u00e1v\u00e1n\u00ed u\u017eivatel\u016f nebo po\u010d\u00edta\u010d\u016f, v z\u00e1vislosti na obsa\u017een\u00fdch informac\u00edch a zp\u016fsobu, [&hellip;]<\/p>\n","protected":false},"author":1,"featured_media":0,"parent":0,"menu_order":110,"comment_status":"closed","ping_status":"closed","template":"","meta":{"_et_pb_use_builder":"on","_et_pb_old_content":"","_et_gb_content_width":"","inline_featured_image":false,"cybocfi_hide_featured_image":"","footnotes":""},"class_list":["post-3788","page","type-page","status-publish","hentry"],"yoast_head":"<!-- This site is optimized with the Yoast SEO plugin v27.3 - https:\/\/yoast.com\/product\/yoast-seo-wordpress\/ -->\n<title>Z\u00e1sady cookies - Batz<\/title>\n<meta name=\"robots\" content=\"noindex, follow\" \/>\n<meta property=\"og:locale\" content=\"cs_CZ\" \/>\n<meta property=\"og:type\" content=\"article\" \/>\n<meta property=\"og:title\" content=\"Z\u00e1sady cookies - Batz\" \/>\n<meta property=\"og:description\" content=\"[et_pb_section fb_built=&#8220;1&#8243; _builder_version=&#8220;3.22&#8243;][et_pb_row _builder_version=&#8220;3.25&#8243; background_size=&#8220;initial&#8220; background_position=&#8220;top_left&#8220; background_repeat=&#8220;repeat&#8220;][et_pb_column type=&#8220;4_4&#8243; _builder_version=&#8220;3.25&#8243; custom_padding=&#8220;|||&#8220; custom_padding__hover=&#8220;|||&#8220;][et_pb_text module_class=&#8220;legal&#8220; _builder_version=&#8220;4.4.8&#8243; hover_enabled=&#8220;0&#8243;] Z\u00e1sady cookies Cookie je soubor, kter\u00fd se st\u00e1hne do va\u0161eho po\u010d\u00edta\u010de pro p\u0159\u00edstup ke konkr\u00e9tn\u00edm webov\u00fdm str\u00e1nk\u00e1m. Soubory cookie umo\u017e\u0148uj\u00ed webov\u00e9 str\u00e1nce, mimo jin\u00e9, ukl\u00e1dat a obnovovat informace o zvyc\u00edch prohled\u00e1v\u00e1n\u00ed u\u017eivatel\u016f nebo po\u010d\u00edta\u010d\u016f, v z\u00e1vislosti na obsa\u017een\u00fdch informac\u00edch a zp\u016fsobu, [&hellip;]\" \/>\n<meta property=\"og:url\" content=\"https:\/\/www.batz.com\/cs\/zasady-cookies\/\" \/>\n<meta property=\"og:site_name\" content=\"Batz\" \/>\n<meta property=\"article:modified_time\" content=\"2021-02-10T17:31:10+00:00\" \/>\n<meta name=\"twitter:card\" content=\"summary_large_image\" \/>\n<meta name=\"twitter:label1\" content=\"Odhadovan\u00e1 doba \u010dten\u00ed\" \/>\n\t<meta name=\"twitter:data1\" content=\"4 minuty\" \/>\n<script type=\"application\/ld+json\" class=\"yoast-schema-graph\">{\"@context\":\"https:\\\/\\\/schema.org\",\"@graph\":[{\"@type\":\"WebPage\",\"@id\":\"https:\\\/\\\/www.batz.com\\\/cs\\\/zasady-cookies\\\/\",\"url\":\"https:\\\/\\\/www.batz.com\\\/cs\\\/zasady-cookies\\\/\",\"name\":\"Z\u00e1sady cookies - Batz\",\"isPartOf\":{\"@id\":\"https:\\\/\\\/www.batz.com\\\/cs\\\/#website\"},\"datePublished\":\"2021-02-10T17:23:40+00:00\",\"dateModified\":\"2021-02-10T17:31:10+00:00\",\"breadcrumb\":{\"@id\":\"https:\\\/\\\/www.batz.com\\\/cs\\\/zasady-cookies\\\/#breadcrumb\"},\"inLanguage\":\"cs\",\"potentialAction\":[{\"@type\":\"ReadAction\",\"target\":[\"https:\\\/\\\/www.batz.com\\\/cs\\\/zasady-cookies\\\/\"]}]},{\"@type\":\"BreadcrumbList\",\"@id\":\"https:\\\/\\\/www.batz.com\\\/cs\\\/zasady-cookies\\\/#breadcrumb\",\"itemListElement\":[{\"@type\":\"ListItem\",\"position\":1,\"name\":\"Portada\",\"item\":\"https:\\\/\\\/www.batz.com\\\/cs\\\/\"},{\"@type\":\"ListItem\",\"position\":2,\"name\":\"Z\u00e1sady cookies\"}]},{\"@type\":\"WebSite\",\"@id\":\"https:\\\/\\\/www.batz.com\\\/cs\\\/#website\",\"url\":\"https:\\\/\\\/www.batz.com\\\/cs\\\/\",\"name\":\"Batz\",\"description\":\"Meeting your challenges\",\"publisher\":{\"@id\":\"https:\\\/\\\/www.batz.com\\\/cs\\\/#organization\"},\"potentialAction\":[{\"@type\":\"SearchAction\",\"target\":{\"@type\":\"EntryPoint\",\"urlTemplate\":\"https:\\\/\\\/www.batz.com\\\/cs\\\/?s={search_term_string}\"},\"query-input\":{\"@type\":\"PropertyValueSpecification\",\"valueRequired\":true,\"valueName\":\"search_term_string\"}}],\"inLanguage\":\"cs\"},{\"@type\":\"Organization\",\"@id\":\"https:\\\/\\\/www.batz.com\\\/cs\\\/#organization\",\"name\":\"Batz\",\"url\":\"https:\\\/\\\/www.batz.com\\\/cs\\\/\",\"logo\":{\"@type\":\"ImageObject\",\"inLanguage\":\"cs\",\"@id\":\"https:\\\/\\\/www.batz.com\\\/cs\\\/#\\\/schema\\\/logo\\\/image\\\/\",\"url\":\"https:\\\/\\\/www.batz.com\\\/wp-content\\\/uploads\\\/2018\\\/08\\\/batz.png\",\"contentUrl\":\"https:\\\/\\\/www.batz.com\\\/wp-content\\\/uploads\\\/2018\\\/08\\\/batz.png\",\"width\":160,\"height\":44,\"caption\":\"Batz\"},\"image\":{\"@id\":\"https:\\\/\\\/www.batz.com\\\/cs\\\/#\\\/schema\\\/logo\\\/image\\\/\"},\"sameAs\":[\"https:\\\/\\\/www.linkedin.com\\\/company\\\/646339\\\/\"]}]}<\/script>\n<!-- \/ Yoast SEO plugin. -->","yoast_head_json":{"title":"Z\u00e1sady cookies - Batz","robots":{"index":"noindex","follow":"follow"},"og_locale":"cs_CZ","og_type":"article","og_title":"Z\u00e1sady cookies - Batz","og_description":"[et_pb_section fb_built=&#8220;1&#8243; _builder_version=&#8220;3.22&#8243;][et_pb_row _builder_version=&#8220;3.25&#8243; background_size=&#8220;initial&#8220; background_position=&#8220;top_left&#8220; background_repeat=&#8220;repeat&#8220;][et_pb_column type=&#8220;4_4&#8243; _builder_version=&#8220;3.25&#8243; custom_padding=&#8220;|||&#8220; custom_padding__hover=&#8220;|||&#8220;][et_pb_text module_class=&#8220;legal&#8220; _builder_version=&#8220;4.4.8&#8243; hover_enabled=&#8220;0&#8243;] Z\u00e1sady cookies Cookie je soubor, kter\u00fd se st\u00e1hne do va\u0161eho po\u010d\u00edta\u010de pro p\u0159\u00edstup ke konkr\u00e9tn\u00edm webov\u00fdm str\u00e1nk\u00e1m. Soubory cookie umo\u017e\u0148uj\u00ed webov\u00e9 str\u00e1nce, mimo jin\u00e9, ukl\u00e1dat a obnovovat informace o zvyc\u00edch prohled\u00e1v\u00e1n\u00ed u\u017eivatel\u016f nebo po\u010d\u00edta\u010d\u016f, v z\u00e1vislosti na obsa\u017een\u00fdch informac\u00edch a zp\u016fsobu, [&hellip;]","og_url":"https:\/\/www.batz.com\/cs\/zasady-cookies\/","og_site_name":"Batz","article_modified_time":"2021-02-10T17:31:10+00:00","twitter_card":"summary_large_image","twitter_misc":{"Odhadovan\u00e1 doba \u010dten\u00ed":"4 minuty"},"schema":{"@context":"https:\/\/schema.org","@graph":[{"@type":"WebPage","@id":"https:\/\/www.batz.com\/cs\/zasady-cookies\/","url":"https:\/\/www.batz.com\/cs\/zasady-cookies\/","name":"Z\u00e1sady cookies - Batz","isPartOf":{"@id":"https:\/\/www.batz.com\/cs\/#website"},"datePublished":"2021-02-10T17:23:40+00:00","dateModified":"2021-02-10T17:31:10+00:00","breadcrumb":{"@id":"https:\/\/www.batz.com\/cs\/zasady-cookies\/#breadcrumb"},"inLanguage":"cs","potentialAction":[{"@type":"ReadAction","target":["https:\/\/www.batz.com\/cs\/zasady-cookies\/"]}]},{"@type":"BreadcrumbList","@id":"https:\/\/www.batz.com\/cs\/zasady-cookies\/#breadcrumb","itemListElement":[{"@type":"ListItem","position":1,"name":"Portada","item":"https:\/\/www.batz.com\/cs\/"},{"@type":"ListItem","position":2,"name":"Z\u00e1sady cookies"}]},{"@type":"WebSite","@id":"https:\/\/www.batz.com\/cs\/#website","url":"https:\/\/www.batz.com\/cs\/","name":"Batz","description":"Meeting your challenges","publisher":{"@id":"https:\/\/www.batz.com\/cs\/#organization"},"potentialAction":[{"@type":"SearchAction","target":{"@type":"EntryPoint","urlTemplate":"https:\/\/www.batz.com\/cs\/?s={search_term_string}"},"query-input":{"@type":"PropertyValueSpecification","valueRequired":true,"valueName":"search_term_string"}}],"inLanguage":"cs"},{"@type":"Organization","@id":"https:\/\/www.batz.com\/cs\/#organization","name":"Batz","url":"https:\/\/www.batz.com\/cs\/","logo":{"@type":"ImageObject","inLanguage":"cs","@id":"https:\/\/www.batz.com\/cs\/#\/schema\/logo\/image\/","url":"https:\/\/www.batz.com\/wp-content\/uploads\/2018\/08\/batz.png","contentUrl":"https:\/\/www.batz.com\/wp-content\/uploads\/2018\/08\/batz.png","width":160,"height":44,"caption":"Batz"},"image":{"@id":"https:\/\/www.batz.com\/cs\/#\/schema\/logo\/image\/"},"sameAs":["https:\/\/www.linkedin.com\/company\/646339\/"]}]}},"_links":{"self":[{"href":"https:\/\/www.batz.com\/cs\/wp-json\/wp\/v2\/pages\/3788","targetHints":{"allow":["GET"]}}],"collection":[{"href":"https:\/\/www.batz.com\/cs\/wp-json\/wp\/v2\/pages"}],"about":[{"href":"https:\/\/www.batz.com\/cs\/wp-json\/wp\/v2\/types\/page"}],"author":[{"embeddable":true,"href":"https:\/\/www.batz.com\/cs\/wp-json\/wp\/v2\/users\/1"}],"replies":[{"embeddable":true,"href":"https:\/\/www.batz.com\/cs\/wp-json\/wp\/v2\/comments?post=3788"}],"version-history":[{"count":0,"href":"https:\/\/www.batz.com\/cs\/wp-json\/wp\/v2\/pages\/3788\/revisions"}],"wp:attachment":[{"href":"https:\/\/www.batz.com\/cs\/wp-json\/wp\/v2\/media?parent=3788"}],"curies":[{"name":"wp","href":"https:\/\/api.w.org\/{rel}","templated":true}]}}