{"id":1406,"date":"2019-03-26T14:14:57","date_gmt":"2019-03-26T14:14:57","guid":{"rendered":"https:\/\/www.batz.com\/?page_id=1406"},"modified":"2023-01-02T09:42:35","modified_gmt":"2023-01-02T08:42:35","slug":"mondragon-corporation","status":"publish","type":"page","link":"https:\/\/www.batz.com\/es\/batz-group\/mondragon-corporation\/","title":{"rendered":"Mondragon Corporation"},"content":{"rendered":"<p>[et_pb_section fb_built=\u00bb1&#8243; module_class=\u00bbcabeceras\u00bb _builder_version=\u00bb3.22&#8243; background_image=\u00bbhttps:\/\/www.batz.com\/wp-content\/uploads\/2019\/01\/mondragon-header-bck.jpg\u00bb custom_margin=\u00bb0px|||\u00bb custom_padding=\u00bb0px|||\u00bb][et_pb_row _builder_version=\u00bb3.25&#8243; background_size=\u00bbinitial\u00bb background_position=\u00bbtop_left\u00bb background_repeat=\u00bbrepeat\u00bb][et_pb_column type=\u00bb4_4&#8243; _builder_version=\u00bb3.25&#8243; custom_padding=\u00bb|||\u00bb custom_padding__hover=\u00bb|||\u00bb][et_pb_text admin_label=\u00bbMondragon Corporation\u00bb _builder_version=\u00bb3.27.4&#8243;]<\/p>\n<h1>Mondragon<br \/>\nCorporation<\/h1>\n<p>[\/et_pb_text][\/et_pb_column][\/et_pb_row][\/et_pb_section][et_pb_section fb_built=\u00bb1&#8243; _builder_version=\u00bb3.22&#8243; custom_margin=\u00bb0px|||\u00bb custom_padding=\u00bb0px|||\u00bb][et_pb_row _builder_version=\u00bb3.25&#8243; custom_padding=\u00bb40px||40px|\u00bb][et_pb_column type=\u00bb4_4&#8243; _builder_version=\u00bb3.25&#8243; custom_padding=\u00bb|||\u00bb custom_padding__hover=\u00bb|||\u00bb][et_pb_text module_class=\u00bbpage-intro\u00bb _builder_version=\u00bb3.27.4&#8243;]<\/p>\n<p>Somos la \u00fanica compa\u00f1\u00eda dentro del \u00e1rea industrial de MONDRAGON con presencia en ambas l\u00edneas de actividad en automoci\u00f3n.<\/p>\n<p>[\/et_pb_text][\/et_pb_column][\/et_pb_row][et_pb_row use_custom_gutter=\u00bbon\u00bb gutter_width=\u00bb1&#8243; make_equal=\u00bbon\u00bb module_class=\u00bbmondragon-list\u00bb _builder_version=\u00bb3.25&#8243; background_color=\u00bb#7f7f7f\u00bb background_image=\u00bbhttps:\/\/www.batz.com\/wp-content\/uploads\/2019\/01\/mondragon-bck.jpg\u00bb custom_padding=\u00bb20px||150px|\u00bb column_structure=\u00bb1_2,1_2&#8243;][et_pb_column type=\u00bb1_2&#8243; _builder_version=\u00bb3.25&#8243; custom_padding=\u00bb|||\u00bb custom_padding__hover=\u00bb|||\u00bb][et_pb_text admin_label=\u00bbMASS PRODUCTION\u00bb module_class=\u00bbmass-production\u00bb _builder_version=\u00bb3.27.4&#8243; background_layout=\u00bbdark\u00bb]<\/p>\n<h2>MASS PRODUCTION<\/h2>\n<ul>\n<li class=\"cuarenta izquierda\">Automotive Systems<\/li>\n<li class=\"izquierda\">Fluid conduction &amp; Antivibration<\/li>\n<li class=\"cuarenta izquierda\">Chassis &amp; Powertrain<\/li>\n<li class=\"izquierda\">Electronics<\/li>\n<li class=\"clearfix\">Exterior &amp; interior Colour &amp; trim<\/li>\n<\/ul>\n<p>[\/et_pb_text][\/et_pb_column][et_pb_column type=\u00bb1_2&#8243; _builder_version=\u00bb3.25&#8243; custom_padding=\u00bb|||\u00bb custom_padding__hover=\u00bb|||\u00bb][et_pb_text admin_label=\u00bbMASS PRODUCTION\u00bb module_class=\u00bbtooling-equipment\u00bb _builder_version=\u00bb3.27.4&#8243; background_layout=\u00bbdark\u00bb]<\/p>\n<h2>TOOLING AND EQUIPMENT<\/h2>\n<ul>\n<li>Stamping Dies<\/li>\n<li>Stamping Machinery<\/li>\n<li>Foundry machinery and Tooling<\/li>\n<\/ul>\n<p>[\/et_pb_text][\/et_pb_column][\/et_pb_row][\/et_pb_section][et_pb_section fb_built=\u00bb1&#8243; module_class=\u00bbtitulo\u00bb _builder_version=\u00bb3.22&#8243; background_color=\u00bb#d0d0d0&#8243; custom_margin=\u00bb||20px|\u00bb][et_pb_row _builder_version=\u00bb3.25&#8243;][et_pb_column type=\u00bb4_4&#8243; _builder_version=\u00bb3.25&#8243; custom_padding=\u00bb|||\u00bb custom_padding__hover=\u00bb|||\u00bb][et_pb_text admin_label=\u00bbMONDRAGON main figures\u00bb module_class=\u00bbtitulo\u00bb _builder_version=\u00bb4.9.1&#8243; hover_enabled=\u00bb0&#8243; sticky_enabled=\u00bb0&#8243;]<\/p>\n<h2>MONDRAGON principales cifras 2021<\/h2>\n<p>[\/et_pb_text][\/et_pb_column][\/et_pb_row][\/et_pb_section][et_pb_section fb_built=\u00bb1&#8243; _builder_version=\u00bb3.22&#8243; custom_margin=\u00bb0px|||\u00bb custom_padding=\u00bb0px|||\u00bb][et_pb_row _builder_version=\u00bb3.25&#8243; background_size=\u00bbinitial\u00bb background_position=\u00bbtop_left\u00bb background_repeat=\u00bbrepeat\u00bb column_structure=\u00bb1_2,1_2&#8243;][et_pb_column type=\u00bb1_2&#8243; _builder_version=\u00bb3.25&#8243; custom_padding=\u00bb|||\u00bb custom_padding__hover=\u00bb|||\u00bb][et_pb_image src=\u00bbhttps:\/\/www.batz.com\/wp-content\/uploads\/2018\/09\/modragon-figures.jpg\u00bb align=\u00bbcenter\u00bb align_tablet=\u00bbcenter\u00bb align_last_edited=\u00bbon|desktop\u00bb _builder_version=\u00bb3.23&#8243;][\/et_pb_image][\/et_pb_column][et_pb_column type=\u00bb1_2&#8243; _builder_version=\u00bb3.25&#8243; custom_padding=\u00bb|||\u00bb custom_padding__hover=\u00bb|||\u00bb][et_pb_text admin_label=\u00bbFigures\u00bb module_class=\u00bbfigures\u00bb _builder_version=\u00bb4.9.1&#8243; hover_enabled=\u00bb0&#8243; sticky_enabled=\u00bb0&#8243;]<\/p>\n<ul>\n<li>10\u00aa en el ranking de empesas espa\u00f1olas.<\/li>\n<li>\u00c1reas de actividad: finanza, industrial, distribuci\u00f3n y conocimiento.<\/li>\n<li>Entidades: 264<\/li>\n<li>Ingresos totales: 11.404M\u20ac.<\/li>\n<li>Empleo: 80.821<\/li>\n<\/ul>\n<p>[\/et_pb_text][\/et_pb_column][\/et_pb_row][et_pb_row _builder_version=\u00bb3.25&#8243; background_size=\u00bbinitial\u00bb background_position=\u00bbtop_left\u00bb background_repeat=\u00bbrepeat\u00bb][et_pb_column type=\u00bb4_4&#8243; _builder_version=\u00bb3.25&#8243; custom_padding=\u00bb|||\u00bb custom_padding__hover=\u00bb|||\u00bb][et_pb_code _builder_version=\u00bb3.19.3&#8243;]<iframe loading=\"lazy\" src=\"https:\/\/player.vimeo.com\/video\/185972376?title=0&#038;byline=0&#038;portrait=0\" width=\"1200\" height=\"450\" frameborder=\"0\" allowfullscreen=\"allowfullscreen\" data-mce-fragment=\"1\"><\/iframe>[\/et_pb_code][\/et_pb_column][\/et_pb_row][\/et_pb_section]<\/p>\n","protected":false},"excerpt":{"rendered":"<p>[et_pb_section fb_built=\u00bb1&#8243; module_class=\u00bbcabeceras\u00bb _builder_version=\u00bb3.22&#8243; background_image=\u00bbhttps:\/\/www.batz.com\/wp-content\/uploads\/2019\/01\/mondragon-header-bck.jpg\u00bb custom_margin=\u00bb0px|||\u00bb custom_padding=\u00bb0px|||\u00bb][et_pb_row _builder_version=\u00bb3.25&#8243; background_size=\u00bbinitial\u00bb background_position=\u00bbtop_left\u00bb background_repeat=\u00bbrepeat\u00bb][et_pb_column type=\u00bb4_4&#8243; _builder_version=\u00bb3.25&#8243; custom_padding=\u00bb|||\u00bb custom_padding__hover=\u00bb|||\u00bb][et_pb_text admin_label=\u00bbMondragon Corporation\u00bb _builder_version=\u00bb3.27.4&#8243;] Mondragon Corporation [\/et_pb_text][\/et_pb_column][\/et_pb_row][\/et_pb_section][et_pb_section fb_built=\u00bb1&#8243; _builder_version=\u00bb3.22&#8243; custom_margin=\u00bb0px|||\u00bb custom_padding=\u00bb0px|||\u00bb][et_pb_row _builder_version=\u00bb3.25&#8243; custom_padding=\u00bb40px||40px|\u00bb][et_pb_column type=\u00bb4_4&#8243; _builder_version=\u00bb3.25&#8243; custom_padding=\u00bb|||\u00bb custom_padding__hover=\u00bb|||\u00bb][et_pb_text module_class=\u00bbpage-intro\u00bb _builder_version=\u00bb3.27.4&#8243;] Somos la \u00fanica compa\u00f1\u00eda dentro del \u00e1rea industrial de MONDRAGON con presencia en ambas l\u00edneas de actividad en automoci\u00f3n. [\/et_pb_text][\/et_pb_column][\/et_pb_row][et_pb_row use_custom_gutter=\u00bbon\u00bb gutter_width=\u00bb1&#8243; [&hellip;]<\/p>\n","protected":false},"author":1,"featured_media":0,"parent":1449,"menu_order":70,"comment_status":"closed","ping_status":"closed","template":"","meta":{"_et_pb_use_builder":"on","_et_pb_old_content":"","_et_gb_content_width":"","inline_featured_image":false,"cybocfi_hide_featured_image":"","footnotes":""},"class_list":["post-1406","page","type-page","status-publish","hentry"],"yoast_head":"<!-- This site is optimized with the Yoast SEO plugin v27.3 - https:\/\/yoast.com\/product\/yoast-seo-wordpress\/ -->\n<title>Mondragon Corporation - Batz<\/title>\n<meta name=\"robots\" content=\"index, follow, max-snippet:-1, max-image-preview:large, max-video-preview:-1\" \/>\n<link rel=\"canonical\" href=\"https:\/\/www.batz.com\/es\/batz-group\/mondragon-corporation\/\" \/>\n<meta property=\"og:locale\" content=\"es_ES\" \/>\n<meta property=\"og:type\" content=\"article\" \/>\n<meta property=\"og:title\" content=\"Mondragon Corporation - Batz\" \/>\n<meta property=\"og:description\" content=\"[et_pb_section fb_built=\u00bb1&#8243; module_class=\u00bbcabeceras\u00bb _builder_version=\u00bb3.22&#8243; background_image=\u00bbhttps:\/\/www.batz.com\/wp-content\/uploads\/2019\/01\/mondragon-header-bck.jpg\u00bb custom_margin=\u00bb0px|||\u00bb custom_padding=\u00bb0px|||\u00bb][et_pb_row _builder_version=\u00bb3.25&#8243; background_size=\u00bbinitial\u00bb background_position=\u00bbtop_left\u00bb background_repeat=\u00bbrepeat\u00bb][et_pb_column type=\u00bb4_4&#8243; _builder_version=\u00bb3.25&#8243; custom_padding=\u00bb|||\u00bb custom_padding__hover=\u00bb|||\u00bb][et_pb_text admin_label=\u00bbMondragon Corporation\u00bb _builder_version=\u00bb3.27.4&#8243;] Mondragon Corporation [\/et_pb_text][\/et_pb_column][\/et_pb_row][\/et_pb_section][et_pb_section fb_built=\u00bb1&#8243; _builder_version=\u00bb3.22&#8243; custom_margin=\u00bb0px|||\u00bb custom_padding=\u00bb0px|||\u00bb][et_pb_row _builder_version=\u00bb3.25&#8243; custom_padding=\u00bb40px||40px|\u00bb][et_pb_column type=\u00bb4_4&#8243; _builder_version=\u00bb3.25&#8243; custom_padding=\u00bb|||\u00bb custom_padding__hover=\u00bb|||\u00bb][et_pb_text module_class=\u00bbpage-intro\u00bb _builder_version=\u00bb3.27.4&#8243;] Somos la \u00fanica compa\u00f1\u00eda dentro del \u00e1rea industrial de MONDRAGON con presencia en ambas l\u00edneas de actividad en automoci\u00f3n. [\/et_pb_text][\/et_pb_column][\/et_pb_row][et_pb_row use_custom_gutter=\u00bbon\u00bb gutter_width=\u00bb1&#8243; [&hellip;]\" \/>\n<meta property=\"og:url\" content=\"https:\/\/www.batz.com\/es\/batz-group\/mondragon-corporation\/\" \/>\n<meta property=\"og:site_name\" content=\"Batz\" \/>\n<meta property=\"article:modified_time\" content=\"2023-01-02T08:42:35+00:00\" \/>\n<meta name=\"twitter:card\" content=\"summary_large_image\" \/>\n<meta name=\"twitter:label1\" content=\"Tiempo de lectura\" \/>\n\t<meta name=\"twitter:data1\" content=\"3 minutos\" \/>\n<script type=\"application\/ld+json\" class=\"yoast-schema-graph\">{\"@context\":\"https:\\\/\\\/schema.org\",\"@graph\":[{\"@type\":\"WebPage\",\"@id\":\"https:\\\/\\\/www.batz.com\\\/es\\\/batz-group\\\/mondragon-corporation\\\/\",\"url\":\"https:\\\/\\\/www.batz.com\\\/es\\\/batz-group\\\/mondragon-corporation\\\/\",\"name\":\"Mondragon Corporation - Batz\",\"isPartOf\":{\"@id\":\"https:\\\/\\\/www.batz.com\\\/es\\\/#website\"},\"datePublished\":\"2019-03-26T14:14:57+00:00\",\"dateModified\":\"2023-01-02T08:42:35+00:00\",\"breadcrumb\":{\"@id\":\"https:\\\/\\\/www.batz.com\\\/es\\\/batz-group\\\/mondragon-corporation\\\/#breadcrumb\"},\"inLanguage\":\"es\",\"potentialAction\":[{\"@type\":\"ReadAction\",\"target\":[\"https:\\\/\\\/www.batz.com\\\/es\\\/batz-group\\\/mondragon-corporation\\\/\"]}]},{\"@type\":\"BreadcrumbList\",\"@id\":\"https:\\\/\\\/www.batz.com\\\/es\\\/batz-group\\\/mondragon-corporation\\\/#breadcrumb\",\"itemListElement\":[{\"@type\":\"ListItem\",\"position\":1,\"name\":\"Portada\",\"item\":\"https:\\\/\\\/www.batz.com\\\/es\\\/\"},{\"@type\":\"ListItem\",\"position\":2,\"name\":\"Batz Group\",\"item\":\"https:\\\/\\\/www.batz.com\\\/es\\\/batz-group\\\/\"},{\"@type\":\"ListItem\",\"position\":3,\"name\":\"Mondragon Corporation\"}]},{\"@type\":\"WebSite\",\"@id\":\"https:\\\/\\\/www.batz.com\\\/es\\\/#website\",\"url\":\"https:\\\/\\\/www.batz.com\\\/es\\\/\",\"name\":\"Batz\",\"description\":\"Meeting your challenges\",\"publisher\":{\"@id\":\"https:\\\/\\\/www.batz.com\\\/es\\\/#organization\"},\"potentialAction\":[{\"@type\":\"SearchAction\",\"target\":{\"@type\":\"EntryPoint\",\"urlTemplate\":\"https:\\\/\\\/www.batz.com\\\/es\\\/?s={search_term_string}\"},\"query-input\":{\"@type\":\"PropertyValueSpecification\",\"valueRequired\":true,\"valueName\":\"search_term_string\"}}],\"inLanguage\":\"es\"},{\"@type\":\"Organization\",\"@id\":\"https:\\\/\\\/www.batz.com\\\/es\\\/#organization\",\"name\":\"Batz\",\"url\":\"https:\\\/\\\/www.batz.com\\\/es\\\/\",\"logo\":{\"@type\":\"ImageObject\",\"inLanguage\":\"es\",\"@id\":\"https:\\\/\\\/www.batz.com\\\/es\\\/#\\\/schema\\\/logo\\\/image\\\/\",\"url\":\"https:\\\/\\\/www.batz.com\\\/wp-content\\\/uploads\\\/2018\\\/08\\\/batz.png\",\"contentUrl\":\"https:\\\/\\\/www.batz.com\\\/wp-content\\\/uploads\\\/2018\\\/08\\\/batz.png\",\"width\":160,\"height\":44,\"caption\":\"Batz\"},\"image\":{\"@id\":\"https:\\\/\\\/www.batz.com\\\/es\\\/#\\\/schema\\\/logo\\\/image\\\/\"},\"sameAs\":[\"https:\\\/\\\/www.linkedin.com\\\/company\\\/646339\\\/\"]}]}<\/script>\n<!-- \/ Yoast SEO plugin. -->","yoast_head_json":{"title":"Mondragon Corporation - Batz","robots":{"index":"index","follow":"follow","max-snippet":"max-snippet:-1","max-image-preview":"max-image-preview:large","max-video-preview":"max-video-preview:-1"},"canonical":"https:\/\/www.batz.com\/es\/batz-group\/mondragon-corporation\/","og_locale":"es_ES","og_type":"article","og_title":"Mondragon Corporation - Batz","og_description":"[et_pb_section fb_built=\u00bb1&#8243; module_class=\u00bbcabeceras\u00bb _builder_version=\u00bb3.22&#8243; background_image=\u00bbhttps:\/\/www.batz.com\/wp-content\/uploads\/2019\/01\/mondragon-header-bck.jpg\u00bb custom_margin=\u00bb0px|||\u00bb custom_padding=\u00bb0px|||\u00bb][et_pb_row _builder_version=\u00bb3.25&#8243; background_size=\u00bbinitial\u00bb background_position=\u00bbtop_left\u00bb background_repeat=\u00bbrepeat\u00bb][et_pb_column type=\u00bb4_4&#8243; _builder_version=\u00bb3.25&#8243; custom_padding=\u00bb|||\u00bb custom_padding__hover=\u00bb|||\u00bb][et_pb_text admin_label=\u00bbMondragon Corporation\u00bb _builder_version=\u00bb3.27.4&#8243;] Mondragon Corporation [\/et_pb_text][\/et_pb_column][\/et_pb_row][\/et_pb_section][et_pb_section fb_built=\u00bb1&#8243; _builder_version=\u00bb3.22&#8243; custom_margin=\u00bb0px|||\u00bb custom_padding=\u00bb0px|||\u00bb][et_pb_row _builder_version=\u00bb3.25&#8243; custom_padding=\u00bb40px||40px|\u00bb][et_pb_column type=\u00bb4_4&#8243; _builder_version=\u00bb3.25&#8243; custom_padding=\u00bb|||\u00bb custom_padding__hover=\u00bb|||\u00bb][et_pb_text module_class=\u00bbpage-intro\u00bb _builder_version=\u00bb3.27.4&#8243;] Somos la \u00fanica compa\u00f1\u00eda dentro del \u00e1rea industrial de MONDRAGON con presencia en ambas l\u00edneas de actividad en automoci\u00f3n. [\/et_pb_text][\/et_pb_column][\/et_pb_row][et_pb_row use_custom_gutter=\u00bbon\u00bb gutter_width=\u00bb1&#8243; [&hellip;]","og_url":"https:\/\/www.batz.com\/es\/batz-group\/mondragon-corporation\/","og_site_name":"Batz","article_modified_time":"2023-01-02T08:42:35+00:00","twitter_card":"summary_large_image","twitter_misc":{"Tiempo de lectura":"3 minutos"},"schema":{"@context":"https:\/\/schema.org","@graph":[{"@type":"WebPage","@id":"https:\/\/www.batz.com\/es\/batz-group\/mondragon-corporation\/","url":"https:\/\/www.batz.com\/es\/batz-group\/mondragon-corporation\/","name":"Mondragon Corporation - Batz","isPartOf":{"@id":"https:\/\/www.batz.com\/es\/#website"},"datePublished":"2019-03-26T14:14:57+00:00","dateModified":"2023-01-02T08:42:35+00:00","breadcrumb":{"@id":"https:\/\/www.batz.com\/es\/batz-group\/mondragon-corporation\/#breadcrumb"},"inLanguage":"es","potentialAction":[{"@type":"ReadAction","target":["https:\/\/www.batz.com\/es\/batz-group\/mondragon-corporation\/"]}]},{"@type":"BreadcrumbList","@id":"https:\/\/www.batz.com\/es\/batz-group\/mondragon-corporation\/#breadcrumb","itemListElement":[{"@type":"ListItem","position":1,"name":"Portada","item":"https:\/\/www.batz.com\/es\/"},{"@type":"ListItem","position":2,"name":"Batz Group","item":"https:\/\/www.batz.com\/es\/batz-group\/"},{"@type":"ListItem","position":3,"name":"Mondragon Corporation"}]},{"@type":"WebSite","@id":"https:\/\/www.batz.com\/es\/#website","url":"https:\/\/www.batz.com\/es\/","name":"Batz","description":"Meeting your challenges","publisher":{"@id":"https:\/\/www.batz.com\/es\/#organization"},"potentialAction":[{"@type":"SearchAction","target":{"@type":"EntryPoint","urlTemplate":"https:\/\/www.batz.com\/es\/?s={search_term_string}"},"query-input":{"@type":"PropertyValueSpecification","valueRequired":true,"valueName":"search_term_string"}}],"inLanguage":"es"},{"@type":"Organization","@id":"https:\/\/www.batz.com\/es\/#organization","name":"Batz","url":"https:\/\/www.batz.com\/es\/","logo":{"@type":"ImageObject","inLanguage":"es","@id":"https:\/\/www.batz.com\/es\/#\/schema\/logo\/image\/","url":"https:\/\/www.batz.com\/wp-content\/uploads\/2018\/08\/batz.png","contentUrl":"https:\/\/www.batz.com\/wp-content\/uploads\/2018\/08\/batz.png","width":160,"height":44,"caption":"Batz"},"image":{"@id":"https:\/\/www.batz.com\/es\/#\/schema\/logo\/image\/"},"sameAs":["https:\/\/www.linkedin.com\/company\/646339\/"]}]}},"_links":{"self":[{"href":"https:\/\/www.batz.com\/es\/wp-json\/wp\/v2\/pages\/1406","targetHints":{"allow":["GET"]}}],"collection":[{"href":"https:\/\/www.batz.com\/es\/wp-json\/wp\/v2\/pages"}],"about":[{"href":"https:\/\/www.batz.com\/es\/wp-json\/wp\/v2\/types\/page"}],"author":[{"embeddable":true,"href":"https:\/\/www.batz.com\/es\/wp-json\/wp\/v2\/users\/1"}],"replies":[{"embeddable":true,"href":"https:\/\/www.batz.com\/es\/wp-json\/wp\/v2\/comments?post=1406"}],"version-history":[{"count":0,"href":"https:\/\/www.batz.com\/es\/wp-json\/wp\/v2\/pages\/1406\/revisions"}],"up":[{"embeddable":true,"href":"https:\/\/www.batz.com\/es\/wp-json\/wp\/v2\/pages\/1449"}],"wp:attachment":[{"href":"https:\/\/www.batz.com\/es\/wp-json\/wp\/v2\/media?parent=1406"}],"curies":[{"name":"wp","href":"https:\/\/api.w.org\/{rel}","templated":true}]}}