{"id":1446,"date":"2019-03-26T15:11:31","date_gmt":"2019-03-26T15:11:31","guid":{"rendered":"https:\/\/www.batz.com\/?page_id=1446"},"modified":"2019-03-26T15:11:31","modified_gmt":"2019-03-26T15:11:31","slug":"forma-parte-de-la-movilidad-del-futuro","status":"publish","type":"page","link":"https:\/\/www.batz.com\/es\/batz-talent\/forma-parte-de-la-movilidad-del-futuro\/","title":{"rendered":"Forma parte de la movilidad del futuro"},"content":{"rendered":"<p>[et_pb_section bb_built=\u00bb1&#8243; specialty=\u00bboff\u00bb _builder_version=\u00bb3.12.2&#8243; background_image=\u00bbhttps:\/\/www.batz.com\/wp-content\/uploads\/2018\/08\/batz-talent-header.jpg\u00bb custom_margin=\u00bb0px|||\u00bb custom_padding=\u00bb0px|||\u00bb module_class=\u00bbcabeceras\u00bb next_background_color=\u00bb#ffffff\u00bb][et_pb_row][et_pb_column type=\u00bb4_4&#8243;][et_pb_text admin_label=\u00bbBe part of the next generation car Industry\u00bb _builder_version=\u00bb3.19.3&#8243;]<\/p>\n<h1>Forma parte de la movilidad del futuro<\/h1>\n<p>[\/et_pb_text][\/et_pb_column][\/et_pb_row][\/et_pb_section][et_pb_section bb_built=\u00bb1&#8243; fullwidth=\u00bboff\u00bb specialty=\u00bboff\u00bb prev_background_color=\u00bb#000000&#8243; disabled_on=\u00bbon|on|on\u00bb disabled=\u00bbon\u00bb next_background_color=\u00bb#000000&#8243;][et_pb_row][et_pb_column type=\u00bb1_2&#8243;][et_pb_text _builder_version=\u00bb3.12.2&#8243;]<\/p>\n<p>\nWe are improving this section to offer you a better experience. In the meantime, you can send us your information using the form below.<\/p>\n<p>[\/et_pb_text][\/et_pb_column][et_pb_column type=\u00bb1_2&#8243;][et_pb_text _builder_version=\u00bb3.12.2&#8243;]<\/p>\n<h3>Are you interested in working with us?<\/h3>\n<p>Send us your CV.<\/p>\n<p>[\/et_pb_text][et_pb_code _builder_version=\u00bb3.12.2&#8243; module_class=\u00bbtalent-form\u00bb]\n<div class=\"wpcf7 no-js\" id=\"wpcf7-f882-o1\" lang=\"es-ES\" dir=\"ltr\" data-wpcf7-id=\"882\">\n<div class=\"screen-reader-response\"><p role=\"status\" aria-live=\"polite\" aria-atomic=\"true\"><\/p> <ul><\/ul><\/div>\n<form action=\"\/es\/wp-json\/wp\/v2\/pages\/1446#wpcf7-f882-o1\" method=\"post\" class=\"wpcf7-form init\" aria-label=\"Formulario de contacto\" enctype=\"multipart\/form-data\" novalidate=\"novalidate\" data-status=\"init\">\n<fieldset class=\"hidden-fields-container\"><input type=\"hidden\" name=\"_wpcf7\" value=\"882\" \/><input type=\"hidden\" name=\"_wpcf7_version\" value=\"6.1.5\" \/><input type=\"hidden\" name=\"_wpcf7_locale\" value=\"es_ES\" \/><input type=\"hidden\" name=\"_wpcf7_unit_tag\" value=\"wpcf7-f882-o1\" \/><input type=\"hidden\" name=\"_wpcf7_container_post\" value=\"0\" \/><input type=\"hidden\" name=\"_wpcf7_posted_data_hash\" value=\"\" \/><input type=\"hidden\" name=\"_wpcf7_recaptcha_response\" value=\"\" \/>\n<\/fieldset>\n<p><label> Name*<br \/>\n<span class=\"wpcf7-form-control-wrap\" data-name=\"nombre\"><input size=\"40\" maxlength=\"400\" class=\"wpcf7-form-control wpcf7-text wpcf7-validates-as-required\" aria-required=\"true\" aria-invalid=\"false\" value=\"\" type=\"text\" name=\"nombre\" \/><\/span> <\/label>\n<\/p>\n<p><label> Surname*<br \/>\n<span class=\"wpcf7-form-control-wrap\" data-name=\"surname\"><input size=\"40\" maxlength=\"400\" class=\"wpcf7-form-control wpcf7-text wpcf7-validates-as-required\" aria-required=\"true\" aria-invalid=\"false\" value=\"\" type=\"text\" name=\"surname\" \/><\/span> <\/label>\n<\/p>\n<p><label> Email*<br \/>\n<span class=\"wpcf7-form-control-wrap\" data-name=\"correo\"><input size=\"40\" maxlength=\"400\" class=\"wpcf7-form-control wpcf7-email wpcf7-validates-as-required wpcf7-text wpcf7-validates-as-email\" aria-required=\"true\" aria-invalid=\"false\" value=\"\" type=\"email\" name=\"correo\" \/><\/span> <\/label>\n<\/p>\n<p>CV* <span class=\"wpcf7-form-control-wrap\" data-name=\"archivo\"><input size=\"40\" class=\"wpcf7-form-control wpcf7-file wpcf7-validates-as-required\" accept=\".pdf,.doc,.docx\" aria-required=\"true\" aria-invalid=\"false\" type=\"file\" name=\"archivo\" \/><\/span>\n<\/p>\n<p><label> Message<br \/>\n<span class=\"wpcf7-form-control-wrap\" data-name=\"your-message\"><textarea cols=\"40\" rows=\"10\" maxlength=\"2000\" class=\"wpcf7-form-control wpcf7-textarea\" aria-invalid=\"false\" name=\"your-message\"><\/textarea><\/span> <\/label>\n<\/p>\n<div class=\"nota-legal-form\">\n\t<p><span class=\"wpcf7-form-control-wrap\" data-name=\"lopd\"><span class=\"wpcf7-form-control wpcf7-acceptance\"><span class=\"wpcf7-list-item\"><input type=\"checkbox\" name=\"lopd\" value=\"1\" aria-invalid=\"false\" \/><\/span><\/span><\/span> Te informamos que, los datos de car\u00e1cter personal que figuran en tu CV as\u00ed como los obtenidos durante el proceso de selecci\u00f3n, ser\u00e1n tratados por BATZ S. COOP. con la finalidad de incluirlo en nuestro proceso de selecci\u00f3n de personal, donde se conservar\u00e1n durante un periodo de dos (2) a\u00f1os, pudiendo ser utilizados en pr\u00f3ximas convocatorias de puestos que se adapten a tu perfil.\n\t<\/p>\n\t<p>Puedes ejercitar gratuitamente los derechos de acceso, rectificaci\u00f3n, cancelaci\u00f3n, oposici\u00f3n, olvido, limitaci\u00f3n del tratamiento y portabilidad de tus datos de car\u00e1cter personal mediante comunicaci\u00f3n escrita dirigida a BATZ S. COOP. Barrio Torrea 2, 48140 \u2013 Igorre, Vizcaya.\n\t<\/p>\n<\/div>\n<p><input class=\"wpcf7-form-control wpcf7-submit has-spinner\" type=\"submit\" value=\"Send\" \/>\n<\/p><div class=\"wpcf7-response-output\" aria-hidden=\"true\"><\/div>\n<\/form>\n<\/div>\n[\/et_pb_code][\/et_pb_column][\/et_pb_row][\/et_pb_section][et_pb_section bb_built=\u00bb1&#8243; fullwidth=\u00bboff\u00bb specialty=\u00bboff\u00bb prev_background_color=\u00bb#000000&#8243; disabled_on=\u00bboff|off|off\u00bb disabled=\u00bboff\u00bb][et_pb_row][et_pb_column type=\u00bb4_4&#8243;][et_pb_text _builder_version=\u00bb3.19.3&#8243;]<\/p>\n<h2 style=\"color:#0088CC;font-size:2em;font-weight:600;\">\u00bfEres una persona apasionada y te gusta el trabajo en equipo?<br \/>\n<\/h2>\n<p>Acepta el reto y forma parte de este proyecto tan ilusionante que es BATZ.<\/p>\n<p>[\/et_pb_text][\/et_pb_column][\/et_pb_row][et_pb_row][et_pb_column type=\u00bb4_4&#8243;][et_pb_text _builder_version=\u00bb3.19.3&#8243;]<\/p>\n<div id=\"tc-jswidget\" data-client-id=\"509dc66905a67e51f6958a11ef76544f\" data-lang=\"es\" data-job-listing=\"1\"><\/div>\n<p>[\/et_pb_text][et_pb_code _builder_version=\u00bb3.19.3&#8243;]<script id=\"tc-jswidget-script\" type=\"application\/javascript\" src=\"https:\/\/careers.talentclue.com\/sites\/static\/widget\/jswidget.min.js\"><\/script>[\/et_pb_code][\/et_pb_column][\/et_pb_row][\/et_pb_section]<\/p>\n","protected":false},"excerpt":{"rendered":"<p>[et_pb_section bb_built=\u00bb1&#8243; specialty=\u00bboff\u00bb _builder_version=\u00bb3.12.2&#8243; background_image=\u00bbhttps:\/\/www.batz.com\/wp-content\/uploads\/2018\/08\/batz-talent-header.jpg\u00bb custom_margin=\u00bb0px|||\u00bb custom_padding=\u00bb0px|||\u00bb module_class=\u00bbcabeceras\u00bb next_background_color=\u00bb#ffffff\u00bb][et_pb_row][et_pb_column type=\u00bb4_4&#8243;][et_pb_text admin_label=\u00bbBe part of the next generation car Industry\u00bb _builder_version=\u00bb3.19.3&#8243;] Forma parte de la movilidad del futuro [\/et_pb_text][\/et_pb_column][\/et_pb_row][\/et_pb_section][et_pb_section bb_built=\u00bb1&#8243; fullwidth=\u00bboff\u00bb specialty=\u00bboff\u00bb prev_background_color=\u00bb#000000&#8243; disabled_on=\u00bbon|on|on\u00bb disabled=\u00bbon\u00bb next_background_color=\u00bb#000000&#8243;][et_pb_row][et_pb_column type=\u00bb1_2&#8243;][et_pb_text _builder_version=\u00bb3.12.2&#8243;] We are improving this section to offer you a better experience. In the meantime, you can send us your [&hellip;]<\/p>\n","protected":false},"author":1,"featured_media":0,"parent":1532,"menu_order":20,"comment_status":"closed","ping_status":"closed","template":"","meta":{"_et_pb_use_builder":"on","_et_pb_old_content":"","_et_gb_content_width":"","inline_featured_image":false,"cybocfi_hide_featured_image":"","footnotes":""},"class_list":["post-1446","page","type-page","status-publish","hentry"],"yoast_head":"<!-- This site is optimized with the Yoast SEO plugin v27.3 - https:\/\/yoast.com\/product\/yoast-seo-wordpress\/ -->\n<title>Forma parte de la movilidad del futuro - Batz<\/title>\n<meta name=\"robots\" content=\"index, follow, max-snippet:-1, max-image-preview:large, max-video-preview:-1\" \/>\n<link rel=\"canonical\" href=\"https:\/\/www.batz.com\/es\/batz-talent\/forma-parte-de-la-movilidad-del-futuro\/\" \/>\n<meta property=\"og:locale\" content=\"es_ES\" \/>\n<meta property=\"og:type\" content=\"article\" \/>\n<meta property=\"og:title\" content=\"Forma parte de la movilidad del futuro - Batz\" \/>\n<meta property=\"og:description\" content=\"[et_pb_section bb_built=\u00bb1&#8243; specialty=\u00bboff\u00bb _builder_version=\u00bb3.12.2&#8243; background_image=\u00bbhttps:\/\/www.batz.com\/wp-content\/uploads\/2018\/08\/batz-talent-header.jpg\u00bb custom_margin=\u00bb0px|||\u00bb custom_padding=\u00bb0px|||\u00bb module_class=\u00bbcabeceras\u00bb next_background_color=\u00bb#ffffff\u00bb][et_pb_row][et_pb_column type=\u00bb4_4&#8243;][et_pb_text admin_label=\u00bbBe part of the next generation car Industry\u00bb _builder_version=\u00bb3.19.3&#8243;] Forma parte de la movilidad del futuro [\/et_pb_text][\/et_pb_column][\/et_pb_row][\/et_pb_section][et_pb_section bb_built=\u00bb1&#8243; fullwidth=\u00bboff\u00bb specialty=\u00bboff\u00bb prev_background_color=\u00bb#000000&#8243; disabled_on=\u00bbon|on|on\u00bb disabled=\u00bbon\u00bb next_background_color=\u00bb#000000&#8243;][et_pb_row][et_pb_column type=\u00bb1_2&#8243;][et_pb_text _builder_version=\u00bb3.12.2&#8243;] We are improving this section to offer you a better experience. In the meantime, you can send us your [&hellip;]\" \/>\n<meta property=\"og:url\" content=\"https:\/\/www.batz.com\/es\/batz-talent\/forma-parte-de-la-movilidad-del-futuro\/\" \/>\n<meta property=\"og:site_name\" content=\"Batz\" \/>\n<meta name=\"twitter:card\" content=\"summary_large_image\" \/>\n<meta name=\"twitter:label1\" content=\"Tiempo de lectura\" \/>\n\t<meta name=\"twitter:data1\" content=\"1 minuto\" \/>\n<script type=\"application\/ld+json\" class=\"yoast-schema-graph\">{\"@context\":\"https:\\\/\\\/schema.org\",\"@graph\":[{\"@type\":\"WebPage\",\"@id\":\"https:\\\/\\\/www.batz.com\\\/es\\\/batz-talent\\\/forma-parte-de-la-movilidad-del-futuro\\\/\",\"url\":\"https:\\\/\\\/www.batz.com\\\/es\\\/batz-talent\\\/forma-parte-de-la-movilidad-del-futuro\\\/\",\"name\":\"Forma parte de la movilidad del futuro - Batz\",\"isPartOf\":{\"@id\":\"https:\\\/\\\/www.batz.com\\\/es\\\/#website\"},\"datePublished\":\"2019-03-26T15:11:31+00:00\",\"breadcrumb\":{\"@id\":\"https:\\\/\\\/www.batz.com\\\/es\\\/batz-talent\\\/forma-parte-de-la-movilidad-del-futuro\\\/#breadcrumb\"},\"inLanguage\":\"es\",\"potentialAction\":[{\"@type\":\"ReadAction\",\"target\":[\"https:\\\/\\\/www.batz.com\\\/es\\\/batz-talent\\\/forma-parte-de-la-movilidad-del-futuro\\\/\"]}]},{\"@type\":\"BreadcrumbList\",\"@id\":\"https:\\\/\\\/www.batz.com\\\/es\\\/batz-talent\\\/forma-parte-de-la-movilidad-del-futuro\\\/#breadcrumb\",\"itemListElement\":[{\"@type\":\"ListItem\",\"position\":1,\"name\":\"Portada\",\"item\":\"https:\\\/\\\/www.batz.com\\\/es\\\/\"},{\"@type\":\"ListItem\",\"position\":2,\"name\":\"Batz Talent\",\"item\":\"https:\\\/\\\/www.batz.com\\\/es\\\/batz-talent\\\/\"},{\"@type\":\"ListItem\",\"position\":3,\"name\":\"Forma parte de la movilidad del futuro\"}]},{\"@type\":\"WebSite\",\"@id\":\"https:\\\/\\\/www.batz.com\\\/es\\\/#website\",\"url\":\"https:\\\/\\\/www.batz.com\\\/es\\\/\",\"name\":\"Batz\",\"description\":\"Meeting your challenges\",\"publisher\":{\"@id\":\"https:\\\/\\\/www.batz.com\\\/es\\\/#organization\"},\"potentialAction\":[{\"@type\":\"SearchAction\",\"target\":{\"@type\":\"EntryPoint\",\"urlTemplate\":\"https:\\\/\\\/www.batz.com\\\/es\\\/?s={search_term_string}\"},\"query-input\":{\"@type\":\"PropertyValueSpecification\",\"valueRequired\":true,\"valueName\":\"search_term_string\"}}],\"inLanguage\":\"es\"},{\"@type\":\"Organization\",\"@id\":\"https:\\\/\\\/www.batz.com\\\/es\\\/#organization\",\"name\":\"Batz\",\"url\":\"https:\\\/\\\/www.batz.com\\\/es\\\/\",\"logo\":{\"@type\":\"ImageObject\",\"inLanguage\":\"es\",\"@id\":\"https:\\\/\\\/www.batz.com\\\/es\\\/#\\\/schema\\\/logo\\\/image\\\/\",\"url\":\"https:\\\/\\\/www.batz.com\\\/wp-content\\\/uploads\\\/2018\\\/08\\\/batz.png\",\"contentUrl\":\"https:\\\/\\\/www.batz.com\\\/wp-content\\\/uploads\\\/2018\\\/08\\\/batz.png\",\"width\":160,\"height\":44,\"caption\":\"Batz\"},\"image\":{\"@id\":\"https:\\\/\\\/www.batz.com\\\/es\\\/#\\\/schema\\\/logo\\\/image\\\/\"},\"sameAs\":[\"https:\\\/\\\/www.linkedin.com\\\/company\\\/646339\\\/\"]}]}<\/script>\n<!-- \/ Yoast SEO plugin. -->","yoast_head_json":{"title":"Forma parte de la movilidad del futuro - Batz","robots":{"index":"index","follow":"follow","max-snippet":"max-snippet:-1","max-image-preview":"max-image-preview:large","max-video-preview":"max-video-preview:-1"},"canonical":"https:\/\/www.batz.com\/es\/batz-talent\/forma-parte-de-la-movilidad-del-futuro\/","og_locale":"es_ES","og_type":"article","og_title":"Forma parte de la movilidad del futuro - Batz","og_description":"[et_pb_section bb_built=\u00bb1&#8243; specialty=\u00bboff\u00bb _builder_version=\u00bb3.12.2&#8243; background_image=\u00bbhttps:\/\/www.batz.com\/wp-content\/uploads\/2018\/08\/batz-talent-header.jpg\u00bb custom_margin=\u00bb0px|||\u00bb custom_padding=\u00bb0px|||\u00bb module_class=\u00bbcabeceras\u00bb next_background_color=\u00bb#ffffff\u00bb][et_pb_row][et_pb_column type=\u00bb4_4&#8243;][et_pb_text admin_label=\u00bbBe part of the next generation car Industry\u00bb _builder_version=\u00bb3.19.3&#8243;] Forma parte de la movilidad del futuro [\/et_pb_text][\/et_pb_column][\/et_pb_row][\/et_pb_section][et_pb_section bb_built=\u00bb1&#8243; fullwidth=\u00bboff\u00bb specialty=\u00bboff\u00bb prev_background_color=\u00bb#000000&#8243; disabled_on=\u00bbon|on|on\u00bb disabled=\u00bbon\u00bb next_background_color=\u00bb#000000&#8243;][et_pb_row][et_pb_column type=\u00bb1_2&#8243;][et_pb_text _builder_version=\u00bb3.12.2&#8243;] We are improving this section to offer you a better experience. In the meantime, you can send us your [&hellip;]","og_url":"https:\/\/www.batz.com\/es\/batz-talent\/forma-parte-de-la-movilidad-del-futuro\/","og_site_name":"Batz","twitter_card":"summary_large_image","twitter_misc":{"Tiempo de lectura":"1 minuto"},"schema":{"@context":"https:\/\/schema.org","@graph":[{"@type":"WebPage","@id":"https:\/\/www.batz.com\/es\/batz-talent\/forma-parte-de-la-movilidad-del-futuro\/","url":"https:\/\/www.batz.com\/es\/batz-talent\/forma-parte-de-la-movilidad-del-futuro\/","name":"Forma parte de la movilidad del futuro - Batz","isPartOf":{"@id":"https:\/\/www.batz.com\/es\/#website"},"datePublished":"2019-03-26T15:11:31+00:00","breadcrumb":{"@id":"https:\/\/www.batz.com\/es\/batz-talent\/forma-parte-de-la-movilidad-del-futuro\/#breadcrumb"},"inLanguage":"es","potentialAction":[{"@type":"ReadAction","target":["https:\/\/www.batz.com\/es\/batz-talent\/forma-parte-de-la-movilidad-del-futuro\/"]}]},{"@type":"BreadcrumbList","@id":"https:\/\/www.batz.com\/es\/batz-talent\/forma-parte-de-la-movilidad-del-futuro\/#breadcrumb","itemListElement":[{"@type":"ListItem","position":1,"name":"Portada","item":"https:\/\/www.batz.com\/es\/"},{"@type":"ListItem","position":2,"name":"Batz Talent","item":"https:\/\/www.batz.com\/es\/batz-talent\/"},{"@type":"ListItem","position":3,"name":"Forma parte de la movilidad del futuro"}]},{"@type":"WebSite","@id":"https:\/\/www.batz.com\/es\/#website","url":"https:\/\/www.batz.com\/es\/","name":"Batz","description":"Meeting your challenges","publisher":{"@id":"https:\/\/www.batz.com\/es\/#organization"},"potentialAction":[{"@type":"SearchAction","target":{"@type":"EntryPoint","urlTemplate":"https:\/\/www.batz.com\/es\/?s={search_term_string}"},"query-input":{"@type":"PropertyValueSpecification","valueRequired":true,"valueName":"search_term_string"}}],"inLanguage":"es"},{"@type":"Organization","@id":"https:\/\/www.batz.com\/es\/#organization","name":"Batz","url":"https:\/\/www.batz.com\/es\/","logo":{"@type":"ImageObject","inLanguage":"es","@id":"https:\/\/www.batz.com\/es\/#\/schema\/logo\/image\/","url":"https:\/\/www.batz.com\/wp-content\/uploads\/2018\/08\/batz.png","contentUrl":"https:\/\/www.batz.com\/wp-content\/uploads\/2018\/08\/batz.png","width":160,"height":44,"caption":"Batz"},"image":{"@id":"https:\/\/www.batz.com\/es\/#\/schema\/logo\/image\/"},"sameAs":["https:\/\/www.linkedin.com\/company\/646339\/"]}]}},"_links":{"self":[{"href":"https:\/\/www.batz.com\/es\/wp-json\/wp\/v2\/pages\/1446","targetHints":{"allow":["GET"]}}],"collection":[{"href":"https:\/\/www.batz.com\/es\/wp-json\/wp\/v2\/pages"}],"about":[{"href":"https:\/\/www.batz.com\/es\/wp-json\/wp\/v2\/types\/page"}],"author":[{"embeddable":true,"href":"https:\/\/www.batz.com\/es\/wp-json\/wp\/v2\/users\/1"}],"replies":[{"embeddable":true,"href":"https:\/\/www.batz.com\/es\/wp-json\/wp\/v2\/comments?post=1446"}],"version-history":[{"count":0,"href":"https:\/\/www.batz.com\/es\/wp-json\/wp\/v2\/pages\/1446\/revisions"}],"up":[{"embeddable":true,"href":"https:\/\/www.batz.com\/es\/wp-json\/wp\/v2\/pages\/1532"}],"wp:attachment":[{"href":"https:\/\/www.batz.com\/es\/wp-json\/wp\/v2\/media?parent=1446"}],"curies":[{"name":"wp","href":"https:\/\/api.w.org\/{rel}","templated":true}]}}