{"id":2601,"date":"2020-02-04T11:00:07","date_gmt":"2020-02-04T11:00:07","guid":{"rendered":"https:\/\/www.batz.com\/?page_id=2601"},"modified":"2022-06-07T12:35:30","modified_gmt":"2022-06-07T10:35:30","slug":"iban-peribanez","status":"publish","type":"page","link":"https:\/\/www.batz.com\/es\/batz-talent\/cuatro-razones-para-unirte-a-nuestro-equipo\/iban-peribanez\/","title":{"rendered":"Iban Perib\u00e1\u00f1ez"},"content":{"rendered":"<p>[et_pb_section fb_built=\u00bb1&#8243; module_class=\u00bbcabeceras\u00bb _builder_version=\u00bb3.27.4&#8243; background_image=\u00bbhttps:\/\/www.batz.com\/wp-content\/uploads\/2020\/02\/iban-peribanez.jpg\u00bb background_position=\u00bbtop_center\u00bb custom_margin=\u00bb0px|||\u00bb custom_padding=\u00bb0px|||\u00bb z_index_tablet=\u00bb500&#8243; box_shadow_horizontal_tablet=\u00bb0px\u00bb box_shadow_vertical_tablet=\u00bb0px\u00bb box_shadow_blur_tablet=\u00bb40px\u00bb box_shadow_spread_tablet=\u00bb0px\u00bb][et_pb_row _builder_version=\u00bb3.27.4&#8243;][et_pb_column type=\u00bb4_4&#8243; _builder_version=\u00bb3.0.47&#8243; custom_padding=\u00bb|||\u00bb custom_padding__hover=\u00bb|||\u00bb][et_pb_text admin_label=\u00bbIban Perib\u00e1\u00f1ez\u00bb _builder_version=\u00bb3.27.4&#8243; z_index_tablet=\u00bb500&#8243; text_text_shadow_horizontal_length_tablet=\u00bb0px\u00bb text_text_shadow_vertical_length_tablet=\u00bb0px\u00bb text_text_shadow_blur_strength_tablet=\u00bb1px\u00bb link_text_shadow_horizontal_length_tablet=\u00bb0px\u00bb link_text_shadow_vertical_length_tablet=\u00bb0px\u00bb link_text_shadow_blur_strength_tablet=\u00bb1px\u00bb ul_text_shadow_horizontal_length_tablet=\u00bb0px\u00bb ul_text_shadow_vertical_length_tablet=\u00bb0px\u00bb ul_text_shadow_blur_strength_tablet=\u00bb1px\u00bb ol_text_shadow_horizontal_length_tablet=\u00bb0px\u00bb ol_text_shadow_vertical_length_tablet=\u00bb0px\u00bb ol_text_shadow_blur_strength_tablet=\u00bb1px\u00bb quote_text_shadow_horizontal_length_tablet=\u00bb0px\u00bb quote_text_shadow_vertical_length_tablet=\u00bb0px\u00bb quote_text_shadow_blur_strength_tablet=\u00bb1px\u00bb header_text_shadow_horizontal_length_tablet=\u00bb0px\u00bb header_text_shadow_vertical_length_tablet=\u00bb0px\u00bb header_text_shadow_blur_strength_tablet=\u00bb1px\u00bb header_2_text_shadow_horizontal_length_tablet=\u00bb0px\u00bb header_2_text_shadow_vertical_length_tablet=\u00bb0px\u00bb header_2_text_shadow_blur_strength_tablet=\u00bb1px\u00bb header_3_text_shadow_horizontal_length_tablet=\u00bb0px\u00bb header_3_text_shadow_vertical_length_tablet=\u00bb0px\u00bb header_3_text_shadow_blur_strength_tablet=\u00bb1px\u00bb header_4_text_shadow_horizontal_length_tablet=\u00bb0px\u00bb header_4_text_shadow_vertical_length_tablet=\u00bb0px\u00bb header_4_text_shadow_blur_strength_tablet=\u00bb1px\u00bb header_5_text_shadow_horizontal_length_tablet=\u00bb0px\u00bb header_5_text_shadow_vertical_length_tablet=\u00bb0px\u00bb header_5_text_shadow_blur_strength_tablet=\u00bb1px\u00bb header_6_text_shadow_horizontal_length_tablet=\u00bb0px\u00bb header_6_text_shadow_vertical_length_tablet=\u00bb0px\u00bb header_6_text_shadow_blur_strength_tablet=\u00bb1px\u00bb box_shadow_horizontal_tablet=\u00bb0px\u00bb box_shadow_vertical_tablet=\u00bb0px\u00bb box_shadow_blur_tablet=\u00bb40px\u00bb box_shadow_spread_tablet=\u00bb0px\u00bb]<\/p>\n<h1>Iban Perib\u00e1\u00f1ez<\/h1>\n<p>[\/et_pb_text][\/et_pb_column][\/et_pb_row][\/et_pb_section][et_pb_section fb_built=\u00bb1&#8243; _builder_version=\u00bb3.22&#8243; custom_margin=\u00bb0px|||\u00bb custom_padding=\u00bb0px|||\u00bb][et_pb_row _builder_version=\u00bb3.25&#8243; background_size=\u00bbinitial\u00bb background_position=\u00bbtop_left\u00bb background_repeat=\u00bbrepeat\u00bb][et_pb_column type=\u00bb4_4&#8243; _builder_version=\u00bb3.0.47&#8243; custom_padding=\u00bb|||\u00bb custom_padding__hover=\u00bb|||\u00bb][et_pb_text admin_label=\u00bbBot\u00f3n volver\u00bb _builder_version=\u00bb4.9.1&#8243; text_orientation=\u00bbright\u00bb hover_enabled=\u00bb0&#8243; z_index_tablet=\u00bb500&#8243; text_text_shadow_horizontal_length_tablet=\u00bb0px\u00bb text_text_shadow_vertical_length_tablet=\u00bb0px\u00bb text_text_shadow_blur_strength_tablet=\u00bb1px\u00bb link_text_shadow_horizontal_length_tablet=\u00bb0px\u00bb link_text_shadow_vertical_length_tablet=\u00bb0px\u00bb link_text_shadow_blur_strength_tablet=\u00bb1px\u00bb ul_text_shadow_horizontal_length_tablet=\u00bb0px\u00bb ul_text_shadow_vertical_length_tablet=\u00bb0px\u00bb ul_text_shadow_blur_strength_tablet=\u00bb1px\u00bb ol_text_shadow_horizontal_length_tablet=\u00bb0px\u00bb ol_text_shadow_vertical_length_tablet=\u00bb0px\u00bb ol_text_shadow_blur_strength_tablet=\u00bb1px\u00bb quote_text_shadow_horizontal_length_tablet=\u00bb0px\u00bb quote_text_shadow_vertical_length_tablet=\u00bb0px\u00bb quote_text_shadow_blur_strength_tablet=\u00bb1px\u00bb header_text_shadow_horizontal_length_tablet=\u00bb0px\u00bb header_text_shadow_vertical_length_tablet=\u00bb0px\u00bb header_text_shadow_blur_strength_tablet=\u00bb1px\u00bb header_2_text_shadow_horizontal_length_tablet=\u00bb0px\u00bb header_2_text_shadow_vertical_length_tablet=\u00bb0px\u00bb header_2_text_shadow_blur_strength_tablet=\u00bb1px\u00bb header_3_text_shadow_horizontal_length_tablet=\u00bb0px\u00bb header_3_text_shadow_vertical_length_tablet=\u00bb0px\u00bb header_3_text_shadow_blur_strength_tablet=\u00bb1px\u00bb header_4_text_shadow_horizontal_length_tablet=\u00bb0px\u00bb header_4_text_shadow_vertical_length_tablet=\u00bb0px\u00bb header_4_text_shadow_blur_strength_tablet=\u00bb1px\u00bb header_5_text_shadow_horizontal_length_tablet=\u00bb0px\u00bb header_5_text_shadow_vertical_length_tablet=\u00bb0px\u00bb header_5_text_shadow_blur_strength_tablet=\u00bb1px\u00bb header_6_text_shadow_horizontal_length_tablet=\u00bb0px\u00bb header_6_text_shadow_vertical_length_tablet=\u00bb0px\u00bb header_6_text_shadow_blur_strength_tablet=\u00bb1px\u00bb box_shadow_horizontal_tablet=\u00bb0px\u00bb box_shadow_vertical_tablet=\u00bb0px\u00bb box_shadow_blur_tablet=\u00bb40px\u00bb box_shadow_spread_tablet=\u00bb0px\u00bb sticky_enabled=\u00bb0&#8243;]<a class=\"back\" href=\"https:\/\/www.batz.com\/es\/batz-talent\/cuatro-razones-para-unirte-a-nuestro-equipo\/\">Volver<\/a><br \/>\n[\/et_pb_text][et_pb_text _builder_version=\u00bb3.27.4&#8243; z_index_tablet=\u00bb500&#8243; text_text_shadow_horizontal_length_tablet=\u00bb0px\u00bb text_text_shadow_vertical_length_tablet=\u00bb0px\u00bb text_text_shadow_blur_strength_tablet=\u00bb1px\u00bb link_text_shadow_horizontal_length_tablet=\u00bb0px\u00bb link_text_shadow_vertical_length_tablet=\u00bb0px\u00bb link_text_shadow_blur_strength_tablet=\u00bb1px\u00bb ul_text_shadow_horizontal_length_tablet=\u00bb0px\u00bb ul_text_shadow_vertical_length_tablet=\u00bb0px\u00bb ul_text_shadow_blur_strength_tablet=\u00bb1px\u00bb ol_text_shadow_horizontal_length_tablet=\u00bb0px\u00bb ol_text_shadow_vertical_length_tablet=\u00bb0px\u00bb ol_text_shadow_blur_strength_tablet=\u00bb1px\u00bb quote_text_shadow_horizontal_length_tablet=\u00bb0px\u00bb quote_text_shadow_vertical_length_tablet=\u00bb0px\u00bb quote_text_shadow_blur_strength_tablet=\u00bb1px\u00bb header_text_shadow_horizontal_length_tablet=\u00bb0px\u00bb header_text_shadow_vertical_length_tablet=\u00bb0px\u00bb header_text_shadow_blur_strength_tablet=\u00bb1px\u00bb header_2_text_shadow_horizontal_length_tablet=\u00bb0px\u00bb header_2_text_shadow_vertical_length_tablet=\u00bb0px\u00bb header_2_text_shadow_blur_strength_tablet=\u00bb1px\u00bb header_3_text_shadow_horizontal_length_tablet=\u00bb0px\u00bb header_3_text_shadow_vertical_length_tablet=\u00bb0px\u00bb header_3_text_shadow_blur_strength_tablet=\u00bb1px\u00bb header_4_text_shadow_horizontal_length_tablet=\u00bb0px\u00bb header_4_text_shadow_vertical_length_tablet=\u00bb0px\u00bb header_4_text_shadow_blur_strength_tablet=\u00bb1px\u00bb header_5_text_shadow_horizontal_length_tablet=\u00bb0px\u00bb header_5_text_shadow_vertical_length_tablet=\u00bb0px\u00bb header_5_text_shadow_blur_strength_tablet=\u00bb1px\u00bb header_6_text_shadow_horizontal_length_tablet=\u00bb0px\u00bb header_6_text_shadow_vertical_length_tablet=\u00bb0px\u00bb header_6_text_shadow_blur_strength_tablet=\u00bb1px\u00bb box_shadow_horizontal_tablet=\u00bb0px\u00bb box_shadow_vertical_tablet=\u00bb0px\u00bb box_shadow_blur_tablet=\u00bb40px\u00bb box_shadow_spread_tablet=\u00bb0px\u00bb]<\/p>\n<p class=\"team-nombre\">Iban Perib\u00e1\u00f1ez<\/p>\n<p class=\"team-cargo\">Gerente de fabricaci\u00f3n<\/p>\n<div class=\"quote\">\u201cCompromiso, coherencia y trabajo en equipo, valores indispensables para seguir creciendo como profesional y afrontar nuevos retos de forma eficiente.\u201d<\/div>\n<p>Mi desarrollo profesional en BATZ ha ido en paralelo a la evoluci\u00f3n de la compa\u00f1\u00eda.\u00a0\u00a0 He ido adquiriendo responsabilidades a la vez que me capacitaba y afrontaba nuevos retos. \u00a0Un aprendizaje que a d\u00eda de hoy se mantiene \u00a0gracias al trabajo en equipo y el car\u00e1cter innovador de BATZ.<\/p>\n<p>Busco la eficiencia de nuestro proceso productivo optimizando los recursos de los que disponemos. Gestiono a un amplio equipo de personas y trato de motivarles y guiarles en pr\u00e1cticas de mejora continua\u00a0 y en valores como el logro.<\/p>\n<p>La diversidad, la positividad,\u00a0 la innovaci\u00f3n, la solidaridad y el trabajo en equipo, unidos a la capacidad de ofrecernos nuevos retos continuamente es lo que m\u00e1s me apasiona de BATZ.<\/p>\n<p>[\/et_pb_text][\/et_pb_column][\/et_pb_row][\/et_pb_section]<\/p>\n","protected":false},"excerpt":{"rendered":"<p>[et_pb_section fb_built=\u00bb1&#8243; module_class=\u00bbcabeceras\u00bb _builder_version=\u00bb3.27.4&#8243; background_image=\u00bbhttps:\/\/www.batz.com\/wp-content\/uploads\/2020\/02\/iban-peribanez.jpg\u00bb background_position=\u00bbtop_center\u00bb custom_margin=\u00bb0px|||\u00bb custom_padding=\u00bb0px|||\u00bb z_index_tablet=\u00bb500&#8243; box_shadow_horizontal_tablet=\u00bb0px\u00bb box_shadow_vertical_tablet=\u00bb0px\u00bb box_shadow_blur_tablet=\u00bb40px\u00bb box_shadow_spread_tablet=\u00bb0px\u00bb][et_pb_row _builder_version=\u00bb3.27.4&#8243;][et_pb_column type=\u00bb4_4&#8243; _builder_version=\u00bb3.0.47&#8243; custom_padding=\u00bb|||\u00bb custom_padding__hover=\u00bb|||\u00bb][et_pb_text admin_label=\u00bbIban Perib\u00e1\u00f1ez\u00bb _builder_version=\u00bb3.27.4&#8243; z_index_tablet=\u00bb500&#8243; text_text_shadow_horizontal_length_tablet=\u00bb0px\u00bb text_text_shadow_vertical_length_tablet=\u00bb0px\u00bb text_text_shadow_blur_strength_tablet=\u00bb1px\u00bb link_text_shadow_horizontal_length_tablet=\u00bb0px\u00bb link_text_shadow_vertical_length_tablet=\u00bb0px\u00bb link_text_shadow_blur_strength_tablet=\u00bb1px\u00bb ul_text_shadow_horizontal_length_tablet=\u00bb0px\u00bb ul_text_shadow_vertical_length_tablet=\u00bb0px\u00bb ul_text_shadow_blur_strength_tablet=\u00bb1px\u00bb ol_text_shadow_horizontal_length_tablet=\u00bb0px\u00bb ol_text_shadow_vertical_length_tablet=\u00bb0px\u00bb ol_text_shadow_blur_strength_tablet=\u00bb1px\u00bb quote_text_shadow_horizontal_length_tablet=\u00bb0px\u00bb quote_text_shadow_vertical_length_tablet=\u00bb0px\u00bb quote_text_shadow_blur_strength_tablet=\u00bb1px\u00bb header_text_shadow_horizontal_length_tablet=\u00bb0px\u00bb header_text_shadow_vertical_length_tablet=\u00bb0px\u00bb header_text_shadow_blur_strength_tablet=\u00bb1px\u00bb header_2_text_shadow_horizontal_length_tablet=\u00bb0px\u00bb header_2_text_shadow_vertical_length_tablet=\u00bb0px\u00bb header_2_text_shadow_blur_strength_tablet=\u00bb1px\u00bb header_3_text_shadow_horizontal_length_tablet=\u00bb0px\u00bb header_3_text_shadow_vertical_length_tablet=\u00bb0px\u00bb header_3_text_shadow_blur_strength_tablet=\u00bb1px\u00bb header_4_text_shadow_horizontal_length_tablet=\u00bb0px\u00bb header_4_text_shadow_vertical_length_tablet=\u00bb0px\u00bb header_4_text_shadow_blur_strength_tablet=\u00bb1px\u00bb header_5_text_shadow_horizontal_length_tablet=\u00bb0px\u00bb header_5_text_shadow_vertical_length_tablet=\u00bb0px\u00bb header_5_text_shadow_blur_strength_tablet=\u00bb1px\u00bb header_6_text_shadow_horizontal_length_tablet=\u00bb0px\u00bb header_6_text_shadow_vertical_length_tablet=\u00bb0px\u00bb header_6_text_shadow_blur_strength_tablet=\u00bb1px\u00bb [&hellip;]<\/p>\n","protected":false},"author":1,"featured_media":0,"parent":1504,"menu_order":10,"comment_status":"closed","ping_status":"closed","template":"","meta":{"_et_pb_use_builder":"on","_et_pb_old_content":"","_et_gb_content_width":"","inline_featured_image":false,"cybocfi_hide_featured_image":"","footnotes":""},"class_list":["post-2601","page","type-page","status-publish","hentry"],"yoast_head":"<!-- This site is optimized with the Yoast SEO plugin v27.3 - https:\/\/yoast.com\/product\/yoast-seo-wordpress\/ -->\n<title>Iban Perib\u00e1\u00f1ez - Batz<\/title>\n<meta name=\"robots\" content=\"index, follow, max-snippet:-1, max-image-preview:large, max-video-preview:-1\" \/>\n<link rel=\"canonical\" href=\"https:\/\/www.batz.com\/es\/batz-talent\/cuatro-razones-para-unirte-a-nuestro-equipo\/iban-peribanez\/\" \/>\n<meta property=\"og:locale\" content=\"es_ES\" \/>\n<meta property=\"og:type\" content=\"article\" \/>\n<meta property=\"og:title\" content=\"Iban Perib\u00e1\u00f1ez - Batz\" \/>\n<meta property=\"og:description\" content=\"[et_pb_section fb_built=\u00bb1&#8243; module_class=\u00bbcabeceras\u00bb _builder_version=\u00bb3.27.4&#8243; background_image=\u00bbhttps:\/\/www.batz.com\/wp-content\/uploads\/2020\/02\/iban-peribanez.jpg\u00bb background_position=\u00bbtop_center\u00bb custom_margin=\u00bb0px|||\u00bb custom_padding=\u00bb0px|||\u00bb z_index_tablet=\u00bb500&#8243; box_shadow_horizontal_tablet=\u00bb0px\u00bb box_shadow_vertical_tablet=\u00bb0px\u00bb box_shadow_blur_tablet=\u00bb40px\u00bb box_shadow_spread_tablet=\u00bb0px\u00bb][et_pb_row _builder_version=\u00bb3.27.4&#8243;][et_pb_column type=\u00bb4_4&#8243; _builder_version=\u00bb3.0.47&#8243; custom_padding=\u00bb|||\u00bb custom_padding__hover=\u00bb|||\u00bb][et_pb_text admin_label=\u00bbIban Perib\u00e1\u00f1ez\u00bb _builder_version=\u00bb3.27.4&#8243; z_index_tablet=\u00bb500&#8243; text_text_shadow_horizontal_length_tablet=\u00bb0px\u00bb text_text_shadow_vertical_length_tablet=\u00bb0px\u00bb text_text_shadow_blur_strength_tablet=\u00bb1px\u00bb link_text_shadow_horizontal_length_tablet=\u00bb0px\u00bb link_text_shadow_vertical_length_tablet=\u00bb0px\u00bb link_text_shadow_blur_strength_tablet=\u00bb1px\u00bb ul_text_shadow_horizontal_length_tablet=\u00bb0px\u00bb ul_text_shadow_vertical_length_tablet=\u00bb0px\u00bb ul_text_shadow_blur_strength_tablet=\u00bb1px\u00bb ol_text_shadow_horizontal_length_tablet=\u00bb0px\u00bb ol_text_shadow_vertical_length_tablet=\u00bb0px\u00bb ol_text_shadow_blur_strength_tablet=\u00bb1px\u00bb quote_text_shadow_horizontal_length_tablet=\u00bb0px\u00bb quote_text_shadow_vertical_length_tablet=\u00bb0px\u00bb quote_text_shadow_blur_strength_tablet=\u00bb1px\u00bb header_text_shadow_horizontal_length_tablet=\u00bb0px\u00bb header_text_shadow_vertical_length_tablet=\u00bb0px\u00bb header_text_shadow_blur_strength_tablet=\u00bb1px\u00bb header_2_text_shadow_horizontal_length_tablet=\u00bb0px\u00bb header_2_text_shadow_vertical_length_tablet=\u00bb0px\u00bb header_2_text_shadow_blur_strength_tablet=\u00bb1px\u00bb header_3_text_shadow_horizontal_length_tablet=\u00bb0px\u00bb header_3_text_shadow_vertical_length_tablet=\u00bb0px\u00bb header_3_text_shadow_blur_strength_tablet=\u00bb1px\u00bb header_4_text_shadow_horizontal_length_tablet=\u00bb0px\u00bb header_4_text_shadow_vertical_length_tablet=\u00bb0px\u00bb header_4_text_shadow_blur_strength_tablet=\u00bb1px\u00bb header_5_text_shadow_horizontal_length_tablet=\u00bb0px\u00bb header_5_text_shadow_vertical_length_tablet=\u00bb0px\u00bb header_5_text_shadow_blur_strength_tablet=\u00bb1px\u00bb header_6_text_shadow_horizontal_length_tablet=\u00bb0px\u00bb header_6_text_shadow_vertical_length_tablet=\u00bb0px\u00bb header_6_text_shadow_blur_strength_tablet=\u00bb1px\u00bb [&hellip;]\" \/>\n<meta property=\"og:url\" content=\"https:\/\/www.batz.com\/es\/batz-talent\/cuatro-razones-para-unirte-a-nuestro-equipo\/iban-peribanez\/\" \/>\n<meta property=\"og:site_name\" content=\"Batz\" \/>\n<meta property=\"article:modified_time\" content=\"2022-06-07T10:35:30+00:00\" \/>\n<meta name=\"twitter:card\" content=\"summary_large_image\" \/>\n<meta name=\"twitter:label1\" content=\"Tiempo de lectura\" \/>\n\t<meta name=\"twitter:data1\" content=\"5 minutos\" \/>\n<script type=\"application\/ld+json\" class=\"yoast-schema-graph\">{\"@context\":\"https:\\\/\\\/schema.org\",\"@graph\":[{\"@type\":\"WebPage\",\"@id\":\"https:\\\/\\\/www.batz.com\\\/es\\\/batz-talent\\\/cuatro-razones-para-unirte-a-nuestro-equipo\\\/iban-peribanez\\\/\",\"url\":\"https:\\\/\\\/www.batz.com\\\/es\\\/batz-talent\\\/cuatro-razones-para-unirte-a-nuestro-equipo\\\/iban-peribanez\\\/\",\"name\":\"Iban Perib\u00e1\u00f1ez - Batz\",\"isPartOf\":{\"@id\":\"https:\\\/\\\/www.batz.com\\\/es\\\/#website\"},\"datePublished\":\"2020-02-04T11:00:07+00:00\",\"dateModified\":\"2022-06-07T10:35:30+00:00\",\"breadcrumb\":{\"@id\":\"https:\\\/\\\/www.batz.com\\\/es\\\/batz-talent\\\/cuatro-razones-para-unirte-a-nuestro-equipo\\\/iban-peribanez\\\/#breadcrumb\"},\"inLanguage\":\"es\",\"potentialAction\":[{\"@type\":\"ReadAction\",\"target\":[\"https:\\\/\\\/www.batz.com\\\/es\\\/batz-talent\\\/cuatro-razones-para-unirte-a-nuestro-equipo\\\/iban-peribanez\\\/\"]}]},{\"@type\":\"BreadcrumbList\",\"@id\":\"https:\\\/\\\/www.batz.com\\\/es\\\/batz-talent\\\/cuatro-razones-para-unirte-a-nuestro-equipo\\\/iban-peribanez\\\/#breadcrumb\",\"itemListElement\":[{\"@type\":\"ListItem\",\"position\":1,\"name\":\"Portada\",\"item\":\"https:\\\/\\\/www.batz.com\\\/es\\\/\"},{\"@type\":\"ListItem\",\"position\":2,\"name\":\"Batz Talent\",\"item\":\"https:\\\/\\\/www.batz.com\\\/es\\\/batz-talent\\\/\"},{\"@type\":\"ListItem\",\"position\":3,\"name\":\"Cuatro razones para unirte a nuestro equipo\",\"item\":\"https:\\\/\\\/www.batz.com\\\/es\\\/batz-talent\\\/cuatro-razones-para-unirte-a-nuestro-equipo\\\/\"},{\"@type\":\"ListItem\",\"position\":4,\"name\":\"Iban Perib\u00e1\u00f1ez\"}]},{\"@type\":\"WebSite\",\"@id\":\"https:\\\/\\\/www.batz.com\\\/es\\\/#website\",\"url\":\"https:\\\/\\\/www.batz.com\\\/es\\\/\",\"name\":\"Batz\",\"description\":\"Meeting your challenges\",\"publisher\":{\"@id\":\"https:\\\/\\\/www.batz.com\\\/es\\\/#organization\"},\"potentialAction\":[{\"@type\":\"SearchAction\",\"target\":{\"@type\":\"EntryPoint\",\"urlTemplate\":\"https:\\\/\\\/www.batz.com\\\/es\\\/?s={search_term_string}\"},\"query-input\":{\"@type\":\"PropertyValueSpecification\",\"valueRequired\":true,\"valueName\":\"search_term_string\"}}],\"inLanguage\":\"es\"},{\"@type\":\"Organization\",\"@id\":\"https:\\\/\\\/www.batz.com\\\/es\\\/#organization\",\"name\":\"Batz\",\"url\":\"https:\\\/\\\/www.batz.com\\\/es\\\/\",\"logo\":{\"@type\":\"ImageObject\",\"inLanguage\":\"es\",\"@id\":\"https:\\\/\\\/www.batz.com\\\/es\\\/#\\\/schema\\\/logo\\\/image\\\/\",\"url\":\"https:\\\/\\\/www.batz.com\\\/wp-content\\\/uploads\\\/2018\\\/08\\\/batz.png\",\"contentUrl\":\"https:\\\/\\\/www.batz.com\\\/wp-content\\\/uploads\\\/2018\\\/08\\\/batz.png\",\"width\":160,\"height\":44,\"caption\":\"Batz\"},\"image\":{\"@id\":\"https:\\\/\\\/www.batz.com\\\/es\\\/#\\\/schema\\\/logo\\\/image\\\/\"},\"sameAs\":[\"https:\\\/\\\/www.linkedin.com\\\/company\\\/646339\\\/\"]}]}<\/script>\n<!-- \/ Yoast SEO plugin. -->","yoast_head_json":{"title":"Iban Perib\u00e1\u00f1ez - Batz","robots":{"index":"index","follow":"follow","max-snippet":"max-snippet:-1","max-image-preview":"max-image-preview:large","max-video-preview":"max-video-preview:-1"},"canonical":"https:\/\/www.batz.com\/es\/batz-talent\/cuatro-razones-para-unirte-a-nuestro-equipo\/iban-peribanez\/","og_locale":"es_ES","og_type":"article","og_title":"Iban Perib\u00e1\u00f1ez - Batz","og_description":"[et_pb_section fb_built=\u00bb1&#8243; module_class=\u00bbcabeceras\u00bb _builder_version=\u00bb3.27.4&#8243; background_image=\u00bbhttps:\/\/www.batz.com\/wp-content\/uploads\/2020\/02\/iban-peribanez.jpg\u00bb background_position=\u00bbtop_center\u00bb custom_margin=\u00bb0px|||\u00bb custom_padding=\u00bb0px|||\u00bb z_index_tablet=\u00bb500&#8243; box_shadow_horizontal_tablet=\u00bb0px\u00bb box_shadow_vertical_tablet=\u00bb0px\u00bb box_shadow_blur_tablet=\u00bb40px\u00bb box_shadow_spread_tablet=\u00bb0px\u00bb][et_pb_row _builder_version=\u00bb3.27.4&#8243;][et_pb_column type=\u00bb4_4&#8243; _builder_version=\u00bb3.0.47&#8243; custom_padding=\u00bb|||\u00bb custom_padding__hover=\u00bb|||\u00bb][et_pb_text admin_label=\u00bbIban Perib\u00e1\u00f1ez\u00bb _builder_version=\u00bb3.27.4&#8243; z_index_tablet=\u00bb500&#8243; text_text_shadow_horizontal_length_tablet=\u00bb0px\u00bb text_text_shadow_vertical_length_tablet=\u00bb0px\u00bb text_text_shadow_blur_strength_tablet=\u00bb1px\u00bb link_text_shadow_horizontal_length_tablet=\u00bb0px\u00bb link_text_shadow_vertical_length_tablet=\u00bb0px\u00bb link_text_shadow_blur_strength_tablet=\u00bb1px\u00bb ul_text_shadow_horizontal_length_tablet=\u00bb0px\u00bb ul_text_shadow_vertical_length_tablet=\u00bb0px\u00bb ul_text_shadow_blur_strength_tablet=\u00bb1px\u00bb ol_text_shadow_horizontal_length_tablet=\u00bb0px\u00bb ol_text_shadow_vertical_length_tablet=\u00bb0px\u00bb ol_text_shadow_blur_strength_tablet=\u00bb1px\u00bb quote_text_shadow_horizontal_length_tablet=\u00bb0px\u00bb quote_text_shadow_vertical_length_tablet=\u00bb0px\u00bb quote_text_shadow_blur_strength_tablet=\u00bb1px\u00bb header_text_shadow_horizontal_length_tablet=\u00bb0px\u00bb header_text_shadow_vertical_length_tablet=\u00bb0px\u00bb header_text_shadow_blur_strength_tablet=\u00bb1px\u00bb header_2_text_shadow_horizontal_length_tablet=\u00bb0px\u00bb header_2_text_shadow_vertical_length_tablet=\u00bb0px\u00bb header_2_text_shadow_blur_strength_tablet=\u00bb1px\u00bb header_3_text_shadow_horizontal_length_tablet=\u00bb0px\u00bb header_3_text_shadow_vertical_length_tablet=\u00bb0px\u00bb header_3_text_shadow_blur_strength_tablet=\u00bb1px\u00bb header_4_text_shadow_horizontal_length_tablet=\u00bb0px\u00bb header_4_text_shadow_vertical_length_tablet=\u00bb0px\u00bb header_4_text_shadow_blur_strength_tablet=\u00bb1px\u00bb header_5_text_shadow_horizontal_length_tablet=\u00bb0px\u00bb header_5_text_shadow_vertical_length_tablet=\u00bb0px\u00bb header_5_text_shadow_blur_strength_tablet=\u00bb1px\u00bb header_6_text_shadow_horizontal_length_tablet=\u00bb0px\u00bb header_6_text_shadow_vertical_length_tablet=\u00bb0px\u00bb header_6_text_shadow_blur_strength_tablet=\u00bb1px\u00bb [&hellip;]","og_url":"https:\/\/www.batz.com\/es\/batz-talent\/cuatro-razones-para-unirte-a-nuestro-equipo\/iban-peribanez\/","og_site_name":"Batz","article_modified_time":"2022-06-07T10:35:30+00:00","twitter_card":"summary_large_image","twitter_misc":{"Tiempo de lectura":"5 minutos"},"schema":{"@context":"https:\/\/schema.org","@graph":[{"@type":"WebPage","@id":"https:\/\/www.batz.com\/es\/batz-talent\/cuatro-razones-para-unirte-a-nuestro-equipo\/iban-peribanez\/","url":"https:\/\/www.batz.com\/es\/batz-talent\/cuatro-razones-para-unirte-a-nuestro-equipo\/iban-peribanez\/","name":"Iban Perib\u00e1\u00f1ez - Batz","isPartOf":{"@id":"https:\/\/www.batz.com\/es\/#website"},"datePublished":"2020-02-04T11:00:07+00:00","dateModified":"2022-06-07T10:35:30+00:00","breadcrumb":{"@id":"https:\/\/www.batz.com\/es\/batz-talent\/cuatro-razones-para-unirte-a-nuestro-equipo\/iban-peribanez\/#breadcrumb"},"inLanguage":"es","potentialAction":[{"@type":"ReadAction","target":["https:\/\/www.batz.com\/es\/batz-talent\/cuatro-razones-para-unirte-a-nuestro-equipo\/iban-peribanez\/"]}]},{"@type":"BreadcrumbList","@id":"https:\/\/www.batz.com\/es\/batz-talent\/cuatro-razones-para-unirte-a-nuestro-equipo\/iban-peribanez\/#breadcrumb","itemListElement":[{"@type":"ListItem","position":1,"name":"Portada","item":"https:\/\/www.batz.com\/es\/"},{"@type":"ListItem","position":2,"name":"Batz Talent","item":"https:\/\/www.batz.com\/es\/batz-talent\/"},{"@type":"ListItem","position":3,"name":"Cuatro razones para unirte a nuestro equipo","item":"https:\/\/www.batz.com\/es\/batz-talent\/cuatro-razones-para-unirte-a-nuestro-equipo\/"},{"@type":"ListItem","position":4,"name":"Iban Perib\u00e1\u00f1ez"}]},{"@type":"WebSite","@id":"https:\/\/www.batz.com\/es\/#website","url":"https:\/\/www.batz.com\/es\/","name":"Batz","description":"Meeting your challenges","publisher":{"@id":"https:\/\/www.batz.com\/es\/#organization"},"potentialAction":[{"@type":"SearchAction","target":{"@type":"EntryPoint","urlTemplate":"https:\/\/www.batz.com\/es\/?s={search_term_string}"},"query-input":{"@type":"PropertyValueSpecification","valueRequired":true,"valueName":"search_term_string"}}],"inLanguage":"es"},{"@type":"Organization","@id":"https:\/\/www.batz.com\/es\/#organization","name":"Batz","url":"https:\/\/www.batz.com\/es\/","logo":{"@type":"ImageObject","inLanguage":"es","@id":"https:\/\/www.batz.com\/es\/#\/schema\/logo\/image\/","url":"https:\/\/www.batz.com\/wp-content\/uploads\/2018\/08\/batz.png","contentUrl":"https:\/\/www.batz.com\/wp-content\/uploads\/2018\/08\/batz.png","width":160,"height":44,"caption":"Batz"},"image":{"@id":"https:\/\/www.batz.com\/es\/#\/schema\/logo\/image\/"},"sameAs":["https:\/\/www.linkedin.com\/company\/646339\/"]}]}},"_links":{"self":[{"href":"https:\/\/www.batz.com\/es\/wp-json\/wp\/v2\/pages\/2601","targetHints":{"allow":["GET"]}}],"collection":[{"href":"https:\/\/www.batz.com\/es\/wp-json\/wp\/v2\/pages"}],"about":[{"href":"https:\/\/www.batz.com\/es\/wp-json\/wp\/v2\/types\/page"}],"author":[{"embeddable":true,"href":"https:\/\/www.batz.com\/es\/wp-json\/wp\/v2\/users\/1"}],"replies":[{"embeddable":true,"href":"https:\/\/www.batz.com\/es\/wp-json\/wp\/v2\/comments?post=2601"}],"version-history":[{"count":0,"href":"https:\/\/www.batz.com\/es\/wp-json\/wp\/v2\/pages\/2601\/revisions"}],"up":[{"embeddable":true,"href":"https:\/\/www.batz.com\/es\/wp-json\/wp\/v2\/pages\/1504"}],"wp:attachment":[{"href":"https:\/\/www.batz.com\/es\/wp-json\/wp\/v2\/media?parent=2601"}],"curies":[{"name":"wp","href":"https:\/\/api.w.org\/{rel}","templated":true}]}}