{"id":3785,"date":"2021-02-10T19:08:26","date_gmt":"2021-02-10T17:08:26","guid":{"rendered":"https:\/\/www.batz.com\/?page_id=3785"},"modified":"2025-06-12T12:36:31","modified_gmt":"2025-06-12T10:36:31","slug":"politica-privacidad","status":"publish","type":"page","link":"https:\/\/www.batz.com\/es\/politica-privacidad\/","title":{"rendered":"Pol\u00edtica de privacidad"},"content":{"rendered":"<p>[et_pb_section fb_built=\u00bb1&#8243; _builder_version=\u00bb3.22&#8243;][et_pb_row _builder_version=\u00bb3.25&#8243; background_size=\u00bbinitial\u00bb background_position=\u00bbtop_left\u00bb background_repeat=\u00bbrepeat\u00bb][et_pb_column type=\u00bb4_4&#8243; _builder_version=\u00bb3.25&#8243; custom_padding=\u00bb|||\u00bb custom_padding__hover=\u00bb|||\u00bb][et_pb_text module_class=\u00bblegal\u00bb _builder_version=\u00bb4.9.1&#8243; hover_enabled=\u00bb0&#8243; sticky_enabled=\u00bb0&#8243;]<\/p>\n<h1>Pol\u00edtica de privacidad<\/h1>\n<p>Mediante esta Pol\u00edtica, BATZ S. Coop. informa a los usuarios de sus recursos y servicios, acerca de su pol\u00edtica de protecci\u00f3n de datos de car\u00e1cter personal para que determinen, libre y voluntariamente, si desean facilitar los datos personales que se les puedan requerir o que se puedan obtener con motivo del acceso o uso de la Web y los servicios prestados.<\/p>\n<p>BATZ S. Coop. se reserva el derecho a modificar la presente pol\u00edtica para adaptarla a novedades legislativas o jurisprudenciales. En este supuesto, se anunciar\u00e1n en esta p\u00e1gina los cambios introducidos con razonable antelaci\u00f3n a su puesta en marcha.<\/p>\n<p>El responsable del tratamiento de sus datos es BATZ S. Coop., con domicilio en Barrio Torrea 2, 48140, Igorre \u2013 Vizcaya. y con CIF F48037600<\/p>\n<p>BATZ S.Coop. garantiza la seguridad y confidencialidad de los datos de car\u00e1cter personal que recoge o que le sean facilitados. A tal fin, tiene implantadas las medidas de seguridad de \u00edndole t\u00e9cnica y organizativa que son necesarias para evitar su alteraci\u00f3n, p\u00e9rdida, tratamiento o acceso no autorizados, de acuerdo con lo establecido la legislaci\u00f3n vigente.<\/p>\n<p>El Usuario es responsable de que la informaci\u00f3n que nos proporcione sea cierta. En caso de facilitarse datos de terceros, es responsabilidad del Usuario haberles informado previamente de todo lo dispuesto en este documento y obtener su consentimiento. A estos efectos, el Usuario responde de la veracidad de todos los datos que comunique y mantendr\u00e1 convenientemente actualizada la informaci\u00f3n facilitada, de tal forma que responda a su situaci\u00f3n real.<\/p>\n<h2><strong>Finalidades <\/strong><\/h2>\n<p>BATZ S. Coop. le informa que tratamos los datos de car\u00e1cter personal que nos facilita para;<\/p>\n<ul>\n<li>Facilitarle informaci\u00f3n<\/li>\n<li>Gestionar la relaci\u00f3n contractual que nos une.<\/li>\n<li>Gestionar la selecci\u00f3n de personal.<\/li>\n<li>Gestionar la seguridad y los accesos a nuestras instalaciones<\/li>\n<\/ul>\n<p>La no aceptaci\u00f3n de las finalidades, supondr\u00e1 en que no podremos realizar esa acci\u00f3n y por tanto no atender a sus necesidades.<\/p>\n<p>Datos que se tratan Los datos a tratar por BATZ S. Coop. en el marco de la relaci\u00f3n con el interesado y condicionado a las finalidades consentidas, se incluyen en las siguientes categor\u00edas:<\/p>\n<ul>\n<li>De car\u00e1cter identificativo<\/li>\n<li>Datos de contacto<\/li>\n<li>Datos econ\u00f3micos<\/li>\n<li>Caracter\u00edsticas Personales y Circunstancias Sociales.<\/li>\n<li>Datos Acad\u00e9micos y profesionales<\/li>\n<li>Ficheros de imagen y voz.<\/li>\n<li>Datos sobre su visita a nuestro sitio web y redes sociales seg\u00fan se describe en la secci\u00f3n \u201cUso de cookies\u201d.<\/li>\n<\/ul>\n<p>Siempre que solicitemos sus Datos personales, le informaremos con claridad de qu\u00e9 datos personales recogemos y con qu\u00e9 fin, y si es necesario, solicitaremos su consentimiento expl\u00edcito mediante el marcado de las correspondientes casillas en los formularios de solicitud de datos. Es importante que mantenga sus datos actualizados y nos notifique si cambian.<\/p>\n<p>En el caso de que usted nos proporcione datos personales sin petici\u00f3n por nuestra parte, tenga que cuenta que sus datos ser\u00e1n tratados para la provisi\u00f3n de los servicios solicitados con las condiciones expresadas en esta Pol\u00edtica de Privacidad.<\/p>\n<p>Conservaci\u00f3n de los datos Los datos personales proporcionados ser\u00e1n conservados el tiempo m\u00ednimo necesario para la ejecuci\u00f3n de la finalidad prevista, esto es:<\/p>\n<ul>\n<li>Personal: 5 a\u00f1os tras finalizar la relaci\u00f3n contractual<\/li>\n<li>Videovigilancia: 30 d\u00edas<\/li>\n<li>Otros datos: 2 a\u00f1os.<\/li>\n<\/ul>\n<p>Adem\u00e1s lo conservaremos el tiempo necesario para atender las responsabilidades que se pudieran derivar de la finalidad y de cualquier exigencia legal, o hasta que usted solicite su supresi\u00f3n.<\/p>\n<h2><strong>Destinatarios a los que se comunicar\u00e1n los datos <\/strong><\/h2>\n<p>Los datos no ser\u00e1n comunicados a terceros, salvo por necesidades operativas o requerimiento legal, y solo a encargados de tratamiento de confianza.<\/p>\n<h2><strong>Legitimaci\u00f3n para el tratamiento de sus datos <\/strong><\/h2>\n<p>La base legal para gestionar la relaci\u00f3n con los interesados y para ofrecer informaci\u00f3n sobre actividades, productos y servicios de BATZ S. Coop., vienen dados por el consentimiento expl\u00edcito del interesado o la relaci\u00f3n contractual que hayamos establecido.<\/p>\n<h2><strong>Derechos del interesado <\/strong><\/h2>\n<p>Cualquier persona tiene derecho a obtener confirmaci\u00f3n sobre si en BATZ S. Coop. estamos tratando datos personales que le conciernan o no y si lo estamos haciendo, puede ponerse en contacto con nosotros en cualquier momento para:<\/p>\n<ul>\n<li>Acceder a sus datos personales y a cualquier otra informaci\u00f3n indicada en el Art\u00edculo 15.1 del RGPD.<\/li>\n<li>Rectificar sus datos personales que sean inexactos o est\u00e9n incompletos de acuerdo con el Art\u00edculo 16 del RGPD.<\/li>\n<li>Suprimir sus datos personales de acuerdo con el Art\u00edculo 17 del RGPD.<\/li>\n<li>Limitar el tratamiento de sus datos personales de acuerdo con el Art\u00edculo 18 del RGPD.<\/li>\n<li>Solicitar la portabilidad de sus datos de acuerdo con el Art\u00edculo 20 del RGPD.<\/li>\n<li>Oponerse al tratamiento de sus datos personales de acuerdo con el art\u00edculo 21 del RGPD.<\/li>\n<\/ul>\n<p>Si ha otorgado su consentimiento para alguna finalidad concreta, tiene derecho a retirar el consentimiento otorgado en cualquier momento, sin que ello afecte a la licitud del tratamiento basado en el consentimiento previo a su retirada.<\/p>\n<p>Puede ejercer estos derechos enviando un mail a <a href=\"mailto:dataprotection@batz.com\">dataprotection@batz.com<\/a><\/p>\n<p>Finalmente, informamos a los interesados que pueden presentar una reclamaci\u00f3n relacionada con el tratamiento de sus datos personales ante la Autoridad de Control (<a href=\"http:\/\/www.aepd.es\">www.aepd.es<\/a>).<\/p>\n<p>Puede consultar informaci\u00f3n detallada sobre los requisitos, derechos y legislaci\u00f3n aplicable en materia de protecci\u00f3n de datos en <a href=\"http:\/\/www.agpd.es\">http:\/\/www.agpd.es<\/a><\/p>\n<p>Tiene una lista de preguntas frecuentes en <a href=\"https:\/\/sedeagpd.gob.es\/sede-electronica-web\/\">https:\/\/sedeagpd.gob.es\/sede-electronica-web\/<\/a><\/p>\n<p>[\/et_pb_text][\/et_pb_column][\/et_pb_row][\/et_pb_section]<\/p>\n","protected":false},"excerpt":{"rendered":"<p>[et_pb_section fb_built=\u00bb1&#8243; _builder_version=\u00bb3.22&#8243;][et_pb_row _builder_version=\u00bb3.25&#8243; background_size=\u00bbinitial\u00bb background_position=\u00bbtop_left\u00bb background_repeat=\u00bbrepeat\u00bb][et_pb_column type=\u00bb4_4&#8243; _builder_version=\u00bb3.25&#8243; custom_padding=\u00bb|||\u00bb custom_padding__hover=\u00bb|||\u00bb][et_pb_text module_class=\u00bblegal\u00bb _builder_version=\u00bb4.9.1&#8243; hover_enabled=\u00bb0&#8243; sticky_enabled=\u00bb0&#8243;] Pol\u00edtica de privacidad Mediante esta Pol\u00edtica, BATZ S. Coop. informa a los usuarios de sus recursos y servicios, acerca de su pol\u00edtica de protecci\u00f3n de datos de car\u00e1cter personal para que determinen, libre y voluntariamente, si desean facilitar los datos [&hellip;]<\/p>\n","protected":false},"author":1,"featured_media":0,"parent":0,"menu_order":110,"comment_status":"closed","ping_status":"closed","template":"","meta":{"_et_pb_use_builder":"on","_et_pb_old_content":"","_et_gb_content_width":"","inline_featured_image":false,"cybocfi_hide_featured_image":"","footnotes":""},"class_list":["post-3785","page","type-page","status-publish","hentry"],"yoast_head":"<!-- This site is optimized with the Yoast SEO plugin v27.3 - https:\/\/yoast.com\/product\/yoast-seo-wordpress\/ -->\n<title>Pol\u00edtica de privacidad - Batz<\/title>\n<meta name=\"robots\" content=\"noindex, follow\" \/>\n<meta property=\"og:locale\" content=\"es_ES\" \/>\n<meta property=\"og:type\" content=\"article\" \/>\n<meta property=\"og:title\" content=\"Pol\u00edtica de privacidad - Batz\" \/>\n<meta property=\"og:description\" content=\"[et_pb_section fb_built=\u00bb1&#8243; _builder_version=\u00bb3.22&#8243;][et_pb_row _builder_version=\u00bb3.25&#8243; background_size=\u00bbinitial\u00bb background_position=\u00bbtop_left\u00bb background_repeat=\u00bbrepeat\u00bb][et_pb_column type=\u00bb4_4&#8243; _builder_version=\u00bb3.25&#8243; custom_padding=\u00bb|||\u00bb custom_padding__hover=\u00bb|||\u00bb][et_pb_text module_class=\u00bblegal\u00bb _builder_version=\u00bb4.9.1&#8243; hover_enabled=\u00bb0&#8243; sticky_enabled=\u00bb0&#8243;] Pol\u00edtica de privacidad Mediante esta Pol\u00edtica, BATZ S. Coop. informa a los usuarios de sus recursos y servicios, acerca de su pol\u00edtica de protecci\u00f3n de datos de car\u00e1cter personal para que determinen, libre y voluntariamente, si desean facilitar los datos [&hellip;]\" \/>\n<meta property=\"og:url\" content=\"https:\/\/www.batz.com\/es\/politica-privacidad\/\" \/>\n<meta property=\"og:site_name\" content=\"Batz\" \/>\n<meta property=\"article:modified_time\" content=\"2025-06-12T10:36:31+00:00\" \/>\n<meta name=\"twitter:card\" content=\"summary_large_image\" \/>\n<meta name=\"twitter:label1\" content=\"Tiempo de lectura\" \/>\n\t<meta name=\"twitter:data1\" content=\"4 minutos\" \/>\n<script type=\"application\/ld+json\" class=\"yoast-schema-graph\">{\"@context\":\"https:\\\/\\\/schema.org\",\"@graph\":[{\"@type\":\"WebPage\",\"@id\":\"https:\\\/\\\/www.batz.com\\\/es\\\/politica-privacidad\\\/\",\"url\":\"https:\\\/\\\/www.batz.com\\\/es\\\/politica-privacidad\\\/\",\"name\":\"Pol\u00edtica de privacidad - Batz\",\"isPartOf\":{\"@id\":\"https:\\\/\\\/www.batz.com\\\/es\\\/#website\"},\"datePublished\":\"2021-02-10T17:08:26+00:00\",\"dateModified\":\"2025-06-12T10:36:31+00:00\",\"breadcrumb\":{\"@id\":\"https:\\\/\\\/www.batz.com\\\/es\\\/politica-privacidad\\\/#breadcrumb\"},\"inLanguage\":\"es\",\"potentialAction\":[{\"@type\":\"ReadAction\",\"target\":[\"https:\\\/\\\/www.batz.com\\\/es\\\/politica-privacidad\\\/\"]}]},{\"@type\":\"BreadcrumbList\",\"@id\":\"https:\\\/\\\/www.batz.com\\\/es\\\/politica-privacidad\\\/#breadcrumb\",\"itemListElement\":[{\"@type\":\"ListItem\",\"position\":1,\"name\":\"Portada\",\"item\":\"https:\\\/\\\/www.batz.com\\\/es\\\/\"},{\"@type\":\"ListItem\",\"position\":2,\"name\":\"Pol\u00edtica de privacidad\"}]},{\"@type\":\"WebSite\",\"@id\":\"https:\\\/\\\/www.batz.com\\\/es\\\/#website\",\"url\":\"https:\\\/\\\/www.batz.com\\\/es\\\/\",\"name\":\"Batz\",\"description\":\"Meeting your challenges\",\"publisher\":{\"@id\":\"https:\\\/\\\/www.batz.com\\\/es\\\/#organization\"},\"potentialAction\":[{\"@type\":\"SearchAction\",\"target\":{\"@type\":\"EntryPoint\",\"urlTemplate\":\"https:\\\/\\\/www.batz.com\\\/es\\\/?s={search_term_string}\"},\"query-input\":{\"@type\":\"PropertyValueSpecification\",\"valueRequired\":true,\"valueName\":\"search_term_string\"}}],\"inLanguage\":\"es\"},{\"@type\":\"Organization\",\"@id\":\"https:\\\/\\\/www.batz.com\\\/es\\\/#organization\",\"name\":\"Batz\",\"url\":\"https:\\\/\\\/www.batz.com\\\/es\\\/\",\"logo\":{\"@type\":\"ImageObject\",\"inLanguage\":\"es\",\"@id\":\"https:\\\/\\\/www.batz.com\\\/es\\\/#\\\/schema\\\/logo\\\/image\\\/\",\"url\":\"https:\\\/\\\/www.batz.com\\\/wp-content\\\/uploads\\\/2018\\\/08\\\/batz.png\",\"contentUrl\":\"https:\\\/\\\/www.batz.com\\\/wp-content\\\/uploads\\\/2018\\\/08\\\/batz.png\",\"width\":160,\"height\":44,\"caption\":\"Batz\"},\"image\":{\"@id\":\"https:\\\/\\\/www.batz.com\\\/es\\\/#\\\/schema\\\/logo\\\/image\\\/\"},\"sameAs\":[\"https:\\\/\\\/www.linkedin.com\\\/company\\\/646339\\\/\"]}]}<\/script>\n<!-- \/ Yoast SEO plugin. -->","yoast_head_json":{"title":"Pol\u00edtica de privacidad - Batz","robots":{"index":"noindex","follow":"follow"},"og_locale":"es_ES","og_type":"article","og_title":"Pol\u00edtica de privacidad - Batz","og_description":"[et_pb_section fb_built=\u00bb1&#8243; _builder_version=\u00bb3.22&#8243;][et_pb_row _builder_version=\u00bb3.25&#8243; background_size=\u00bbinitial\u00bb background_position=\u00bbtop_left\u00bb background_repeat=\u00bbrepeat\u00bb][et_pb_column type=\u00bb4_4&#8243; _builder_version=\u00bb3.25&#8243; custom_padding=\u00bb|||\u00bb custom_padding__hover=\u00bb|||\u00bb][et_pb_text module_class=\u00bblegal\u00bb _builder_version=\u00bb4.9.1&#8243; hover_enabled=\u00bb0&#8243; sticky_enabled=\u00bb0&#8243;] Pol\u00edtica de privacidad Mediante esta Pol\u00edtica, BATZ S. Coop. informa a los usuarios de sus recursos y servicios, acerca de su pol\u00edtica de protecci\u00f3n de datos de car\u00e1cter personal para que determinen, libre y voluntariamente, si desean facilitar los datos [&hellip;]","og_url":"https:\/\/www.batz.com\/es\/politica-privacidad\/","og_site_name":"Batz","article_modified_time":"2025-06-12T10:36:31+00:00","twitter_card":"summary_large_image","twitter_misc":{"Tiempo de lectura":"4 minutos"},"schema":{"@context":"https:\/\/schema.org","@graph":[{"@type":"WebPage","@id":"https:\/\/www.batz.com\/es\/politica-privacidad\/","url":"https:\/\/www.batz.com\/es\/politica-privacidad\/","name":"Pol\u00edtica de privacidad - Batz","isPartOf":{"@id":"https:\/\/www.batz.com\/es\/#website"},"datePublished":"2021-02-10T17:08:26+00:00","dateModified":"2025-06-12T10:36:31+00:00","breadcrumb":{"@id":"https:\/\/www.batz.com\/es\/politica-privacidad\/#breadcrumb"},"inLanguage":"es","potentialAction":[{"@type":"ReadAction","target":["https:\/\/www.batz.com\/es\/politica-privacidad\/"]}]},{"@type":"BreadcrumbList","@id":"https:\/\/www.batz.com\/es\/politica-privacidad\/#breadcrumb","itemListElement":[{"@type":"ListItem","position":1,"name":"Portada","item":"https:\/\/www.batz.com\/es\/"},{"@type":"ListItem","position":2,"name":"Pol\u00edtica de privacidad"}]},{"@type":"WebSite","@id":"https:\/\/www.batz.com\/es\/#website","url":"https:\/\/www.batz.com\/es\/","name":"Batz","description":"Meeting your challenges","publisher":{"@id":"https:\/\/www.batz.com\/es\/#organization"},"potentialAction":[{"@type":"SearchAction","target":{"@type":"EntryPoint","urlTemplate":"https:\/\/www.batz.com\/es\/?s={search_term_string}"},"query-input":{"@type":"PropertyValueSpecification","valueRequired":true,"valueName":"search_term_string"}}],"inLanguage":"es"},{"@type":"Organization","@id":"https:\/\/www.batz.com\/es\/#organization","name":"Batz","url":"https:\/\/www.batz.com\/es\/","logo":{"@type":"ImageObject","inLanguage":"es","@id":"https:\/\/www.batz.com\/es\/#\/schema\/logo\/image\/","url":"https:\/\/www.batz.com\/wp-content\/uploads\/2018\/08\/batz.png","contentUrl":"https:\/\/www.batz.com\/wp-content\/uploads\/2018\/08\/batz.png","width":160,"height":44,"caption":"Batz"},"image":{"@id":"https:\/\/www.batz.com\/es\/#\/schema\/logo\/image\/"},"sameAs":["https:\/\/www.linkedin.com\/company\/646339\/"]}]}},"_links":{"self":[{"href":"https:\/\/www.batz.com\/es\/wp-json\/wp\/v2\/pages\/3785","targetHints":{"allow":["GET"]}}],"collection":[{"href":"https:\/\/www.batz.com\/es\/wp-json\/wp\/v2\/pages"}],"about":[{"href":"https:\/\/www.batz.com\/es\/wp-json\/wp\/v2\/types\/page"}],"author":[{"embeddable":true,"href":"https:\/\/www.batz.com\/es\/wp-json\/wp\/v2\/users\/1"}],"replies":[{"embeddable":true,"href":"https:\/\/www.batz.com\/es\/wp-json\/wp\/v2\/comments?post=3785"}],"version-history":[{"count":0,"href":"https:\/\/www.batz.com\/es\/wp-json\/wp\/v2\/pages\/3785\/revisions"}],"wp:attachment":[{"href":"https:\/\/www.batz.com\/es\/wp-json\/wp\/v2\/media?parent=3785"}],"curies":[{"name":"wp","href":"https:\/\/api.w.org\/{rel}","templated":true}]}}